{"id":10160,"date":"2021-02-09T20:42:02","date_gmt":"2021-02-09T19:42:02","guid":{"rendered":"https:\/\/remediumbag.eu\/remediumwp\/?page_id=10160"},"modified":"2021-02-17T14:31:55","modified_gmt":"2021-02-17T13:31:55","slug":"ive-got-the-remedy-marka-weganska","status":"publish","type":"page","link":"https:\/\/remediumbag.eu\/remediumwp\/ive-got-the-remedy-marka-weganska\/","title":{"rendered":"Moje remedium &#8211; marka wega\u0144ska"},"content":{"rendered":"<style>.wp-block-kadence-spacer.kt-block-spacer-_64df64-08 .kt-block-spacer{height:60px;}.wp-block-kadence-spacer.kt-block-spacer-_64df64-08 .kt-divider{border-top-width:4px;border-top-color:#444;width:100%;border-top-style:solid;}<\/style>\n<div class=\"wp-block-kadence-spacer aligncenter kt-block-spacer-_64df64-08\"><div class=\"kt-block-spacer kt-block-spacer-halign-center\" style=\"height:60px\"><hr class=\"kt-divider\" style=\"border-top-color:rgba(68, 68, 68, 1);border-top-width:4px;width:100%;border-top-style:solid\"\/><\/div><\/div>\n\n\n\n<div class=\"is-layout-flex wp-container-3 wp-block-columns\">\n<div class=\"is-layout-flow wp-block-column\">\n<p>W niewielkiej pracowni powstaj\u0105 torby i dodatki &#8211; Remediumbag.<\/p>\n\n\n\n<p>Z potrzeby i przekonania, \u017ce mo\u017cna inaczej.&nbsp; Jak?<\/p>\n\n\n\n<p>Staram si\u0119 tworzy\u0107&nbsp; etycznie i odpowiedzialnie &#8211; <a aria-label=\" (opens in a new tab)\" href=\"https:\/\/remediumbag.eu\/remediumwp\/materialy\/\" target=\"_blank\" rel=\"noreferrer noopener\" class=\"rank-math-link\">wybieram materia\u0142y<\/a>, kt\u00f3re s\u0105 naturalne, takie, kt\u00f3re produkowane s\u0105 w spos\u00f3b odpowiedzialny (z surowc\u00f3w wt\u00f3rnych, lub nadaj\u0105cych si\u0119 do recyklingu) lub po prostu z materia\u0142\u00f3w z drugiej r\u0119ki &#8211; baner\u00f3w, siatek, element\u00f3w garderoby i innych. Wszystkie produkty i materia\u0142y s\u0105 wega\u0144skie.&nbsp;<\/p>\n\n\n\n<p>Z resztek tkanin po wykrojach powstaj\u0105 elementy dodatkowe jak saszetki, etui, ozdoby, przywieszki, metki, materia\u0142y reklamowe. <\/p>\n\n\n\n<h3>W ten spos\u00f3b marka, kt\u00f3r\u0105 za\u0142o\u017cy\u0142am &#8211; Remediumbag &#8211; to marka wega\u0144ska.<\/h3>\n\n\n\n<p>Dzi\u0119ki takim wyborom znajduj\u0119 materia\u0142y wyj\u0105tkowe, cz\u0119sto takie, kt\u00f3re nie s\u0105 ju\u017c produkowane. Tworz\u0119 kr\u00f3tkie kolekcje zmieniaj\u0105c materia\u0142y, a pracuj\u0119 na podstawowych modelach.<\/p>\n\n\n\n<h2>Inspiracje?<\/h2>\n\n\n\n<p>Pierwsza kolekcja w pracowni to <a aria-label=\" (opens in a new tab)\" href=\"https:\/\/remediumbag.eu\/remediumwp\/torba-z-papieru-kolekcja-origami-city\/\" target=\"_blank\" rel=\"noreferrer noopener\" class=\"rank-math-link\">Origamibag<\/a>, inspirowana star\u0105 japo\u0144sk\u0105 technik\u0105 sk\u0142adania papieru. Potrafi by\u0107 niezwykle skomplikowana, ale i zadziwiaj\u0105co prosta.<\/p>\n\n\n\n<p>Opakowania r\u00f3wnie\u017c wybieram z uwag\u0105 &#8211; torby s\u0105 papierowe, pude\u0142ka tekturowe, lub u\u017cywane powt\u00f3rnie. Jak pakuj\u0119 produkty do wysy\u0142ki przeczytacie <a aria-label=\"tutaj (opens in a new tab)\" href=\"https:\/\/remediumbag.eu\/remediumwp\/jak-pakujemy-produkty\/\" target=\"_blank\" rel=\"noreferrer noopener\" class=\"rank-math-link\">tutaj<\/a>.<\/p>\n\n\n\n<p>Mam nadziej\u0119, \u017ce udaje mi si\u0119 nadawa\u0107 tym przedmiotom now\u0105 funkcj\u0119 i niepowtarzalny wygl\u0105d, kt\u00f3ry przypadnie do gustu nie tylko niespokojnym duchom.&nbsp;<\/p>\n\n\n\n<p>Co si\u0119 dzieje w pracowni, nowinki i inspiracje znajdziecie na facebooku i instagramie lub w zapiskach na tej stronie. Ostatnio o moim podej\u015bciu do <a aria-label=\" (opens in a new tab)\" href=\"https:\/\/remediumbag.eu\/remediumwp\/moda-zrownowazona\/\" target=\"_blank\" rel=\"noreferrer noopener\" class=\"rank-math-link\">mody zr\u00f3wnowa\u017conej napisa\u0142am wi\u0119cej w kolejnym wpisie<\/a>.<\/p>\n\n\n\n<p>Sklep znajduje si\u0119 na li\u015bcie <a aria-label=\"sklep\u00f3w Wolnych od Futer (opens in a new tab)\" href=\"https:\/\/www.otwarteklatki.pl\/sklepy-wolne-od-futer\" target=\"_blank\" rel=\"noreferrer noopener\" class=\"rank-math-link\">sklep\u00f3w Wolnych od Futer<\/a>, kt\u00f3r\u0105 tworzy stowarzyszenie &#8220;Otwarte Klatki&#8221;. Wszystkie polskie marki znajduj\u0105 si\u0119 r\u00f3wnie\u017c na mi\u0119dzynarodowej li\u015bcie <a aria-label=\"Fur Free Retailers (opens in a new tab)\" href=\"https:\/\/furfreeretailer.com\/\" target=\"_blank\" rel=\"noreferrer noopener\" class=\"rank-math-link\">Fur Free Retailers<\/a>. <\/p>\n\n\n\n<p>Oczywi\u015bcie marka wega\u0144ska oznacza co\u015b wi\u0119cej &#8211; torebki s\u0105 z materia\u0142\u00f3w alternatywnych do sk\u00f3ry. Si\u0119gam po materia\u0142y naturalne i te obiecuj\u0105ce na przysz\u0142o\u015b\u0107, nowoczesne. Na pytanie &#8220;co to w\u0142a\u015bciwie znaczy torebka wega\u0144ska?&#8221; pr\u00f3buj\u0119 odpowiedzie\u0107 <a aria-label=\"tutaj (opens in a new tab)\" href=\"https:\/\/remediumbag.eu\/remediumwp\/torebka-weganska-co-to-wlasciwie-znaczy\/\" target=\"_blank\" rel=\"noreferrer noopener\" class=\"rank-math-link\">tutaj<\/a>.<\/p>\n<\/div>\n\n\n\n<div class=\"is-layout-flow wp-block-column\">\n<figure class=\"wp-block-image size-large is-style-default\"><img decoding=\"async\" width=\"382\" height=\"696\" src=\"https:\/\/remediumbag.eu\/remediumwp\/wp-content\/uploads\/2017\/12\/len_sterta_bw_pion.jpg\" alt=\"Remediumbag to marka wega\u0144ska zatem len jest tutaj wyborem naturalnym-\" class=\"wp-image-723\" srcset=\"https:\/\/remediumbag.eu\/remediumwp\/wp-content\/uploads\/2017\/12\/len_sterta_bw_pion.jpg 382w, https:\/\/remediumbag.eu\/remediumwp\/wp-content\/uploads\/2017\/12\/len_sterta_bw_pion-300x547.jpg 300w, https:\/\/remediumbag.eu\/remediumwp\/wp-content\/uploads\/2017\/12\/len_sterta_bw_pion-165x300.jpg 165w\" sizes=\"(max-width: 382px) 100vw, 382px\" title=\"\"><figcaption>fot. Aga Sierpowska<\/figcaption><\/figure>\n\n\n\n<p><\/p>\n\n\n\r\n\t\t\t\n\n<!-- Form created by Optin Forms plugin by WPKube: create beautiful optin forms with ease! -->\n<!-- https:\/\/wpkube.com\/ -->\n\t\t\t<div id=\"optinforms-form1-container\" class=\"optinforms-form-container\" >\r\n\t\t\t\t\t\t\t\t<form method=\"post\"  class=\"\" action=\"https:\/\/remediumbag.us17.list-manage.com\/subscribe\/post?u=abda1e62350360b6b59aea039&amp;id=10d5975cc8\" >\r\n\t\t\t\t\t\t\t\t\t\t<div id=\"optinforms-form1\" style=\"background:#FFFFFF; border-color:#ffffff\">\r\n\t\t\t\t\t\t<p id=\"optinforms-form1-title\" style=\"font-family:Damion; font-size:36px; line-height:36px; color:#eb432c\">Get Free Email Updates!<\/p>\r\n\t\t\t\t\t\t<p id=\"optinforms-form1-subtitle\" style=\"font-family:Dancing Script; font-size:20px; line-height:20px; color:#051a18\">Zapisz si\u0119 - wie\u015bci, nowo\u015bci, wydarzenia, opinie, inspiracje, oraz -15% na pierwsze zakupy!<\/p>\r\n\t\t\t\t\t\t<div id=\"optinforms-form1-name-field-container\">\r\n\t\t\t\t\t\t\t<input required type=\"text\" id=\"optinforms-form1-name-field\" name=\"OF_NAME\" placeholder=\"Twoje Imi\u0119\" style=\"font-family:Arial, Helvetica, sans-serif; font-size:12px; color:#666666\" \/>\r\n\t\t\t\t\t\t\t\r\n\t\t<input type=\"hidden\" name=\"FNAME\" autocomplete=\"off\" class=\"optinforms-mailchimp-field\" \/>\r\n\t\t<input type=\"hidden\" name=\"LNAME\" autocomplete=\"off\" class=\"optinforms-mailchimp-field\" \/>\r\n\r\n\t\t\t\t\t\t\t\t<\/div><!--optinforms-form1-name-field-container-->\r\n\t\t\t\t\t\t<div id=\"optinforms-form1-email-field-container\">\r\n\t\t\t\t\t\t\t<input required type=\"text\" id=\"optinforms-form1-email-field\" name=\"EMAIL\" placeholder=\"Tw\u00f3j adres e-mail\" style=\"font-family:Arial, Helvetica, sans-serif; font-size:12px; color:#666666\" \/>\r\n\t\t\t\t\t\t<\/div><!--optinforms-form1-email-field-container-->\r\n\t\t\t\t\t\t<div id=\"optinforms-form1-button-container\">\r\n\t\t\t\t\t\t\t<input type=\"submit\" name=\"submit\" id=\"optinforms-form1-button\" value=\"Zapisz si\u0119\" style=\"font-family:Arial, Helvetica, sans-serif; font-size:14px; color:#FFFFFF; background-color:#25d1bf\" \/>\r\n\t\t\t\t\t\t<\/div><!--optinforms-form1-button-container-->\r\n\t\t\t\t\t\t<div class=\"clear\"><\/div>\r\n\t\t\t\t\t\t\t<div class=\"optinforms-status-success-message\" style=\"display:none;\">Thank you for subscribing.<\/div>\r\n\t<div class=\"optinforms-status-error-message\" style=\"display:none;\">Something went wrong.<\/div>\r\n\t\t\t\t\t\t\t\r\n\t\t<div class=\"optinforms-confirm-checkbox optinforms-form1-confirm-checkbox\">\r\n\r\n\t\t\t<input type=\"checkbox\" required \/> I agree to have my personal information transfered to MailChimp ( <a href=\"https:\/\/mailchimp.com\/legal\/privacy\/\" target=\"_blank\" rel=\"noopener\">more information<\/a> )\r\n\t\t<\/div><!-- .optinforms-confirm-checkbox -->\r\n\r\n\t\t\t\t\t\t\t<p id=\"optinforms-form1-disclaimer\" style=\"font-family:Arial, Helvetica, sans-serif; font-size:12px; line-height:12px; color:#666666\">Podaje swoje dane, poniewa\u017c zgadzam si\u0119 na otrzymanie wie\u015bci i przysz\u0142ych newsletter\u00f3w z Pracowni Remedium. Je\u017celi nie b\u0119d\u0105 mi si\u0119 podoba\u0107, to po prostu si\u0119 wypisz\u0119.<\/p>\r\n\t\t\t\t\t<\/div><!--optinforms-form1-->\r\n\t\t\t\t\t<div class=\"clear\"><\/div>\r\n\t\t\t\t\t\t\t\t\t<\/form>\r\n\t\t\t<\/div><!--optinforms-form1-container-->\r\n\t\t\t<div class=\"clear\"><\/div>\r\n\t\t\t\n<!-- \/ Optin Forms -->\n\n\t\t\t<style type='text\/css'>#optinforms-form1-title{display:none;}<\/style>\t\t\r\n\t\t\n<\/div>\n<\/div>\n","protected":false},"excerpt":{"rendered":"<p>W niewielkiej pracowni powstaj\u0105 torby i dodatki &#8211; Remediumbag. Z potrzeby i przekonania, \u017ce mo\u017cna inaczej.&nbsp; Jak? Staram si\u0119 tworzy\u0107&nbsp; etycznie i odpowiedzialnie &#8211; wybieram materia\u0142y, kt\u00f3re s\u0105 naturalne, takie, kt\u00f3re produkowane s\u0105 w spos\u00f3b odpowiedzialny (z surowc\u00f3w wt\u00f3rnych, lub &hellip; <a href=\"https:\/\/remediumbag.eu\/remediumwp\/ive-got-the-remedy-marka-weganska\/\">Czytaj wi\u0119cej<\/a><\/p>\n","protected":false},"author":1,"featured_media":9628,"parent":0,"menu_order":0,"comment_status":"closed","ping_status":"closed","template":"","meta":{"kt_blocks_editor_width":""},"amp_enabled":true,"_links":{"self":[{"href":"https:\/\/remediumbag.eu\/remediumwp\/wp-json\/wp\/v2\/pages\/10160"}],"collection":[{"href":"https:\/\/remediumbag.eu\/remediumwp\/wp-json\/wp\/v2\/pages"}],"about":[{"href":"https:\/\/remediumbag.eu\/remediumwp\/wp-json\/wp\/v2\/types\/page"}],"author":[{"embeddable":true,"href":"https:\/\/remediumbag.eu\/remediumwp\/wp-json\/wp\/v2\/users\/1"}],"replies":[{"embeddable":true,"href":"https:\/\/remediumbag.eu\/remediumwp\/wp-json\/wp\/v2\/comments?post=10160"}],"version-history":[{"count":8,"href":"https:\/\/remediumbag.eu\/remediumwp\/wp-json\/wp\/v2\/pages\/10160\/revisions"}],"predecessor-version":[{"id":10433,"href":"https:\/\/remediumbag.eu\/remediumwp\/wp-json\/wp\/v2\/pages\/10160\/revisions\/10433"}],"wp:featuredmedia":[{"embeddable":true,"href":"https:\/\/remediumbag.eu\/remediumwp\/wp-json\/wp\/v2\/media\/9628"}],"wp:attachment":[{"href":"https:\/\/remediumbag.eu\/remediumwp\/wp-json\/wp\/v2\/media?parent=10160"}],"curies":[{"name":"wp","href":"https:\/\/api.w.org\/{rel}","templated":true}]}}