{"id":1028,"date":"2018-01-04T23:34:25","date_gmt":"2018-01-04T22:34:25","guid":{"rendered":"http:\/\/remediumbag.eu\/remediumwp\/?page_id=1028"},"modified":"2021-02-17T21:50:44","modified_gmt":"2021-02-17T20:50:44","slug":"polityka-cookies","status":"publish","type":"page","link":"https:\/\/remediumbag.eu\/remediumwp\/pracownia\/polityka-cookies\/","title":{"rendered":"Polityka cookies"},"content":{"rendered":"<div id=\"pl-1028\"  class=\"panel-layout\" ><div id=\"pg-1028-0\"  class=\"panel-grid panel-no-style\" ><div id=\"pgc-1028-0-0\"  class=\"panel-grid-cell\" ><div id=\"panel-1028-0-0-0\" class=\"so-panel widget widget_sow-editor panel-first-child panel-last-child\" data-index=\"0\" ><div class=\"panel-widget-style panel-widget-style-for-1028-0-0-0\" ><div\n\t\t\t\n\t\t\tclass=\"so-widget-sow-editor so-widget-sow-editor-base\"\n\t\t\t\n\t\t>\n<div class=\"siteorigin-widget-tinymce textwidget\">\n\t<\/div>\n<\/div><\/div><\/div><\/div><\/div><div id=\"pg-1028-1\"  class=\"panel-grid panel-no-style\" ><div id=\"pgc-1028-1-0\"  class=\"panel-grid-cell panel-grid-cell-empty\" ><\/div><div id=\"pgc-1028-1-1\"  class=\"panel-grid-cell\" ><div id=\"panel-1028-1-1-0\" class=\"so-panel widget widget_sow-editor panel-first-child panel-last-child\" data-index=\"1\" ><div\n\t\t\t\n\t\t\tclass=\"so-widget-sow-editor so-widget-sow-editor-base\"\n\t\t\t\n\t\t>\n<div class=\"siteorigin-widget-tinymce textwidget\">\n\t<h2><em>Droga U\u017cytkowniczko Internetu,<\/em><\/h2>\n<h2><em>Drogi U\u017cytkowniku Internetu,<\/em><\/h2>\n<h3>tutaj o tzw. ciasteczkach, czyli co to jest polityka cookies?<\/h3>\n<p>&nbsp;<\/p>\n<p>Ta strona internetowa zapisuje na Twoim komputerze, a dok\u0142adniej w schowku Twojej<br \/>\nprzegl\u0105darki internetowej (<em><strong>np. Firefox, Internet Explorer, Chrome<\/strong><\/em>) na Twoim koncie<br \/>\nu\u017cytkownika komputera (lub telefonu), na kt\u00f3rym \u0142\u0105czysz si\u0119 z Internetem, tzw. <strong>pliki cookie<\/strong>.<\/p>\n<p>Dzi\u0119ki plikom cookie wykorzystywanym na tej stronie internetowej w systemach statystyk<br \/>\ninternetowych autor tego bloga, wie jak wielu u\u017cytkownik\u00f3w na niego zagl\u0105da co konkretnie<br \/>\nczytaj\u0105, oraz co pomijaj\u0105. Pozwala to stale ulepsza\u0107 tego bloga. Dodatkowo pliki cookie<br \/>\nwykorzystywane na tej stronie internetowej do poprawnego dzia\u0142ania wtyczek<br \/>\nspo\u0142eczno\u015bciowych, kt\u00f3re pozwalaj\u0105 \u0142atwo publikowa\u0107 wpisy z tego bloga na stronach<br \/>\nserwis\u00f3w spo\u0142eczno\u015bciowych takich jak <em><strong>Facebook, Google+, Twitter czy Pinterest<\/strong><\/em>.<\/p>\n<p>Je\u017celi uwa\u017casz, \u017ce obecno\u015b\u0107 plik\u00f3w cookie narusza Twoj\u0105 prywatno\u015b\u0107, mo\u017cesz w ka\u017cdej<br \/>\nchwili je wy\u0142\u0105czy\u0107 \u2013 zar\u00f3wno dla konkretnej witryny albo w og\u00f3le dla wszystkich po\u0142\u0105cze\u0144 z<br \/>\nTwojej przegl\u0105darki.<\/p>\n<p>Pami\u0119taj, \u017ce mo\u017ce to skutkowa\u0107 brakiem mo\u017cliwo\u015bci dzia\u0142ania<br \/>\nwybranych funkcjonalno\u015bci stron internetowych.<\/p>\n<div class=\"space_40 clearfix\"><\/div>\n<p>&nbsp;<\/p>\n<h4>Polityka cookies zobowi\u0105zuj\u0119 - jak wy\u0142\u0105czy\u0107 pliki Cookie w Twojej przegl\u0105darce?<\/h4>\n<p>Poni\u017cej znajduj\u0105 si\u0119 instrukcje wy\u0142\u0105czenia plik\u00f3w Cookie w popularnych przegl\u0105darkach<br \/>\ninternetowych. Je\u017celi Twoja przegl\u0105darka nie pasuje do \u017cadnego z podanych poni\u017cej<br \/>\nopis\u00f3w, poszukaj pomocy na stronie tw\u00f3rcy przegl\u0105darki lub w jej pliku pomocy.<\/p>\n<div class=\"space_20 clearfix\"><\/div>\n<p>&nbsp;<\/p>\n<h5>Google Chrome<\/h5>\n<p>Przegl\u0105darka ta opr\u00f3cz mo\u017cliwo\u015bci wyczyszczenia plik\u00f3w cookie pozwala przejrze\u0107<br \/>\nszczeg\u00f3\u0142owy opis funkcji prywatno\u015bci przegl\u0105darki.<br \/>\nAby wyczy\u015bci\u0107 pliki cookies i inne dane przegl\u0105dania, kliknij na przycisk z trzema poziomymi<br \/>\nkreskami, kt\u00f3ry znajduje si\u0119 po prawej stronie paska adresu \u2013 z pojawiaj\u0105cego si\u0119 menu<br \/>\nwybierz \u201eNarz\u0119dzia\u201d a nast\u0119pnie \u201eWyczy\u015b\u0107 dane przegl\u0105dania\u201d. Szczeg\u00f3\u0142owy opis funkcji<br \/>\nprywatno\u015bci przegl\u0105darki znajduje si\u0119 pod linkiem \u201eWi\u0119cej informacji\u201d.<\/p>\n<div class=\"space_20 clearfix\"><\/div>\n<p>&nbsp;<\/p>\n<h5>Mozilla Firefox<\/h5>\n<p>Ta przegl\u0105darka udost\u0119pnia Ci mo\u017cliwo\u015b\u0107 okre\u015blenia czy nie chcesz by\u0107 \u015bledzony poprzez<br \/>\npliki cookie w og\u00f3le czy te\u017c chcesz usun\u0105\u0107 okre\u015blone pliki cookie konkretnych witryn<br \/>\ninternetowych.<br \/>\nAby okre\u015bli\u0107 te ustawienia w menu \u201eNarz\u0119dzia\u201d wybierz \u201eOpcje\u201d a w nich zak\u0142adk\u0119<br \/>\n\u201ePrywatno\u015b\u0107\u201d.<\/p>\n<div class=\"space_20 clearfix\"><\/div>\n<p>&nbsp;<\/p>\n<h5>Microsoft Internet Explorer<\/h5>\n<p>Dzi\u0119ki specjalnemu suwakowi mo\u017cesz okre\u015bli\u0107 og\u00f3lny poziom swoje prywano\u015bci. Dodatkowo<br \/>\nkorzystaj\u0105c z przycisku \u201eWitryny\u201d, mo\u017cesz decydowa\u0107 o ustawieniach dla konkretnych<br \/>\nserwis\u00f3w internetowych.<br \/>\nAby okre\u015bli\u0107 te ustawienia w menu \u201eNarz\u0119dzia\u201d wybierz \u201eOpcje internetowe\u201d a w nich<br \/>\nzak\u0142adk\u0119 \u201ePrywatno\u015b\u0107\u201d.<\/p>\n<div class=\"space_20 clearfix\"><\/div>\n<p>&nbsp;<\/p>\n<h5>Opera<\/h5>\n<p>Korzystaj\u0105c z przycisku \u201eOpera\u201d umieszczonego w lewym g\u00f3rnym rogu nale\u017cy otworzy\u0107<br \/>\nmenu oraz wybra\u0107 w nim \u201eUstawienia\u201d a dalej opcj\u0119 \u201eWyczy\u015b\u0107 histori\u0119 przegl\u0105dania\u201d.<br \/>\nDodatkowo znajduje si\u0119 tam przycisk \u201eZarz\u0105dzaj ciasteczkami\u2026\u201d, kt\u00f3ry pozwala na bardziej<br \/>\nzaawansowane zarz\u0105dzanie opcjami dla poszczeg\u00f3lnych stron internetowych.<\/p>\n<div class=\"space_20 clearfix\"><\/div>\n<h5>Apple Safari<\/h5>\n<p>Korzystaj\u0105c z menu \u201eSafari\u201d wybierz \u201ePreferencje\u201d a w nim zak\u0142adk\u0119 \u201ePrywatno\u015b\u0107\u201d. Zak\u0142adka<br \/>\nta zawiera rozbudowane opcje dotycz\u0105ce plik\u00f3w cookie.<\/p>\n<div class=\"space_20 clearfix\"><\/div>\n<h5><span style=\"color: #000080;\">Telefony kom\u00f3rkowe, tablety oraz inne urz\u0105dzenia mobilne<\/span><\/h5>\n<p>Ka\u017cdy rodzaj urz\u0105dzenia mobilnego, mo\u017ce obs\u0142ugiwa\u0107 tak\u0105 funkcjonalno\u015b\u0107 w inny spos\u00f3b<br \/>\nzale\u017cnie od rodzaju urz\u0105dzenia i wykorzystywanej platformy. Dlatego nale\u017cy zapozna\u0107 si\u0119 z<br \/>\nustawieniami prywatno\u015bci w pliku pomocy, dokumentacji lub instrukcji obs\u0142ugi danego<br \/>\nurz\u0105dzenia lub systemu operacyjnego.<\/p>\n<\/div>\n<\/div><\/div><\/div><div id=\"pgc-1028-1-2\"  class=\"panel-grid-cell\" ><div id=\"panel-1028-1-2-0\" class=\"so-panel widget widget_sow-image panel-first-child panel-last-child\" data-index=\"2\" ><div\n\t\t\t\n\t\t\tclass=\"so-widget-sow-image so-widget-sow-image-default-8b5b6f678277-1028\"\n\t\t\t\n\t\t>\n\n<div class=\"sow-image-container\">\n\t\t<img src=\"https:\/\/remediumbag.eu\/remediumwp\/wp-content\/uploads\/2019\/05\/newsletter_Remedium.jpg\" width=\"1080\" height=\"1080\" srcset=\"https:\/\/remediumbag.eu\/remediumwp\/wp-content\/uploads\/2019\/05\/newsletter_Remedium.jpg 1080w, https:\/\/remediumbag.eu\/remediumwp\/wp-content\/uploads\/2019\/05\/newsletter_Remedium-400x400.jpg 400w, https:\/\/remediumbag.eu\/remediumwp\/wp-content\/uploads\/2019\/05\/newsletter_Remedium-100x100.jpg 100w, https:\/\/remediumbag.eu\/remediumwp\/wp-content\/uploads\/2019\/05\/newsletter_Remedium-800x800.jpg 800w, https:\/\/remediumbag.eu\/remediumwp\/wp-content\/uploads\/2019\/05\/newsletter_Remedium-150x150.jpg 150w, https:\/\/remediumbag.eu\/remediumwp\/wp-content\/uploads\/2019\/05\/newsletter_Remedium-768x768.jpg 768w, https:\/\/remediumbag.eu\/remediumwp\/wp-content\/uploads\/2019\/05\/newsletter_Remedium-60x60.jpg 60w\" sizes=\"(max-width: 1080px) 100vw, 1080px\" alt=\"newslettter zaproszenie z Pracowni Remedium polityka cookies\" class=\"so-widget-image\" title=\"\">\n\t<\/div>\n\n<\/div><\/div><\/div><\/div><div id=\"pg-1028-2\"  class=\"panel-grid panel-no-style\" ><div id=\"pgc-1028-2-0\"  class=\"panel-grid-cell panel-grid-cell-empty\" ><\/div><div id=\"pgc-1028-2-1\"  class=\"panel-grid-cell panel-grid-cell-mobile-last\" ><div id=\"panel-1028-2-1-0\" class=\"so-panel widget widget_sow-editor panel-first-child panel-last-child\" data-index=\"3\" ><div\n\t\t\t\n\t\t\tclass=\"so-widget-sow-editor so-widget-sow-editor-base\"\n\t\t\t\n\t\t>\n<div class=\"siteorigin-widget-tinymce textwidget\">\n\t<hr \/>\n<p>Remediumbag jest mark\u0105 wega\u0144sk\u0105 \u2013 wszystkie torby i akcesoria wykonane s\u0105 z materia\u0142\u00f3w naturalnych lub alternatywnych do sk\u00f3ry. Sklep jest na oficjalnej li\u015bcie\u00a0<a class=\"rank-math-link\" href=\"https:\/\/www.otwarteklatki.pl\/sklepy-wolne-od-futer\" target=\"_blank\" rel=\"noopener\" aria-label=\"Sklep\u00f3w wolnych od futer (opens in a new tab)\">Sklep\u00f3w wolnych od futer<\/a>\u00a0w ramach akcji\u00a0<a class=\"rank-math-link\" href=\"https:\/\/www.otwarteklatki.pl\/\" target=\"_blank\" rel=\"noopener\" aria-label=\"Stowarzyszenia\u00a0Otwarte Klatki (opens in a new tab)\">Stowarzyszenia\u00a0Otwarte Klatki<\/a>.\u00a0Jednocze\u015bnie Remediumbag znajduje si\u0119 na mi\u0119dzynarodowej li\u015bcie dla marek i projektant\u00f3w \u2013 Fur Free Retailers.\u00a0 Znajduje si\u0119 ona\u00a0<a href=\"https:\/\/furfreeretailer.com\/\" target=\"_blank\" rel=\"noopener\">tutaj<\/a>.<\/p>\n<div class=\"wp-block-kadence-spacer aligncenter kt-block-spacer-_a530a3-6e\">\n<div class=\"kt-block-spacer kt-block-spacer-halign-center\">\n<hr class=\"kt-divider\" \/>\n<\/div>\n<\/div>\n<p>Przy zapisie na Newsletter, kt\u00f3ry wysy\u0142am raz w miesi\u0105cu, przesy\u0142am aktywny kupon na pierwsze zakupy ze zni\u017ck\u0105 -15%. Pisz\u0119 nie tylko o nowo\u015bciach w sklepie, zapowiedziach kolekcji, ale r\u00f3wnie\u017c o tym, co ciekawego s\u0142ycha\u0107 w \u015bwiecie odpowiedzialnej mody.\u00a0<a class=\"rank-math-link\" href=\"https:\/\/remediumbag.eu\/remediumwp\/newsletter-remediumbag-2019\/\" target=\"_blank\" rel=\"noopener\" aria-label=\"Zapraszam! (opens in a new tab)\">Zapraszam!<\/a><\/p>\n<\/div>\n<\/div><\/div><\/div><div id=\"pgc-1028-2-2\"  class=\"panel-grid-cell panel-grid-cell-empty\" ><\/div><\/div><\/div>","protected":false},"excerpt":{"rendered":"<p>Droga U\u017cytkowniczko Internetu, Drogi U\u017cytkowniku Internetu, tutaj o tzw. ciasteczkach, czyli co to jest polityka cookies? &nbsp; Ta strona internetowa zapisuje na Twoim komputerze, a dok\u0142adniej w schowku Twojej przegl\u0105darki internetowej (np. Firefox, Internet Explorer, Chrome) na Twoim koncie u\u017cytkownika &hellip; <a href=\"https:\/\/remediumbag.eu\/remediumwp\/pracownia\/polityka-cookies\/\">Czytaj wi\u0119cej<\/a><\/p>\n","protected":false},"author":1,"featured_media":0,"parent":424,"menu_order":0,"comment_status":"closed","ping_status":"closed","template":"","meta":{"kt_blocks_editor_width":""},"amp_enabled":true,"_links":{"self":[{"href":"https:\/\/remediumbag.eu\/remediumwp\/wp-json\/wp\/v2\/pages\/1028"}],"collection":[{"href":"https:\/\/remediumbag.eu\/remediumwp\/wp-json\/wp\/v2\/pages"}],"about":[{"href":"https:\/\/remediumbag.eu\/remediumwp\/wp-json\/wp\/v2\/types\/page"}],"author":[{"embeddable":true,"href":"https:\/\/remediumbag.eu\/remediumwp\/wp-json\/wp\/v2\/users\/1"}],"replies":[{"embeddable":true,"href":"https:\/\/remediumbag.eu\/remediumwp\/wp-json\/wp\/v2\/comments?post=1028"}],"version-history":[{"count":17,"href":"https:\/\/remediumbag.eu\/remediumwp\/wp-json\/wp\/v2\/pages\/1028\/revisions"}],"predecessor-version":[{"id":10480,"href":"https:\/\/remediumbag.eu\/remediumwp\/wp-json\/wp\/v2\/pages\/1028\/revisions\/10480"}],"up":[{"embeddable":true,"href":"https:\/\/remediumbag.eu\/remediumwp\/wp-json\/wp\/v2\/pages\/424"}],"wp:attachment":[{"href":"https:\/\/remediumbag.eu\/remediumwp\/wp-json\/wp\/v2\/media?parent=1028"}],"curies":[{"name":"wp","href":"https:\/\/api.w.org\/{rel}","templated":true}]}}