{"id":10668,"date":"2021-03-11T22:44:22","date_gmt":"2021-03-11T21:44:22","guid":{"rendered":"https:\/\/remediumbag.eu\/remediumwp\/?page_id=10668"},"modified":"2021-03-11T22:47:28","modified_gmt":"2021-03-11T21:47:28","slug":"newsletter-remediumbag-1","status":"publish","type":"page","link":"https:\/\/remediumbag.eu\/remediumwp\/newsletter-remediumbag-1\/","title":{"rendered":"Newsletter, wie\u015bci z Pracowni Remedium"},"content":{"rendered":"<div id=\"pl-10668\"  class=\"panel-layout\" ><div id=\"pg-10668-0\"  class=\"panel-grid panel-has-style\" ><div class=\"lsow-dark-bg panel-row-style panel-row-style-for-10668-0\" ><div id=\"pgc-10668-0-0\"  class=\"panel-grid-cell panel-grid-cell-empty\" ><\/div><\/div><\/div><div id=\"pg-10668-1\"  class=\"panel-grid panel-no-style\" ><div id=\"pgc-10668-1-0\"  class=\"panel-grid-cell\" ><div id=\"panel-10668-1-0-0\" class=\"so-panel widget widget_sow-editor panel-first-child panel-last-child\" data-index=\"0\" ><div\n\t\t\t\n\t\t\tclass=\"so-widget-sow-editor so-widget-sow-editor-base\"\n\t\t\t\n\t\t>\n<div class=\"siteorigin-widget-tinymce textwidget\">\n\t<p>&nbsp;<\/p>\n<p>Remediumbag jest mark\u0105 wega\u0144sk\u0105 \u2013 wszystkie torby i akcesoria wykonane s\u0105 z materia\u0142\u00f3w naturalnych lub alternatywnych do sk\u00f3ry. Sklep jest na oficjalnej li\u015bcie <a class=\"rank-math-link\" href=\"https:\/\/www.otwarteklatki.pl\/sklepy-wolne-od-futer\" target=\"_blank\" rel=\"noopener\" aria-label=\"Sklep\u00f3w wolnych od futer (opens in a new tab)\">Sklep\u00f3w wolnych od futer<\/a>\u00a0w ramach akcji\u00a0<a class=\"rank-math-link\" href=\"https:\/\/www.otwarteklatki.pl\/\" target=\"_blank\" rel=\"noopener\" aria-label=\"Stowarzyszenia\u00a0Otwarte Klatki (opens in a new tab)\">Stowarzyszenia\u00a0Otwarte Klatki<\/a>.\u00a0Jednocze\u015bnie Remediumbag znajduje si\u0119 na mi\u0119dzynarodowej li\u015bcie dla marek i projektant\u00f3w \u2013 Fur Free Retailers.\u00a0 Znajduje si\u0119 ona\u00a0<a href=\"https:\/\/furfreeretailer.com\/\" target=\"_blank\" rel=\"noopener\">tutaj<\/a>.<\/p>\n<hr \/>\n<p>Marka Remediumbag otrzyma\u0142a w 2020 rekomendacj\u0119 <a href=\"http:\/\/modopolis.pl\/\" target=\"_blank\" rel=\"noopener\">Modopolis - III Forum Mody Polskiej<\/a>. Jest to coroczne wydarzenie organizowane prze Art Inkubator w \u0141odzi.<\/p>\n<hr \/>\n<p>Oczywi\u015bcie marka wega\u0144ska oznacza co\u015b wi\u0119cej \u2013 torebki s\u0105 z materia\u0142\u00f3w alternatywnych do sk\u00f3ry. Si\u0119gam po materia\u0142y naturalne i te obiecuj\u0105ce na przysz\u0142o\u015b\u0107, nowoczesne. Na pytanie \u201cco to w\u0142a\u015bciwie znaczy torebka wega\u0144ska?\u201d pr\u00f3buj\u0119 odpowiedzie\u0107\u00a0<a class=\"rank-math-link\" href=\"https:\/\/remediumbag.eu\/remediumwp\/torebka-weganska-co-to-wlasciwie-znaczy\/\" target=\"_blank\" rel=\"noopener\" aria-label=\"tutaj (opens in a new tab)\">tutaj<\/a>.<\/p>\n<hr \/>\n<h3>Na czym polega Newsletter?<\/h3>\n<p>Przy zapisie na Newsletter przesy\u0142am aktywny kupon na pierwsze zakupy ze zni\u017ck\u0105 -15%. Newsletter wysy\u0142am 1 lub 2 razy w miesi\u0105cu zazwyczaj <strong>na ko\u0144cu ka\u017cdego\u00a0 miesi\u0105ca.<\/strong>\u00a0Pisz\u0119 nie tylko o nowo\u015bciach w sklepie, zapowiedziach kolekcji, ale r\u00f3wnie\u017c o tym, co ciekawego s\u0142ycha\u0107 w \u015bwiecie odpowiedzialnej mody.\u00a0Zapraszam!<\/p>\n<\/div>\n<\/div><\/div><\/div><div id=\"pgc-10668-1-1\"  class=\"panel-grid-cell\" ><div id=\"panel-10668-1-1-0\" class=\"so-panel widget widget_sow-image panel-first-child\" data-index=\"1\" ><div\n\t\t\t\n\t\t\tclass=\"so-widget-sow-image so-widget-sow-image-default-8b5b6f678277-10668\"\n\t\t\t\n\t\t>\n\n<div class=\"sow-image-container\">\n\t\t<img src=\"https:\/\/remediumbag.eu\/remediumwp\/wp-content\/uploads\/2021\/03\/FFR_Logo_HR_PL4.png\" width=\"827\" height=\"827\" srcset=\"https:\/\/remediumbag.eu\/remediumwp\/wp-content\/uploads\/2021\/03\/FFR_Logo_HR_PL4.png 827w, https:\/\/remediumbag.eu\/remediumwp\/wp-content\/uploads\/2021\/03\/FFR_Logo_HR_PL4-400x400.png 400w, https:\/\/remediumbag.eu\/remediumwp\/wp-content\/uploads\/2021\/03\/FFR_Logo_HR_PL4-800x800.png 800w, https:\/\/remediumbag.eu\/remediumwp\/wp-content\/uploads\/2021\/03\/FFR_Logo_HR_PL4-150x150.png 150w, https:\/\/remediumbag.eu\/remediumwp\/wp-content\/uploads\/2021\/03\/FFR_Logo_HR_PL4-768x768.png 768w, https:\/\/remediumbag.eu\/remediumwp\/wp-content\/uploads\/2021\/03\/FFR_Logo_HR_PL4-60x60.png 60w, https:\/\/remediumbag.eu\/remediumwp\/wp-content\/uploads\/2021\/03\/FFR_Logo_HR_PL4-100x100.png 100w\" sizes=\"(max-width: 827px) 100vw, 827px\" alt=\"sklepy wolne od futer\" class=\"so-widget-image\" title=\"\">\n\t<\/div>\n\n<\/div><\/div><div id=\"panel-10668-1-1-1\" class=\"so-panel widget widget_sow-image panel-last-child\" data-index=\"2\" ><div\n\t\t\t\n\t\t\tclass=\"so-widget-sow-image so-widget-sow-image-default-8b5b6f678277-10668\"\n\t\t\t\n\t\t>\n\n<div class=\"sow-image-container\">\n\t\t<img src=\"https:\/\/remediumbag.eu\/remediumwp\/wp-content\/uploads\/2021\/03\/stempel_czarny.png\" width=\"1772\" height=\"1772\" srcset=\"https:\/\/remediumbag.eu\/remediumwp\/wp-content\/uploads\/2021\/03\/stempel_czarny.png 1772w, https:\/\/remediumbag.eu\/remediumwp\/wp-content\/uploads\/2021\/03\/stempel_czarny-800x800.png 800w, https:\/\/remediumbag.eu\/remediumwp\/wp-content\/uploads\/2021\/03\/stempel_czarny-1500x1500.png 1500w, https:\/\/remediumbag.eu\/remediumwp\/wp-content\/uploads\/2021\/03\/stempel_czarny-150x150.png 150w, https:\/\/remediumbag.eu\/remediumwp\/wp-content\/uploads\/2021\/03\/stempel_czarny-768x768.png 768w, https:\/\/remediumbag.eu\/remediumwp\/wp-content\/uploads\/2021\/03\/stempel_czarny-1536x1536.png 1536w, https:\/\/remediumbag.eu\/remediumwp\/wp-content\/uploads\/2021\/03\/stempel_czarny-60x60.png 60w, https:\/\/remediumbag.eu\/remediumwp\/wp-content\/uploads\/2021\/03\/stempel_czarny-400x400.png 400w, https:\/\/remediumbag.eu\/remediumwp\/wp-content\/uploads\/2021\/03\/stempel_czarny-1200x1200.png 1200w, https:\/\/remediumbag.eu\/remediumwp\/wp-content\/uploads\/2021\/03\/stempel_czarny-100x100.png 100w\" sizes=\"(max-width: 1772px) 100vw, 1772px\" alt=\"rekomendacja modopolis 2020\" class=\"so-widget-image\" title=\"\">\n\t<\/div>\n\n<\/div><\/div><\/div><\/div><div id=\"pg-10668-2\"  class=\"panel-grid panel-no-style\" ><div id=\"pgc-10668-2-0\"  class=\"panel-grid-cell\" ><div id=\"panel-10668-2-0-0\" class=\"so-panel widget widget_text panel-first-child panel-last-child\" data-index=\"3\" >\t\t\t<div class=\"textwidget\"><p><!-- Form created by Optin Forms plugin by WPKube: create beautiful optin forms with ease! --><br \/>\n<!-- https:\/\/wpkube.com\/ --><\/p>\n<div id=\"optinforms-form1-container\" class=\"optinforms-form-container\" >\n<form method=\"post\"  class=\"\" action=\"https:\/\/remediumbag.us17.list-manage.com\/subscribe\/post?u=abda1e62350360b6b59aea039&amp;id=10d5975cc8\" >\n<div id=\"optinforms-form1\" style=\"background:#FFFFFF; border-color:#ffffff\">\n<p id=\"optinforms-form1-title\" style=\"font-family:Damion; font-size:36px; line-height:36px; color:#eb432c\">Get Free Email Updates!<\/p>\n<p id=\"optinforms-form1-subtitle\" style=\"font-family:Dancing Script; font-size:20px; line-height:20px; color:#051a18\">Zapisz si\u0119 &#8211; wie\u015bci, nowo\u015bci, wydarzenia, opinie, inspiracje, oraz -15% na pierwsze zakupy!<\/p>\n<div id=\"optinforms-form1-name-field-container\">\n\t\t\t\t\t\t\t<input required type=\"text\" id=\"optinforms-form1-name-field\" name=\"OF_NAME\" placeholder=\"Twoje Imi\u0119\" style=\"font-family:Arial, Helvetica, sans-serif; font-size:12px; color:#666666\" \/><\/p>\n<p>\t\t<input type=\"hidden\" name=\"FNAME\" autocomplete=\"off\" class=\"optinforms-mailchimp-field\" \/><br \/>\n\t\t<input type=\"hidden\" name=\"LNAME\" autocomplete=\"off\" class=\"optinforms-mailchimp-field\" \/><\/p><\/div>\n<p><!--optinforms-form1-name-field-container--><\/p>\n<div id=\"optinforms-form1-email-field-container\">\n\t\t\t\t\t\t\t<input required type=\"text\" id=\"optinforms-form1-email-field\" name=\"EMAIL\" placeholder=\"Tw\u00f3j adres e-mail\" style=\"font-family:Arial, Helvetica, sans-serif; font-size:12px; color:#666666\" \/>\n\t\t\t\t\t\t<\/div>\n<p><!--optinforms-form1-email-field-container--><\/p>\n<div id=\"optinforms-form1-button-container\">\n\t\t\t\t\t\t\t<input type=\"submit\" name=\"submit\" id=\"optinforms-form1-button\" value=\"Zapisz si\u0119\" style=\"font-family:Arial, Helvetica, sans-serif; font-size:14px; color:#FFFFFF; background-color:#25d1bf\" \/>\n\t\t\t\t\t\t<\/div>\n<p><!--optinforms-form1-button-container--><\/p>\n<div class=\"clear\"><\/div>\n<div class=\"optinforms-status-success-message\" style=\"display:none;\">Thank you for subscribing.<\/div>\n<div class=\"optinforms-status-error-message\" style=\"display:none;\">Something went wrong.<\/div>\n<div class=\"optinforms-confirm-checkbox optinforms-form1-confirm-checkbox\">\n<p>\t\t\t<input type=\"checkbox\" required \/> I agree to have my personal information transfered to MailChimp ( <a href=\"https:\/\/mailchimp.com\/legal\/privacy\/\" target=\"_blank\" rel=\"noopener\">more information<\/a> )\n\t\t<\/div>\n<p><!-- .optinforms-confirm-checkbox --><\/p>\n<p id=\"optinforms-form1-disclaimer\" style=\"font-family:Arial, Helvetica, sans-serif; font-size:12px; line-height:12px; color:#666666\">Podaje swoje dane, poniewa\u017c zgadzam si\u0119 na otrzymanie wie\u015bci i przysz\u0142ych newsletter\u00f3w z Pracowni Remedium. Je\u017celi nie b\u0119d\u0105 mi si\u0119 podoba\u0107, to po prostu si\u0119 wypisz\u0119.<\/p>\n<\/p><\/div>\n<p><!--optinforms-form1--><\/p>\n<div class=\"clear\"><\/div>\n<\/p><\/form>\n<\/p><\/div>\n<p><!--optinforms-form1-container--><\/p>\n<div class=\"clear\"><\/div>\n<p><!-- \/ Optin Forms --><\/p>\n<style type='text\/css'>#optinforms-form1-title{display:none;}<\/style>\n<\/div>\n\t\t<\/div><\/div><div id=\"pgc-10668-2-1\"  class=\"panel-grid-cell\" ><div id=\"panel-10668-2-1-0\" class=\"so-panel widget widget_sow-image panel-first-child panel-last-child\" data-index=\"4\" ><div\n\t\t\t\n\t\t\tclass=\"so-widget-sow-image so-widget-sow-image-default-8b5b6f678277-10668\"\n\t\t\t\n\t\t>\n\n<div class=\"sow-image-container\">\n\t\t<img src=\"https:\/\/remediumbag.eu\/remediumwp\/wp-content\/uploads\/2019\/08\/envelope_bag_paper_xl_czeko_front1.jpg\" width=\"621\" height=\"700\" srcset=\"https:\/\/remediumbag.eu\/remediumwp\/wp-content\/uploads\/2019\/08\/envelope_bag_paper_xl_czeko_front1.jpg 621w, https:\/\/remediumbag.eu\/remediumwp\/wp-content\/uploads\/2019\/08\/envelope_bag_paper_xl_czeko_front1-400x451.jpg 400w, https:\/\/remediumbag.eu\/remediumwp\/wp-content\/uploads\/2019\/08\/envelope_bag_paper_xl_czeko_front1-355x400.jpg 355w, https:\/\/remediumbag.eu\/remediumwp\/wp-content\/uploads\/2019\/08\/envelope_bag_paper_xl_czeko_front1-600x676.jpg 600w, https:\/\/remediumbag.eu\/remediumwp\/wp-content\/uploads\/2019\/08\/envelope_bag_paper_xl_czeko_front1-532x600.jpg 532w, https:\/\/remediumbag.eu\/remediumwp\/wp-content\/uploads\/2019\/08\/envelope_bag_paper_xl_czeko_front1-370x417.jpg 370w\" sizes=\"(max-width: 621px) 100vw, 621px\" title=\"kopert\u00f3wka origami Love Letters\" alt=\"inspiracja - koperta newsletter - love letters torba z papieru do prania, kt\u00f3ra wygl\u0105da jak tekturowa koperta\" \t\tclass=\"so-widget-image\"\/>\n\t<\/div>\n\n<\/div><\/div><\/div><\/div><\/div>","protected":false},"excerpt":{"rendered":"<p>&nbsp; Remediumbag jest mark\u0105 wega\u0144sk\u0105 \u2013 wszystkie torby i akcesoria wykonane s\u0105 z materia\u0142\u00f3w naturalnych lub alternatywnych do sk\u00f3ry. Sklep jest na oficjalnej li\u015bcie Sklep\u00f3w wolnych od futer\u00a0w ramach akcji\u00a0Stowarzyszenia\u00a0Otwarte Klatki.\u00a0Jednocze\u015bnie Remediumbag znajduje si\u0119 na mi\u0119dzynarodowej li\u015bcie dla marek i &hellip; <a href=\"https:\/\/remediumbag.eu\/remediumwp\/newsletter-remediumbag-1\/\">Czytaj wi\u0119cej<\/a><\/p>\n","protected":false},"author":1,"featured_media":8372,"parent":0,"menu_order":0,"comment_status":"closed","ping_status":"closed","template":"","meta":{"kt_blocks_editor_width":""},"amp_enabled":true,"_links":{"self":[{"href":"https:\/\/remediumbag.eu\/remediumwp\/wp-json\/wp\/v2\/pages\/10668"}],"collection":[{"href":"https:\/\/remediumbag.eu\/remediumwp\/wp-json\/wp\/v2\/pages"}],"about":[{"href":"https:\/\/remediumbag.eu\/remediumwp\/wp-json\/wp\/v2\/types\/page"}],"author":[{"embeddable":true,"href":"https:\/\/remediumbag.eu\/remediumwp\/wp-json\/wp\/v2\/users\/1"}],"replies":[{"embeddable":true,"href":"https:\/\/remediumbag.eu\/remediumwp\/wp-json\/wp\/v2\/comments?post=10668"}],"version-history":[{"count":24,"href":"https:\/\/remediumbag.eu\/remediumwp\/wp-json\/wp\/v2\/pages\/10668\/revisions"}],"predecessor-version":[{"id":10697,"href":"https:\/\/remediumbag.eu\/remediumwp\/wp-json\/wp\/v2\/pages\/10668\/revisions\/10697"}],"wp:featuredmedia":[{"embeddable":true,"href":"https:\/\/remediumbag.eu\/remediumwp\/wp-json\/wp\/v2\/media\/8372"}],"wp:attachment":[{"href":"https:\/\/remediumbag.eu\/remediumwp\/wp-json\/wp\/v2\/media?parent=10668"}],"curies":[{"name":"wp","href":"https:\/\/api.w.org\/{rel}","templated":true}]}}