{"id":11290,"date":"2022-04-12T20:01:52","date_gmt":"2022-04-12T18:01:52","guid":{"rendered":"https:\/\/remediumbag.eu\/remediumwp\/?page_id=11290"},"modified":"2022-04-12T20:01:52","modified_gmt":"2022-04-12T18:01:52","slug":"sposoby-wysylki","status":"publish","type":"page","link":"https:\/\/remediumbag.eu\/remediumwp\/pracownia\/sposoby-wysylki\/","title":{"rendered":"sposoby wysy\u0142ki"},"content":{"rendered":"<div id=\"pl-11290\"  class=\"panel-layout\" ><div id=\"pg-11290-0\"  class=\"panel-grid panel-has-style\" ><div class=\"lsow-dark-bg panel-row-style panel-row-style-for-11290-0\" ><div id=\"pgc-11290-0-0\"  class=\"panel-grid-cell panel-grid-cell-empty\" ><\/div><\/div><\/div><div id=\"pg-11290-1\"  class=\"panel-grid panel-no-style\" ><div id=\"pgc-11290-1-0\"  class=\"panel-grid-cell\" ><div id=\"panel-11290-1-0-0\" class=\"so-panel widget widget_sow-editor panel-first-child\" data-index=\"0\" ><div\n\t\t\t\n\t\t\tclass=\"so-widget-sow-editor so-widget-sow-editor-base\"\n\t\t\t\n\t\t>\n<div class=\"siteorigin-widget-tinymce textwidget\">\n\t<h1>Chc\u0119 z\u0142o\u017cy\u0107 zam\u00f3wienie - jakie s\u0105 sposoby wysy\u0142ki ?<\/h1>\n<h5>Napisz do mnie w razie w\u0105tpliwo\u015bci. Zam\u00f3wienia w formie osobistego kontaktu (prawdziwe slow fashion!) r\u00f3wnie\u017c mile widziane.<\/h5>\n<p>Zgodnie z <a href=\"https:\/\/remediumbag.eu\/remediumwp\/regulamin\/\">regulaminem sklepu<\/a> zakupione produkty wysy\u0142amy w nast\u0119puj\u0105cy spos\u00f3b:<\/p>\n<ol>\n<li>przesy\u0142ka za po\u015brednictwem firmy kurierskiej Poczta Polska lub Paczkomaty InPost \u2013 koszt 12-20 z\u0142 (w zale\u017cno\u015bci od wielko\u015bci paczki), <strong>orientacyjny czas dostawy: 3 dni od chwili realizacji zam\u00f3wienia<\/strong>,<\/li>\n<li>odbi\u00f3r osobisty w siedzibie Sklepu w \u0141odzi.<\/li>\n<li>przesy\u0142ka\u00a0 darmowa przy zakupach o \u0142\u0105cznej warto\u015bci powy\u017cej 300 z\u0142 - w tym przypadku r\u00f3wnie\u017c prosz\u0119 wybra\u0107 form\u0119 przesy\u0142ki.<\/li>\n<\/ol>\n<p>Po osobistym kontakcie mo\u017cliwe jest r\u00f3wnie\u017c nadanie paczki w dowolnej firmie kurierskiej.<\/p>\n<p>Wyb\u00f3r przesy\u0142ki pojawia si\u0119 automatycznie w formularzy w trakcie sk\u0142adania zam\u00f3wienia w sklepie. Widoczne b\u0119d\u0105 r\u00f3wnie\u017c koszty przesy\u0142ki.<\/p>\n<h5>Dzi\u0119kuj\u0119!<br \/>\nAgnieszka.<\/h5>\n<\/div>\n<\/div><\/div><div id=\"panel-11290-1-0-1\" class=\"so-panel widget widget_sow-editor panel-last-child\" data-index=\"1\" ><div\n\t\t\t\n\t\t\tclass=\"so-widget-sow-editor so-widget-sow-editor-base\"\n\t\t\t\n\t\t>\n<div class=\"siteorigin-widget-tinymce textwidget\">\n\t<hr \/>\n<p><strong>Przy zapisie na Newsletter, kt\u00f3ry wysy\u0142am raz w miesi\u0105cu, przesy\u0142am aktywny <a href=\"https:\/\/remediumbag.eu\/remediumwp\/newsletter-remediumbag-2019\/\">kupon na pierwsze zakupy ze zni\u017ck\u0105 -15%<\/a>. Pisz\u0119 nie tylko o nowo\u015bciach w sklepie, zapowiedziach kolekcji, ale r\u00f3wnie\u017c o tym, co ciekawego s\u0142ycha\u0107 w \u015bwiecie odpowiedzialnej mody. Zapraszam!<\/strong><\/p>\n<hr \/>\n<p>&nbsp;<\/p>\n<\/div>\n<\/div><\/div><\/div><div id=\"pgc-11290-1-1\"  class=\"panel-grid-cell\" ><div id=\"panel-11290-1-1-0\" class=\"so-panel widget widget_widget_kadence_contact widget_kadence_contact panel-first-child\" data-index=\"2\" ><div class=\"panel-widget-style panel-widget-style-for-11290-1-1-0\" >    <div class=\"vcard\">\n      \n      <h5 class=\"vcard-company\"><i class=\"icon-building\"><\/i>Pracownia Remedium<\/h5>      <p class=\"vcard-name\"><i class=\"icon-user\"><\/i>Aga Sierpowska-Bartosik<\/p>              <p class=\"vcard-address\"><i class=\"icon-map-marker\"><\/i>ul. Barska 16       <span>\u0141\u00f3d\u017a Polska 94-215<\/span><\/p>\n           <p class=\"tel\"><i class=\"icon-tablet\"><\/i> 607076714<\/p>            <p><a class=\"email\" href=\"mailto:&#97;&#103;n&#105;eszka&#64;&#114;e&#109;e&#100;&#105;u&#109;&#98;&#97;g&#46;eu\"><i class=\"icon-envelope\"><\/i> &#97;&#103;&#110;&#105;&#101;s&#122;k&#97;&#64;&#114;emed&#105;&#117;&#109;b&#97;&#103;.eu<\/a><\/p>     <\/div>\n      <\/div><\/div><div id=\"panel-11290-1-1-1\" class=\"so-panel widget widget_black-studio-tinymce widget_black_studio_tinymce\" data-index=\"3\" ><div class=\"textwidget\"><p>\r\n\t\t\t\n\n<!-- Form created by Optin Forms plugin by WPKube: create beautiful optin forms with ease! -->\n<!-- https:\/\/wpkube.com\/ -->\n\t\t\t<div id=\"optinforms-form1-container\" class=\"optinforms-form-container\" >\r\n\t\t\t\t\t\t\t\t<form method=\"post\"  class=\"\" action=\"https:\/\/remediumbag.us17.list-manage.com\/subscribe\/post?u=abda1e62350360b6b59aea039&amp;id=10d5975cc8\" >\r\n\t\t\t\t\t\t\t\t\t\t<div id=\"optinforms-form1\" style=\"background:#FFFFFF; border-color:#ffffff\">\r\n\t\t\t\t\t\t<p id=\"optinforms-form1-title\" style=\"font-family:Damion; font-size:36px; line-height:36px; color:#eb432c\">Get Free Email Updates!<\/p>\r\n\t\t\t\t\t\t<p id=\"optinforms-form1-subtitle\" style=\"font-family:Dancing Script; font-size:20px; line-height:20px; color:#051a18\">Zapisz si\u0119 - wie\u015bci, nowo\u015bci, wydarzenia, opinie, inspiracje, oraz -15% na pierwsze zakupy!<\/p>\r\n\t\t\t\t\t\t<div id=\"optinforms-form1-name-field-container\">\r\n\t\t\t\t\t\t\t<input required type=\"text\" id=\"optinforms-form1-name-field\" name=\"OF_NAME\" placeholder=\"Twoje Imi\u0119\" style=\"font-family:Arial, Helvetica, sans-serif; font-size:12px; color:#666666\" \/>\r\n\t\t\t\t\t\t\t\r\n\t\t<input type=\"hidden\" name=\"FNAME\" autocomplete=\"off\" class=\"optinforms-mailchimp-field\" \/>\r\n\t\t<input type=\"hidden\" name=\"LNAME\" autocomplete=\"off\" class=\"optinforms-mailchimp-field\" \/>\r\n\r\n\t\t\t\t\t\t\t\t<\/div><!--optinforms-form1-name-field-container-->\r\n\t\t\t\t\t\t<div id=\"optinforms-form1-email-field-container\">\r\n\t\t\t\t\t\t\t<input required type=\"text\" id=\"optinforms-form1-email-field\" name=\"EMAIL\" placeholder=\"Tw\u00f3j adres e-mail\" style=\"font-family:Arial, Helvetica, sans-serif; font-size:12px; color:#666666\" \/>\r\n\t\t\t\t\t\t<\/div><!--optinforms-form1-email-field-container-->\r\n\t\t\t\t\t\t<div id=\"optinforms-form1-button-container\">\r\n\t\t\t\t\t\t\t<input type=\"submit\" name=\"submit\" id=\"optinforms-form1-button\" value=\"Zapisz si\u0119\" style=\"font-family:Arial, Helvetica, sans-serif; font-size:14px; color:#FFFFFF; background-color:#25d1bf\" \/>\r\n\t\t\t\t\t\t<\/div><!--optinforms-form1-button-container-->\r\n\t\t\t\t\t\t<div class=\"clear\"><\/div>\r\n\t\t\t\t\t\t\t<div class=\"optinforms-status-success-message\" style=\"display:none;\">Thank you for subscribing.<\/div>\r\n\t<div class=\"optinforms-status-error-message\" style=\"display:none;\">Something went wrong.<\/div>\r\n\t\t\t\t\t\t\t\r\n\t\t<div class=\"optinforms-confirm-checkbox optinforms-form1-confirm-checkbox\">\r\n\r\n\t\t\t<input type=\"checkbox\" required \/> I agree to have my personal information transfered to MailChimp ( <a href=\"https:\/\/mailchimp.com\/legal\/privacy\/\" target=\"_blank\" rel=\"noopener\">more information<\/a> )\r\n\t\t<\/div><!-- .optinforms-confirm-checkbox -->\r\n\r\n\t\t\t\t\t\t\t<p id=\"optinforms-form1-disclaimer\" style=\"font-family:Arial, Helvetica, sans-serif; font-size:12px; line-height:12px; color:#666666\">Podaje swoje dane, poniewa\u017c zgadzam si\u0119 na otrzymanie wie\u015bci i przysz\u0142ych newsletter\u00f3w z Pracowni Remedium. Je\u017celi nie b\u0119d\u0105 mi si\u0119 podoba\u0107, to po prostu si\u0119 wypisz\u0119.<\/p>\r\n\t\t\t\t\t<\/div><!--optinforms-form1-->\r\n\t\t\t\t\t<div class=\"clear\"><\/div>\r\n\t\t\t\t\t\t\t\t\t<\/form>\r\n\t\t\t<\/div><!--optinforms-form1-container-->\r\n\t\t\t<div class=\"clear\"><\/div>\r\n\t\t\t\n<!-- \/ Optin Forms -->\n\n\t\t\t<style type='text\/css'>#optinforms-form1-title{display:none;}<\/style>\t\t\r\n\t\t<\/p>\n<\/div><\/div><div id=\"panel-11290-1-1-2\" class=\"so-panel widget widget_sow-image panel-last-child\" data-index=\"4\" ><div\n\t\t\t\n\t\t\tclass=\"so-widget-sow-image so-widget-sow-image-default-8b5b6f678277-11290\"\n\t\t\t\n\t\t>\n\n<div class=\"sow-image-container\">\n\t\t<img src=\"https:\/\/remediumbag.eu\/remediumwp\/wp-content\/uploads\/2021\/02\/remedium_post-24.jpg\" width=\"1080\" height=\"1080\" srcset=\"https:\/\/remediumbag.eu\/remediumwp\/wp-content\/uploads\/2021\/02\/remedium_post-24.jpg 1080w, https:\/\/remediumbag.eu\/remediumwp\/wp-content\/uploads\/2021\/02\/remedium_post-24-400x400.jpg 400w, https:\/\/remediumbag.eu\/remediumwp\/wp-content\/uploads\/2021\/02\/remedium_post-24-800x800.jpg 800w, https:\/\/remediumbag.eu\/remediumwp\/wp-content\/uploads\/2021\/02\/remedium_post-24-150x150.jpg 150w, https:\/\/remediumbag.eu\/remediumwp\/wp-content\/uploads\/2021\/02\/remedium_post-24-768x768.jpg 768w, https:\/\/remediumbag.eu\/remediumwp\/wp-content\/uploads\/2021\/02\/remedium_post-24-60x60.jpg 60w, https:\/\/remediumbag.eu\/remediumwp\/wp-content\/uploads\/2021\/02\/remedium_post-24-100x100.jpg 100w\" sizes=\"(max-width: 1080px) 100vw, 1080px\" title=\"remedium_post (24)\" alt=\"moje konto i kontakt - rozmowy przy kawie - polityka prywatno\u015bci na stronie www - zdj\u0119cie przedstawia saszetk\u0119 z telefonem i kaw\u0119 w fili\u017cance\" \t\tclass=\"so-widget-image\"\/>\n\t<\/div>\n\n<\/div><\/div><\/div><\/div><div id=\"pg-11290-2\"  class=\"panel-grid panel-has-style\" ><div class=\"panel-row-style panel-row-style-for-11290-2\" ><div id=\"pgc-11290-2-0\"  class=\"panel-grid-cell\" ><div id=\"panel-11290-2-0-0\" class=\"so-panel widget widget_sow-headline panel-first-child panel-last-child\" data-index=\"5\" ><div class=\"panel-widget-style panel-widget-style-for-11290-2-0-0\" ><div\n\t\t\t\n\t\t\tclass=\"so-widget-sow-headline so-widget-sow-headline-default-81ed510c5826-11290 so-widget-fittext-wrapper\"\n\t\t\t data-fit-text-compressor=\"0.85\"\n\t\t><div class=\"sow-headline-container \">\n\t\t\t\t\t\t\t<h5 class=\"sow-headline\">\n\t\t\t\t\t\t\t\t\t\t\t\t\t<a href=\"https:\/\/remediumbag.eu\/remediumwp\/regulamin\/\">\n\t\t\t\t\t\t\t\tRegulamin sklepu i strony<\/a>\t\t\t\t\t\t<\/h5>\n\t\t\t\t\t\t<\/div>\n<\/div><\/div><\/div><\/div><div id=\"pgc-11290-2-1\"  class=\"panel-grid-cell panel-grid-cell-mobile-last\" ><div id=\"panel-11290-2-1-0\" class=\"so-panel widget widget_sow-headline panel-first-child panel-last-child\" data-index=\"6\" ><div class=\"panel-widget-style panel-widget-style-for-11290-2-1-0\" ><div\n\t\t\t\n\t\t\tclass=\"so-widget-sow-headline so-widget-sow-headline-default-81ed510c5826-11290 so-widget-fittext-wrapper\"\n\t\t\t data-fit-text-compressor=\"0.85\"\n\t\t><div class=\"sow-headline-container \">\n\t\t\t\t\t\t\t<h5 class=\"sow-headline\">\n\t\t\t\t\t\t\t\t\t\t\t\t\t<a href=\"https:\/\/remediumbag.eu\/remediumwp\/pracownia\/polityka-prywatnosci\/\">\n\t\t\t\t\t\t\t\tPolityka prywatno\u015bci i plik\u00f3w cookie <\/a>\t\t\t\t\t\t<\/h5>\n\t\t\t\t\t\t<\/div>\n<\/div><\/div><\/div><\/div><div id=\"pgc-11290-2-2\"  class=\"panel-grid-cell panel-grid-cell-empty\" ><\/div><\/div><\/div><\/div>","protected":false},"excerpt":{"rendered":"<p>Chc\u0119 z\u0142o\u017cy\u0107 zam\u00f3wienie &#8211; jakie s\u0105 sposoby wysy\u0142ki ? Napisz do mnie w razie w\u0105tpliwo\u015bci. Zam\u00f3wienia w formie osobistego kontaktu (prawdziwe slow fashion!) r\u00f3wnie\u017c mile widziane. Zgodnie z regulaminem sklepu zakupione produkty wysy\u0142amy w nast\u0119puj\u0105cy spos\u00f3b: przesy\u0142ka za po\u015brednictwem firmy &hellip; <a href=\"https:\/\/remediumbag.eu\/remediumwp\/pracownia\/sposoby-wysylki\/\">Czytaj wi\u0119cej<\/a><\/p>\n","protected":false},"author":1,"featured_media":58,"parent":424,"menu_order":0,"comment_status":"closed","ping_status":"closed","template":"","meta":{"kt_blocks_editor_width":""},"amp_enabled":true,"_links":{"self":[{"href":"https:\/\/remediumbag.eu\/remediumwp\/wp-json\/wp\/v2\/pages\/11290"}],"collection":[{"href":"https:\/\/remediumbag.eu\/remediumwp\/wp-json\/wp\/v2\/pages"}],"about":[{"href":"https:\/\/remediumbag.eu\/remediumwp\/wp-json\/wp\/v2\/types\/page"}],"author":[{"embeddable":true,"href":"https:\/\/remediumbag.eu\/remediumwp\/wp-json\/wp\/v2\/users\/1"}],"replies":[{"embeddable":true,"href":"https:\/\/remediumbag.eu\/remediumwp\/wp-json\/wp\/v2\/comments?post=11290"}],"version-history":[{"count":4,"href":"https:\/\/remediumbag.eu\/remediumwp\/wp-json\/wp\/v2\/pages\/11290\/revisions"}],"predecessor-version":[{"id":11294,"href":"https:\/\/remediumbag.eu\/remediumwp\/wp-json\/wp\/v2\/pages\/11290\/revisions\/11294"}],"up":[{"embeddable":true,"href":"https:\/\/remediumbag.eu\/remediumwp\/wp-json\/wp\/v2\/pages\/424"}],"wp:featuredmedia":[{"embeddable":true,"href":"https:\/\/remediumbag.eu\/remediumwp\/wp-json\/wp\/v2\/media\/58"}],"wp:attachment":[{"href":"https:\/\/remediumbag.eu\/remediumwp\/wp-json\/wp\/v2\/media?parent=11290"}],"curies":[{"name":"wp","href":"https:\/\/api.w.org\/{rel}","templated":true}]}}