{"id":137,"date":"2017-12-03T18:54:08","date_gmt":"2017-12-03T17:54:08","guid":{"rendered":"http:\/\/remediumbag.eu\/remediumwp\/?page_id=137"},"modified":"2021-03-11T17:36:53","modified_gmt":"2021-03-11T16:36:53","slug":"kontakt","status":"publish","type":"page","link":"https:\/\/remediumbag.eu\/remediumwp\/pracownia\/kontakt\/","title":{"rendered":"kontakt"},"content":{"rendered":"<div id=\"pl-137\"  class=\"panel-layout\" ><div id=\"pg-137-0\"  class=\"panel-grid panel-has-style\" ><div class=\"lsow-dark-bg panel-row-style panel-row-style-for-137-0\" ><div id=\"pgc-137-0-0\"  class=\"panel-grid-cell panel-grid-cell-empty\" ><\/div><\/div><\/div><div id=\"pg-137-1\"  class=\"panel-grid panel-no-style\" ><div id=\"pgc-137-1-0\"  class=\"panel-grid-cell\" ><div id=\"panel-137-1-0-0\" class=\"so-panel widget widget_sow-editor panel-first-child\" data-index=\"0\" ><div\n\t\t\t\n\t\t\tclass=\"so-widget-sow-editor so-widget-sow-editor-base\"\n\t\t\t\n\t\t>\n<div class=\"siteorigin-widget-tinymce textwidget\">\n\t<h1>Kontakt, zam\u00f3wienia, pytania, wsp\u00f3\u0142praca.<\/h1>\n<h5>Napisz do mnie w ka\u017cdej sprawie. Zam\u00f3wienia w formie osobistego kontaktu (prawdziwe slow fashion!) r\u00f3wnie\u017c mile widziane.<\/h5>\n<h5>Dzi\u0119kuj\u0119!<br \/>\nAgnieszka.<\/h5>\n<\/div>\n<\/div><\/div><div id=\"panel-137-1-0-1\" class=\"so-panel widget widget_sow-editor\" data-index=\"1\" ><div\n\t\t\t\n\t\t\tclass=\"so-widget-sow-editor so-widget-sow-editor-base\"\n\t\t\t\n\t\t>\n<div class=\"siteorigin-widget-tinymce textwidget\">\n\t<div class=\"wpcf7 no-js\" id=\"wpcf7-f139-o1\" lang=\"pl-PL\" dir=\"ltr\">\n<div class=\"screen-reader-response\">\n<p role=\"status\" aria-live=\"polite\" aria-atomic=\"true\">\n<ul><\/ul>\n<\/div>\n<form action=\"\/remediumwp\/wp-json\/wp\/v2\/pages\/137#wpcf7-f139-o1\" method=\"post\" class=\"wpcf7-form init\" aria-label=\"Formularz kontaktowy\" novalidate=\"novalidate\" data-status=\"init\">\n<div style=\"display: none;\">\n<input type=\"hidden\" name=\"_wpcf7\" value=\"139\" \/><br \/>\n<input type=\"hidden\" name=\"_wpcf7_version\" value=\"5.7.3\" \/><br \/>\n<input type=\"hidden\" name=\"_wpcf7_locale\" value=\"pl_PL\" \/><br \/>\n<input type=\"hidden\" name=\"_wpcf7_unit_tag\" value=\"wpcf7-f139-o1\" \/><br \/>\n<input type=\"hidden\" name=\"_wpcf7_container_post\" value=\"0\" \/><br \/>\n<input type=\"hidden\" name=\"_wpcf7_posted_data_hash\" value=\"\" \/><br \/>\n<input type=\"hidden\" name=\"_wpcf7_recaptcha_response\" value=\"\" \/>\n<\/div>\n<p>Imi\u0119 i nazwisko <span class=\"wpcf7-form-control-wrap\" data-name=\"text-699\"><input size=\"40\" class=\"wpcf7-form-control wpcf7-text wpcf7-validates-as-required\" aria-required=\"true\" aria-invalid=\"false\" value=\"\" type=\"text\" name=\"text-699\" \/><\/span>\n<\/p>\n<p>adres e-mail <span class=\"wpcf7-form-control-wrap\" data-name=\"email-681\"><input size=\"40\" class=\"wpcf7-form-control wpcf7-text wpcf7-email wpcf7-validates-as-required wpcf7-validates-as-email\" aria-required=\"true\" aria-invalid=\"false\" value=\"\" type=\"email\" name=\"email-681\" \/><\/span>\n<\/p>\n<p>temat wiadomo\u015bci <span class=\"wpcf7-form-control-wrap\" data-name=\"text-699\"><input size=\"40\" class=\"wpcf7-form-control wpcf7-text\" aria-invalid=\"false\" value=\"\" type=\"text\" name=\"text-699\" \/><\/span>\n<\/p>\n<p>wiadomo\u015b\u0107 <span class=\"wpcf7-form-control-wrap\" data-name=\"textarea-931\"><textarea cols=\"40\" rows=\"10\" class=\"wpcf7-form-control wpcf7-textarea wpcf7-validates-as-required\" aria-required=\"true\" aria-invalid=\"false\" name=\"textarea-931\"><\/textarea><\/span>\n<\/p>\n<p><span class=\"wpcf7-form-control-wrap wpgdprc\"><span class=\"wpcf7-form-control wpcf7-validates-as-required wpcf7-wpgdprc\"><span class=\"wpcf7-list-item\"><input type=\"checkbox\" name=\"wpgdprc\" value=\"1\" aria-required=\"true\" aria-invalid=\"false\" \/><span class=\"wpcf7-list-item-label\">Korzystaj\u0105c z formularza zgadzasz si\u0119 na przechowywanie i przetwarzanie twoich danych przez t\u0119 witryn\u0119.<\/span><\/span><\/span>    <\/span>\n<\/p>\n<p><input class=\"wpcf7-form-control has-spinner wpcf7-submit\" type=\"submit\" value=\"wy\u015blij\" \/>\n<\/p>\n<div class=\"wpcf7-response-output\" aria-hidden=\"true\"><\/div>\n<\/form>\n<\/div>\n<\/div>\n<\/div><\/div><div id=\"panel-137-1-0-2\" class=\"so-panel widget widget_sow-editor panel-last-child\" data-index=\"2\" ><div\n\t\t\t\n\t\t\tclass=\"so-widget-sow-editor so-widget-sow-editor-base\"\n\t\t\t\n\t\t>\n<div class=\"siteorigin-widget-tinymce textwidget\">\n\t<hr \/>\n<p><strong>Przy zapisie na Newsletter, kt\u00f3ry wysy\u0142am raz w miesi\u0105cu, przesy\u0142am aktywny <a href=\"https:\/\/remediumbag.eu\/remediumwp\/newsletter-remediumbag-2019\/\">kupon na pierwsze zakupy ze zni\u017ck\u0105 -15%<\/a>. Pisz\u0119 nie tylko o nowo\u015bciach w sklepie, zapowiedziach kolekcji, ale r\u00f3wnie\u017c o tym, co ciekawego s\u0142ycha\u0107 w \u015bwiecie odpowiedzialnej mody. Zapraszam!<\/strong><\/p>\n<hr \/>\n<p>&nbsp;<\/p>\n<\/div>\n<\/div><\/div><\/div><div id=\"pgc-137-1-1\"  class=\"panel-grid-cell\" ><div id=\"panel-137-1-1-0\" class=\"so-panel widget widget_widget_kadence_contact widget_kadence_contact panel-first-child\" data-index=\"3\" ><div class=\"panel-widget-style panel-widget-style-for-137-1-1-0\" >    <div class=\"vcard\">\n      \n      <h5 class=\"vcard-company\"><i class=\"icon-building\"><\/i>Pracownia Remedium<\/h5>      <p class=\"vcard-name\"><i class=\"icon-user\"><\/i>Aga Sierpowska-Bartosik<\/p>              <p class=\"vcard-address\"><i class=\"icon-map-marker\"><\/i>ul. Barska 16       <span>\u0141\u00f3d\u017a Polska 94-215<\/span><\/p>\n           <p class=\"tel\"><i class=\"icon-tablet\"><\/i> 607076714<\/p>            <p><a class=\"email\" href=\"mailto:&#97;gniesz&#107;a&#64;rem&#101;&#100;&#105;&#117;m&#98;&#97;g&#46;&#101;u\"><i class=\"icon-envelope\"><\/i> &#97;&#103;niesz&#107;&#97;&#64;&#114;&#101;m&#101;d&#105;&#117;&#109;b&#97;&#103;.&#101;u<\/a><\/p>     <\/div>\n      <\/div><\/div><div id=\"panel-137-1-1-1\" class=\"so-panel widget widget_black-studio-tinymce widget_black_studio_tinymce\" data-index=\"4\" ><div class=\"textwidget\"><p>\r\n\t\t\t\n\n<!-- Form created by Optin Forms plugin by WPKube: create beautiful optin forms with ease! -->\n<!-- https:\/\/wpkube.com\/ -->\n\t\t\t<div id=\"optinforms-form1-container\" class=\"optinforms-form-container\" >\r\n\t\t\t\t\t\t\t\t<form method=\"post\"  class=\"\" action=\"https:\/\/remediumbag.us17.list-manage.com\/subscribe\/post?u=abda1e62350360b6b59aea039&amp;id=10d5975cc8\" >\r\n\t\t\t\t\t\t\t\t\t\t<div id=\"optinforms-form1\" style=\"background:#FFFFFF; border-color:#ffffff\">\r\n\t\t\t\t\t\t<p id=\"optinforms-form1-title\" style=\"font-family:Damion; font-size:36px; line-height:36px; color:#eb432c\">Get Free Email Updates!<\/p>\r\n\t\t\t\t\t\t<p id=\"optinforms-form1-subtitle\" style=\"font-family:Dancing Script; font-size:20px; line-height:20px; color:#051a18\">Zapisz si\u0119 - wie\u015bci, nowo\u015bci, wydarzenia, opinie, inspiracje, oraz -15% na pierwsze zakupy!<\/p>\r\n\t\t\t\t\t\t<div id=\"optinforms-form1-name-field-container\">\r\n\t\t\t\t\t\t\t<input required type=\"text\" id=\"optinforms-form1-name-field\" name=\"OF_NAME\" placeholder=\"Twoje Imi\u0119\" style=\"font-family:Arial, Helvetica, sans-serif; font-size:12px; color:#666666\" \/>\r\n\t\t\t\t\t\t\t\r\n\t\t<input type=\"hidden\" name=\"FNAME\" autocomplete=\"off\" class=\"optinforms-mailchimp-field\" \/>\r\n\t\t<input type=\"hidden\" name=\"LNAME\" autocomplete=\"off\" class=\"optinforms-mailchimp-field\" \/>\r\n\r\n\t\t\t\t\t\t\t\t<\/div><!--optinforms-form1-name-field-container-->\r\n\t\t\t\t\t\t<div id=\"optinforms-form1-email-field-container\">\r\n\t\t\t\t\t\t\t<input required type=\"text\" id=\"optinforms-form1-email-field\" name=\"EMAIL\" placeholder=\"Tw\u00f3j adres e-mail\" style=\"font-family:Arial, Helvetica, sans-serif; font-size:12px; color:#666666\" \/>\r\n\t\t\t\t\t\t<\/div><!--optinforms-form1-email-field-container-->\r\n\t\t\t\t\t\t<div id=\"optinforms-form1-button-container\">\r\n\t\t\t\t\t\t\t<input type=\"submit\" name=\"submit\" id=\"optinforms-form1-button\" value=\"Zapisz si\u0119\" style=\"font-family:Arial, Helvetica, sans-serif; font-size:14px; color:#FFFFFF; background-color:#25d1bf\" \/>\r\n\t\t\t\t\t\t<\/div><!--optinforms-form1-button-container-->\r\n\t\t\t\t\t\t<div class=\"clear\"><\/div>\r\n\t\t\t\t\t\t\t<div class=\"optinforms-status-success-message\" style=\"display:none;\">Thank you for subscribing.<\/div>\r\n\t<div class=\"optinforms-status-error-message\" style=\"display:none;\">Something went wrong.<\/div>\r\n\t\t\t\t\t\t\t\r\n\t\t<div class=\"optinforms-confirm-checkbox optinforms-form1-confirm-checkbox\">\r\n\r\n\t\t\t<input type=\"checkbox\" required \/> I agree to have my personal information transfered to MailChimp ( <a href=\"https:\/\/mailchimp.com\/legal\/privacy\/\" target=\"_blank\" rel=\"noopener\">more information<\/a> )\r\n\t\t<\/div><!-- .optinforms-confirm-checkbox -->\r\n\r\n\t\t\t\t\t\t\t<p id=\"optinforms-form1-disclaimer\" style=\"font-family:Arial, Helvetica, sans-serif; font-size:12px; line-height:12px; color:#666666\">Podaje swoje dane, poniewa\u017c zgadzam si\u0119 na otrzymanie wie\u015bci i przysz\u0142ych newsletter\u00f3w z Pracowni Remedium. Je\u017celi nie b\u0119d\u0105 mi si\u0119 podoba\u0107, to po prostu si\u0119 wypisz\u0119.<\/p>\r\n\t\t\t\t\t<\/div><!--optinforms-form1-->\r\n\t\t\t\t\t<div class=\"clear\"><\/div>\r\n\t\t\t\t\t\t\t\t\t<\/form>\r\n\t\t\t<\/div><!--optinforms-form1-container-->\r\n\t\t\t<div class=\"clear\"><\/div>\r\n\t\t\t\n<!-- \/ Optin Forms -->\n\n\t\t\t<style type='text\/css'>#optinforms-form1-title{display:none;}<\/style>\t\t\r\n\t\t<\/p>\n<\/div><\/div><div id=\"panel-137-1-1-2\" class=\"so-panel widget widget_sow-image panel-last-child\" data-index=\"5\" ><div\n\t\t\t\n\t\t\tclass=\"so-widget-sow-image so-widget-sow-image-default-8b5b6f678277-137\"\n\t\t\t\n\t\t>\n\n<div class=\"sow-image-container\">\n\t\t<img src=\"https:\/\/remediumbag.eu\/remediumwp\/wp-content\/uploads\/2021\/02\/remedium_post-24.jpg\" width=\"1080\" height=\"1080\" srcset=\"https:\/\/remediumbag.eu\/remediumwp\/wp-content\/uploads\/2021\/02\/remedium_post-24.jpg 1080w, https:\/\/remediumbag.eu\/remediumwp\/wp-content\/uploads\/2021\/02\/remedium_post-24-400x400.jpg 400w, https:\/\/remediumbag.eu\/remediumwp\/wp-content\/uploads\/2021\/02\/remedium_post-24-800x800.jpg 800w, https:\/\/remediumbag.eu\/remediumwp\/wp-content\/uploads\/2021\/02\/remedium_post-24-150x150.jpg 150w, https:\/\/remediumbag.eu\/remediumwp\/wp-content\/uploads\/2021\/02\/remedium_post-24-768x768.jpg 768w, https:\/\/remediumbag.eu\/remediumwp\/wp-content\/uploads\/2021\/02\/remedium_post-24-60x60.jpg 60w, https:\/\/remediumbag.eu\/remediumwp\/wp-content\/uploads\/2021\/02\/remedium_post-24-100x100.jpg 100w\" sizes=\"(max-width: 1080px) 100vw, 1080px\" title=\"remedium_post (24)\" alt=\"moje konto i kontakt - rozmowy przy kawie - polityka prywatno\u015bci na stronie www - zdj\u0119cie przedstawia saszetk\u0119 z telefonem i kaw\u0119 w fili\u017cance\" \t\tclass=\"so-widget-image\"\/>\n\t<\/div>\n\n<\/div><\/div><\/div><\/div><div id=\"pg-137-2\"  class=\"panel-grid panel-has-style\" ><div class=\"panel-row-style panel-row-style-for-137-2\" ><div id=\"pgc-137-2-0\"  class=\"panel-grid-cell\" ><div id=\"panel-137-2-0-0\" class=\"so-panel widget widget_sow-headline panel-first-child panel-last-child\" data-index=\"6\" ><div class=\"panel-widget-style panel-widget-style-for-137-2-0-0\" ><div\n\t\t\t\n\t\t\tclass=\"so-widget-sow-headline so-widget-sow-headline-default-81ed510c5826-137 so-widget-fittext-wrapper\"\n\t\t\t data-fit-text-compressor=\"0.85\"\n\t\t><div class=\"sow-headline-container \">\n\t\t\t\t\t\t\t<h5 class=\"sow-headline\">\n\t\t\t\t\t\t\t\t\t\t\t\t\t<a href=\"https:\/\/remediumbag.eu\/remediumwp\/regulamin\/\">\n\t\t\t\t\t\t\t\tRegulamin sklepu i strony<\/a>\t\t\t\t\t\t<\/h5>\n\t\t\t\t\t\t<\/div>\n<\/div><\/div><\/div><\/div><div id=\"pgc-137-2-1\"  class=\"panel-grid-cell panel-grid-cell-mobile-last\" ><div id=\"panel-137-2-1-0\" class=\"so-panel widget widget_sow-headline panel-first-child panel-last-child\" data-index=\"7\" ><div class=\"panel-widget-style panel-widget-style-for-137-2-1-0\" ><div\n\t\t\t\n\t\t\tclass=\"so-widget-sow-headline so-widget-sow-headline-default-81ed510c5826-137 so-widget-fittext-wrapper\"\n\t\t\t data-fit-text-compressor=\"0.85\"\n\t\t><div class=\"sow-headline-container \">\n\t\t\t\t\t\t\t<h5 class=\"sow-headline\">\n\t\t\t\t\t\t\t\t\t\t\t\t\t<a href=\"https:\/\/remediumbag.eu\/remediumwp\/pracownia\/polityka-prywatnosci\/\">\n\t\t\t\t\t\t\t\tPolityka prywatno\u015bci i plik\u00f3w cookie <\/a>\t\t\t\t\t\t<\/h5>\n\t\t\t\t\t\t<\/div>\n<\/div><\/div><\/div><\/div><div id=\"pgc-137-2-2\"  class=\"panel-grid-cell panel-grid-cell-empty\" ><\/div><\/div><\/div><\/div>","protected":false},"excerpt":{"rendered":"<p>Kontakt, zam\u00f3wienia, pytania, wsp\u00f3\u0142praca. Napisz do mnie w ka\u017cdej sprawie. Zam\u00f3wienia w formie osobistego kontaktu (prawdziwe slow fashion!) r\u00f3wnie\u017c mile widziane. Dzi\u0119kuj\u0119! Agnieszka. Przy zapisie na Newsletter, kt\u00f3ry wysy\u0142am raz w miesi\u0105cu, przesy\u0142am aktywny kupon na pierwsze zakupy ze zni\u017ck\u0105 &hellip; <a href=\"https:\/\/remediumbag.eu\/remediumwp\/pracownia\/kontakt\/\">Czytaj wi\u0119cej<\/a><\/p>\n","protected":false},"author":1,"featured_media":58,"parent":424,"menu_order":0,"comment_status":"closed","ping_status":"closed","template":"","meta":{"kt_blocks_editor_width":""},"amp_enabled":true,"_links":{"self":[{"href":"https:\/\/remediumbag.eu\/remediumwp\/wp-json\/wp\/v2\/pages\/137"}],"collection":[{"href":"https:\/\/remediumbag.eu\/remediumwp\/wp-json\/wp\/v2\/pages"}],"about":[{"href":"https:\/\/remediumbag.eu\/remediumwp\/wp-json\/wp\/v2\/types\/page"}],"author":[{"embeddable":true,"href":"https:\/\/remediumbag.eu\/remediumwp\/wp-json\/wp\/v2\/users\/1"}],"replies":[{"embeddable":true,"href":"https:\/\/remediumbag.eu\/remediumwp\/wp-json\/wp\/v2\/comments?post=137"}],"version-history":[{"count":23,"href":"https:\/\/remediumbag.eu\/remediumwp\/wp-json\/wp\/v2\/pages\/137\/revisions"}],"predecessor-version":[{"id":10672,"href":"https:\/\/remediumbag.eu\/remediumwp\/wp-json\/wp\/v2\/pages\/137\/revisions\/10672"}],"up":[{"embeddable":true,"href":"https:\/\/remediumbag.eu\/remediumwp\/wp-json\/wp\/v2\/pages\/424"}],"wp:featuredmedia":[{"embeddable":true,"href":"https:\/\/remediumbag.eu\/remediumwp\/wp-json\/wp\/v2\/media\/58"}],"wp:attachment":[{"href":"https:\/\/remediumbag.eu\/remediumwp\/wp-json\/wp\/v2\/media?parent=137"}],"curies":[{"name":"wp","href":"https:\/\/api.w.org\/{rel}","templated":true}]}}