{"id":1421,"date":"2018-10-06T22:17:49","date_gmt":"2018-10-06T20:17:49","guid":{"rendered":"http:\/\/remediumbag.eu\/remediumwp\/?page_id=1421"},"modified":"2021-02-17T21:26:09","modified_gmt":"2021-02-17T20:26:09","slug":"polityka-prywatnosci","status":"publish","type":"page","link":"https:\/\/remediumbag.eu\/remediumwp\/pracownia\/polityka-prywatnosci\/","title":{"rendered":"Polityka prywatno\u015bci i plik\u00f3w cookies"},"content":{"rendered":"<div id=\"pl-1421\"  class=\"panel-layout\" ><div id=\"pg-1421-0\"  class=\"panel-grid panel-has-style\" ><div class=\"lsow-dark-bg panel-row-style panel-row-style-for-1421-0\" ><div id=\"pgc-1421-0-0\"  class=\"panel-grid-cell panel-grid-cell-empty\" ><\/div><div id=\"pgc-1421-0-1\"  class=\"panel-grid-cell\" ><div id=\"panel-1421-0-1-0\" class=\"so-panel widget widget_sow-editor panel-first-child panel-last-child\" data-index=\"0\" ><div\n\t\t\t\n\t\t\tclass=\"so-widget-sow-editor so-widget-sow-editor-base\"\n\t\t\t\n\t\t>\n<div class=\"siteorigin-widget-tinymce textwidget\">\n\t<h3><b>Polityka prywatno\u015bci i plik\u00f3w cookies sklepu <\/b><b>Remediumbag<\/b><span style=\"font-size: small;\"><!-- Nazwa sklepu. --><\/span><\/h3>\n<p><span style=\"color: #000000;\">Niniejsza polityka prywatno\u015bci i plik\u00f3w cookies opisuje zasady post\u0119powania z danymi osobowymi oraz wykorzystywania plik\u00f3w cookies i innych technologii w ramach sklepu internetowego <\/span><span style=\"color: #000000;\">Remediumbag<\/span>, dost\u0119pnego pod adresem https:\/\/remediumbag.eu<\/p>\n<p>Administratorem sklepu jest Agnieszka Sierpowska-Bartosik<strong>,<\/strong> prowadz\u0105ca dzia\u0142alno\u015b\u0107 gospodarcz\u0105 pod firm\u0105 \u201ePracownia Remedium\u201d z siedzib\u0105 w \u0141odzi (94-215), ul. Barska 16, wpisana do Centralnej Ewidencji i Informacji o Dzia\u0142alno\u015bci Gospodarczej, pos\u0142uguj\u0105ca si\u0119 numerem NIP 727 153 92 75<\/p>\n<p><strong><span style=\"color: #000000;\"><span style=\"font-family: Calibri;\"><span style=\"font-size: medium;\">Kontakt z administratorem sklepu mo\u017cliwy pod pod adresem e-mail agnieszka@remediumbag.eu oraz pod numerem telefonu 607 076 714.<\/span><\/span><\/span><\/strong><\/p>\n<p>&nbsp;<\/p>\n<h4 style=\"text-align: center;\"><span style=\"color: #262626;\">\u00a7 1<\/span><\/h4>\n<h4 style=\"text-align: center;\"><span style=\"color: #262626;\">Definicje<\/span><\/h4>\n<p style=\"text-align: left;\"><span style=\"color: #000000;\"><span style=\"font-family: Calibri;\"><span style=\"font-size: medium;\">Na potrzeby niniejszej polityki prywatno\u015bci, przyjmuje si\u0119 nast\u0119puj\u0105ce znaczenie poni\u017cszych poj\u0119\u0107:<\/span><\/span><\/span><\/p>\n<ol>\n<li style=\"text-align: left;\"><span style=\"color: #000000;\"><span style=\"font-family: Calibri;\"><span style=\"font-size: medium;\"><strong>Administrator<\/strong> \u2013 Agnieszka Sierpowska-Bartosik<strong>,<\/strong> prowadz\u0105ca dzia\u0142alno\u015b\u0107 gospodarcz\u0105 pod firm\u0105 \u201ePracownia Remedium\u201d z siedzib\u0105 w \u0141odzi (94-215), ul. Barska 16, wpisana do Centralnej Ewidencji i Informacji o Dzia\u0142alno\u015bci Gospodarczej, pos\u0142uguj\u0105ca si\u0119 numerem NIP 727 153 92 75,<\/span><\/span><\/span><\/li>\n<li style=\"text-align: left;\"><span style=\"color: #000000;\"><span style=\"font-family: Calibri;\"><span style=\"font-size: medium;\"><strong>Sklep<\/strong> \u2013 sklep internetowy dost\u0119pny pod adresem https:\/\/remediumbag.eu,<\/span><\/span><\/span><\/li>\n<li style=\"text-align: left;\"><span style=\"color: #000000;\"><span style=\"font-family: Calibri;\"><span style=\"font-size: medium;\"><strong>U\u017cytkownik<\/strong> \u2013 ka\u017cdy podmiot, kt\u00f3ry korzysta ze Sklepu.<\/span><\/span><\/span><\/li>\n<\/ol>\n<h4><\/h4>\n<h4 style=\"text-align: center;\"><span style=\"color: #262626;\">\u00a7 2<\/span><\/h4>\n<h4 style=\"text-align: center;\"><span style=\"color: #262626;\">Dane osobowe<\/span><\/h4>\n<ol>\n<li><span style=\"color: #000000;\"><span style=\"font-family: Calibri;\"><span style=\"font-size: medium;\">U\u017cytkownik mo\u017ce przekazywa\u0107 swoje dane osobowe Administratorowi za pomoc\u0105 formularzy dost\u0119pnych w Sklepie takich jak formularz za\u0142o\u017cenia konta, formularz zam\u00f3wienia, formularz zapisu na newsletter.<\/span><\/span><\/span><\/li>\n<li><span style=\"color: #000000;\"><span style=\"font-family: Calibri;\"><span style=\"font-size: medium;\">Administratorem danych osobowych U\u017cytkownika jest Administrator. <\/span><\/span><\/span><\/li>\n<li><span style=\"color: #000000;\"><span style=\"font-family: Calibri;\"><span style=\"font-size: medium;\">Dane osobowe przekazywane Administratorowi przez U\u017cytkownika w ramach formularza za\u0142o\u017cenia konta przetwarzane s\u0105 w celu za\u0142o\u017cenia i utrzymywania konta U\u017cytkownika w Sklepie.<\/span><\/span><\/span><\/li>\n<li><span style=\"color: #000000;\"><span style=\"font-family: Calibri;\"><span style=\"font-size: medium;\">Dane osobowe przekazywane Administratorowi przez U\u017cytkownika w ramach formularza zam\u00f3wienia przetwarzane s\u0105 w celu realizacji zam\u00f3wienia. <\/span><\/span><\/span><\/li>\n<li><span style=\"color: #000000;\"><span style=\"font-family: Calibri;\"><span style=\"font-size: medium;\">Dane osobowe przekazywane Administratorowi przez U\u017cytkownika w ramach formularza zapisu na newsletter, przetwarzane s\u0105 w celu przesy\u0142ania newslettera. <\/span><\/span><\/span><\/li>\n<li><span style=\"color: #000000;\"><span style=\"font-family: Calibri;\"><span style=\"font-size: medium;\">Administrator gwarantuje poufno\u015b\u0107 wszelkich przekazanych mu danych osobowych. <\/span><\/span><\/span><\/li>\n<li><span style=\"color: #000000;\"><span style=\"font-family: Calibri;\"><span style=\"font-size: medium;\">Dane osobowe s\u0105 gromadzone z nale\u017cyt\u0105 staranno\u015bci\u0105 i odpowiednio chronione przed dost\u0119pem do nich przez osoby do tego nieupowa\u017cnione.<\/span><\/span><\/span><\/li>\n<li>\n<p lang=\"pl-PL\" align=\"JUSTIFY\"><span style=\"color: #000000;\"><span style=\"font-family: Calibri;\"><span style=\"font-size: medium;\">U\u017cytkownikowi przys\u0142uguj\u0105 nast\u0119puj\u0105ce uprawnienia:<\/span><\/span><\/span><\/p>\n<ul>\n<li>\n<p lang=\"pl-PL\" align=\"JUSTIFY\"><span style=\"color: #000000;\"><span style=\"font-family: Calibri;\"><span style=\"font-size: medium;\">prawo do wgl\u0105du do swoich danych osobowych,<\/span><\/span><\/span><\/p>\n<\/li>\n<li>\n<p lang=\"pl-PL\" align=\"JUSTIFY\"><span style=\"color: #000000;\"><span style=\"font-family: Calibri;\"><span style=\"font-size: medium;\">prawo do \u017c\u0105dania uzupe\u0142nienia, uaktualnienia, sprostowania danych osobowych, czasowego lub sta\u0142ego wstrzymania ich przetwarzania lub ich usuni\u0119cia, je\u017celi s\u0105 one niekompletne, nieaktualne, nieprawdziwe lub zosta\u0142y zebrane z naruszeniem przepis\u00f3w prawa albo s\u0105 ju\u017c zb\u0119dne do realizacji celu, dla kt\u00f3rego zosta\u0142y zebrane<\/span><\/span><\/span><\/p>\n<\/li>\n<\/ul>\n<\/li>\n<li>\n<p lang=\"pl-PL\" align=\"JUSTIFY\"><span style=\"color: #000000;\"><span style=\"font-family: Calibri;\"><span style=\"font-size: medium;\">Administrator informuje niniejszym U\u017cytkownika, \u017ce powierza przetwarzanie danych osobowych nast\u0119puj\u0105cym podmiotom:<\/span><\/span><\/span><\/p>\n<ol>\n<li><span style=\"color: #000000;\"><span style=\"font-family: Calibri;\"><span style=\"font-size: medium;\"><span style=\"font-size: small;\">OVH Sp. z o.o. <\/span><span style=\"font-size: small;\"><!-- Dane hostingodawcy. --><\/span> \u2013 w celu przechowywania danych osobowych na serwerze,<\/span><\/span><\/span><\/li>\n<li><span style=\"color: #000000;\"><span style=\"font-family: Calibri;\"><span style=\"font-size: medium;\"><span style=\"font-size: small;\">MailChimp<\/span><span style=\"font-size: small;\"><!-- Dane dostawcy systemu mailingowego. --><\/span> \u2013 w celu korzystania z systemu mailingowego mailchimp.com<span style=\"font-size: small;\"><!-- Nazwa systemu mailingowego. --><\/span>, s\u0142u\u017c\u0105cego do przesy\u0142ania newslettera,<\/span><\/span><\/span><\/li>\n<li><span style=\"color: #000000;\"><span style=\"font-family: Calibri;\"><span style=\"font-size: medium;\"><span style=\"font-size: small;\">Poczta Polska<!-- Dane firm kurierskich, kt\u00f3re dostarczaj\u0105 zam\u00f3wienia. --><\/span> \u2013 w celu dostawy zam\u00f3wie\u0144 sk\u0142adanych przez U\u017cytkownika w Sklepie,<\/span><\/span><\/span><\/li>\n<li><span style=\"color: #000000;\"><span style=\"font-family: Calibri;\"><span style=\"font-size: medium;\"><span style=\"font-size: small;\">InPost<!-- Dane firm kurierskich, kt\u00f3re dostarczaj\u0105 zam\u00f3wienia. --><\/span> \u2013 w celu dostawy zam\u00f3wie\u0144 sk\u0142adanych przez U\u017cytkownika w Sklepie.<\/span><\/span><\/span><\/li>\n<\/ol>\n<\/li>\n<\/ol>\n<p>&nbsp;<\/p>\n<h4 style=\"text-align: center;\"><span style=\"color: #262626;\">\u00a7 3<\/span><\/h4>\n<h4 style=\"text-align: center;\"><span style=\"color: #262626;\">Pliki cookies<\/span><\/h4>\n<ol>\n<li lang=\"pl-PL\" style=\"text-align: left;\"><span style=\"color: #000000;\"><span style=\"font-family: Calibri;\"><span style=\"font-size: medium;\">Administrator wykorzystuje pliki cookies (ciasteczka), czyli niewielkie informacje tekstowe, przechowywane na urz\u0105dzeniu ko\u0144cowym U\u017cytkownika (np. komputerze, tablecie, smartfonie). Cookies mog\u0105 by\u0107 odczytywane przez system teleinformatyczny Administratora.<\/span><\/span><\/span><\/li>\n<li style=\"text-align: left;\">Administrator przechowuje pliki cookies na urz\u0105dzeniu ko\u0144cowym U\u017cytkownika, a nast\u0119pnie uzyskuje dost\u0119p do informacji w nich zawartych w celach statystycznych, w celach marketingowych (remarketing) oraz w celu zapewnienia prawid\u0142owego dzia\u0142ania Sklepu.<\/li>\n<li style=\"text-align: left;\">Administrator informuje niniejszym U\u017cytkownika, \u017ce istnieje <a href=\"http:\/\/remediumbag.eu\/remediumwp\/pracownia\/polityka-cookies\/\" target=\"_blank\" rel=\"noopener noreferrer\">mo\u017cliwo\u015b\u0107 takiej konfiguracji przegl\u0105darki internetowej<\/a>, kt\u00f3ra uniemo\u017cliwia przechowywanie plik\u00f3w cookies na urz\u0105dzeniu ko\u0144cowym U\u017cytkownika. W takiej sytuacji, korzystanie ze Sklepu przez U\u017cytkownika mo\u017ce by\u0107 utrudnione.<\/li>\n<li style=\"text-align: left;\">Administrator wskazuje niniejszym, \u017ce pliki cookies mog\u0105 by\u0107 przez U\u017cytkownika usuni\u0119te po ich zapisaniu przez Administratora, poprzez odpowiednie funkcje przegl\u0105darki internetowej, programy s\u0142u\u017c\u0105ce w tym celu lub skorzystanie z odpowiednich narz\u0119dzi dost\u0119pnych w ramach systemu operacyjnego, z kt\u00f3rego korzysta U\u017cytkownik.<\/li>\n<\/ol>\n<h4 style=\"text-align: center;\"><span style=\"color: #262626;\">\u00a7 4<\/span><\/h4>\n<h4 style=\"text-align: center;\"><span style=\"color: #262626;\">Inne technologie<\/span><\/h4>\n<p>Administrator informuje niniejszym U\u017cytkownika, \u017ce stosuje nast\u0119puj\u0105ce technologie \u015bledz\u0105ce dzia\u0142ania podejmowane przez U\u017cytkownika w ramach Sklepu:<\/p>\n<ul>\n<li>piksel konwersji Facebooka \u2013 w celu zarz\u0105dzania reklamami na Facebooku,<\/li>\n<li>kod \u015bledzenia Google Analitycs \u2013 w celu analizy statystyk Sklepu.<\/li>\n<\/ul>\n<p>&nbsp;<\/p>\n<h4 style=\"text-align: center;\"><span style=\"color: #262626;\">\u00a7 5<\/span><\/h4>\n<h4 style=\"text-align: center;\"><span style=\"color: #262626;\">Logi serwera<\/span><\/h4>\n<ol>\n<li>Korzystanie ze Sklepu wi\u0105\u017ce si\u0119 z przesy\u0142aniem zapyta\u0144 do serwera, na kt\u00f3rym przechowywany jest Sklep.<\/li>\n<li>Ka\u017cde zapytanie skierowane do serwera zapisywane jest w logach serwera. Logi obejmuj\u0105 m.in. adres IP U\u017cytkownika, dat\u0119 i czas serwera, informacje o przegl\u0105darce internetowej i systemie operacyjnym, z jakiego korzysta U\u017cytkownik.<\/li>\n<li>Logi zapisywane i przechowywane s\u0105 na serwerze.<\/li>\n<li>Dane zapisane w logach serwera nie s\u0105 kojarzone z konkretnymi osobami korzystaj\u0105cymi ze Sklepu i nie s\u0105 wykorzystywane przez Administratora w celu identyfikacji U\u017cytkownika.<\/li>\n<li>Logi serwera stanowi\u0105 wy\u0142\u0105cznie materia\u0142 pomocniczy s\u0142u\u017c\u0105cy do administrowania Sklepem, a ich zawarto\u015b\u0107 nie jest ujawniana nikomu poza osobami upowa\u017cnionymi do administrowania serwerem.<\/li>\n<\/ol>\n<p>&nbsp;<\/p>\n<h4 style=\"text-align: center;\"><span style=\"color: #262626;\">\u00a7 6<\/span><\/h4>\n<h4 style=\"text-align: center;\"><span style=\"color: #262626;\">System komentarzy Disqus<\/span><\/h4>\n<p>Korzystamy na naszych stronach z systemu komentarzy Disqus, kt\u00f3ry zapewniany jest przez zewn\u0119trzny podmiot: Disqus Inc., 717 Market St, San Francisco, CA94103.<\/p>\n<p>Osadzenie systemu komentarzy Disqus na naszych stronach sprawia, \u017ce gdy przegl\u0105dasz strony zawieraj\u0105ce komentarze, Disqus zapisuje na Twoim urz\u0105dzeniu jeden lub wi\u0119cej plik\u00f3w cookies, kt\u00f3re identyfikuj\u0105 Twoj\u0105 przegl\u0105dark\u0119. Te pliki cookies pozwalaj\u0105 na szybsze logowanie do systemu komentarzy oraz pozostawanie zalogowanym w ramach r\u00f3\u017cnych stron, kt\u00f3re przegl\u0105dasz.<\/p>\n<p>Disqus gromadzi r\u00f3wnie\u017c za po\u015brednictwem plik\u00f3w cookies informacje techniczne, takie jak rodzaj przegl\u0105darki internetowej, ustawienia strefy czasowej i lokalizacji, system operacyjny oraz informacje o tym, w jaki spos\u00f3b korzystasz z systemu komentarzy oraz stron, na kt\u00f3rych system komentarzy jest osadzony (strony, kt\u00f3re odwiedzasz, linki, w kt\u00f3rej klikasz, akcje, jakie podejmujesz itp.). Na tej podstawie Disqus personalizuje pokazywane Ci tre\u015bci, w tym reklamy.<\/p>\n<p>Disqus deklaruje, \u017ce informacje gromadzone w plikach cookies przez Disqus nie pozwalaj\u0105 na Twoj\u0105 identyfikacj\u0119.<\/p>\n<p>Pami\u0119taj, \u017ce jako u\u017cytkownik Disqus, podlegasz regulaminowi us\u0142ugi Disqus. Ze szczeg\u00f3\u0142ami dotycz\u0105cymi prywatno\u015bci Disqus mo\u017cesz zapozna\u0107 si\u0119 tutaj:\u00a0<a href=\"https:\/\/help.disqus.com\/terms-and-policies\/disqus-privacy-policy?fbclid=IwAR0FHYrgc_7ETYoS2d2v1KkywbypdsXM0JroyMdMcK5-AcAz5__6I_YQ40o\" target=\"_blank\" rel=\"noopener\" data-ft=\"{&quot;tn&quot;:&quot;-U&quot;}\" data-lynx-mode=\"async\" data-lynx-uri=\"https:\/\/l.facebook.com\/l.php?u=https%3A%2F%2Fhelp.disqus.com%2Fterms-and-policies%2Fdisqus-privacy-policy%3Ffbclid%3DIwAR0FHYrgc_7ETYoS2d2v1KkywbypdsXM0JroyMdMcK5-AcAz5__6I_YQ40o&amp;h=AT2-THfnqlBahdK1R9aEYPzAGKm02hRgG4kLDzYNeABwuJVyGnU92QHT8jzV56yfazC8q4fgx71D2hHdrRYCcy709CkmH3J8DoLxLif13eRNl-0h40R3pL8L3z9xUDL07LBoRnHS_60plOZBS-ZLti-RmOvF4bYzMeCepQNNwn7TftL5LqfUtEsoUSc15Jh1rSI8z0fYMn_jRLrkBj3Kg6c4bMUZ-2PKDXhYOHVatFd-S0borN5V8qHqNcvUZU5U0PlLb1R9c7Vr_QwX6eWRLGD0kS7FVyukd3vYyWtAAetUijEJWuXRpEh9ftN0ijazFR1YgfBcHwQ20KyYK-1z_qY_aLpldLQ8OQ_pTYXB3r3HFuAWgDndEc78lq9sxgx6kp_IRkfOr5Crtiar2Ah7KqPi4qCdJomrmgQpEPKVELCBWCN2vNvXwTO3zb2BYhirzlBIJzN6r_sc9KgkA99L6-G80SAORXeDsD3ZCTcbBrUdBW1mAo7EdpeDTosUBNr2GHOOd8vX9zI57nYMh7KMwBCKPBEQRmBO3dPNzFJGIy_xQu6B3HPvoXshypOeC6GfFlDi6gR51biipGpUnqsA-g_s0-AAxab7___yDuZ8y4gvFjH8O_AXigMZ7sGFAIyKM-7c5boUmhBY3zbO69RAyUcTUwzD0E-3J8aa8GM4\">https:\/\/help.disqus.com\/terms-and-pol\u2026\/disqus-privacy-policy<\/a>.<\/p>\n<p>Disqus pozwala Ci r\u00f3wnie\u017c na zarz\u0105dzanie ustawieniami targetowania i personalizacji. Je\u017celi nie chcesz by informacje zbierane przez Disqus by\u0142y wykorzystywane do personalizacji kierowanych do Ciebie komunikat\u00f3w, mo\u017cesz si\u0119 temu sprzeciwi\u0107 na tej stronie:\u00a0<a href=\"https:\/\/l.facebook.com\/l.php?u=https%3A%2F%2Fdisqus.com%2Fdata-sharing-settings%2F%3Ffbclid%3DIwAR3tfUzxQnYk9ujz-m597J2oL5xgPBpsLEX8B35Gtm4Zggtq91gOW2rwtAQ&amp;h=AT2rbSiACOcGwQf_FH1CccEWAxwjmiM-fMfvJvPnyQEEGSlvpWoMkhhT47kHYNxBmTnN044dH0NyZuC8xgXoY49X1VKvVR8MG_j0yCep2ahIryQI6bkMlEoIIFYd8H-ksX9y35eiwYJcEfan28eJDSjScuW97ozFY3LQXsQ9SKP9ofJNQ9ItuWyzot9fT3BX5Eog9tVduiR8LNKUxcdaWOaEJ9kR3PobZNRbZp0mtFzPcLojl14cm4Uu_6do0dvITaj2rrfEAahFjJwbbYGlg_Pica38rxryyqrKIzR8rgkyovPnUvQMNwx7Gx-bnbyZ6JOxapzVP75uBlTwM26VZPzgt-zFOBmeRgm-LemWjoJwyOGPqnISlITIy6gPYFGIo7y1LK8dSJ0auPPnFdSTlENPIgpsa28QrpP2XzrWZwPy0OIdqK-PogvgGdPuqNEA9aFG8O0gb-uvRRgiFxxWxcZ_D2AgUS6yAqVInKMQ6DoiSl0nL0DRm3G6GKntbfBvIWah-rnUju1C7qmSP41WZbb7tzmHV9QwtyhqO3lfIA2qp_jaO05qg1VM2hnen2qXf4XLqgEOKfOyPPz1vJCOu7Xtl90_3tksKgd2n8r6YlRsnEFiE86VsWvhEE221kWAbMN5x8Ase88-gWTUrI6wXQh0mKzivTJ5aJR-9lg8\" target=\"_blank\" rel=\"noopener nofollow noreferrer\" data-ft=\"{&quot;tn&quot;:&quot;-U&quot;}\" data-lynx-mode=\"async\">https:\/\/disqus.com\/data-sharing-settings\/<\/a>.<\/p>\n<ol>\n<li style=\"list-style-type: none;\">\n<ol>\n<li style=\"list-style-type: none;\">\n<ol type=\"i\">\n<li style=\"list-style-type: none;\">\n<ol>\n<li style=\"list-style-type: none;\"><\/li>\n<\/ol>\n<\/li>\n<\/ol>\n<\/li>\n<\/ol>\n<\/li>\n<\/ol>\n<\/div>\n<\/div><\/div><\/div><div id=\"pgc-1421-0-2\"  class=\"panel-grid-cell panel-grid-cell-mobile-last\" ><div id=\"panel-1421-0-2-0\" class=\"so-panel widget widget_sow-image panel-first-child panel-last-child\" data-index=\"1\" ><div\n\t\t\t\n\t\t\tclass=\"so-widget-sow-image so-widget-sow-image-default-8b5b6f678277-1421\"\n\t\t\t\n\t\t>\n\n<div class=\"sow-image-container\">\n\t\t<img src=\"https:\/\/remediumbag.eu\/remediumwp\/wp-content\/uploads\/2021\/02\/remedium_post-24.jpg\" width=\"1080\" height=\"1080\" srcset=\"https:\/\/remediumbag.eu\/remediumwp\/wp-content\/uploads\/2021\/02\/remedium_post-24.jpg 1080w, https:\/\/remediumbag.eu\/remediumwp\/wp-content\/uploads\/2021\/02\/remedium_post-24-400x400.jpg 400w, https:\/\/remediumbag.eu\/remediumwp\/wp-content\/uploads\/2021\/02\/remedium_post-24-800x800.jpg 800w, https:\/\/remediumbag.eu\/remediumwp\/wp-content\/uploads\/2021\/02\/remedium_post-24-150x150.jpg 150w, https:\/\/remediumbag.eu\/remediumwp\/wp-content\/uploads\/2021\/02\/remedium_post-24-768x768.jpg 768w, https:\/\/remediumbag.eu\/remediumwp\/wp-content\/uploads\/2021\/02\/remedium_post-24-60x60.jpg 60w, https:\/\/remediumbag.eu\/remediumwp\/wp-content\/uploads\/2021\/02\/remedium_post-24-100x100.jpg 100w\" sizes=\"(max-width: 1080px) 100vw, 1080px\" title=\"remedium_post (24)\" alt=\"moje konto i kontakt - rozmowy przy kawie - polityka prywatno\u015bci na stronie www - zdj\u0119cie przedstawia saszetk\u0119 z telefonem i kaw\u0119 w fili\u017cance\" \t\tclass=\"so-widget-image\"\/>\n\t<\/div>\n\n<\/div><\/div><\/div><div id=\"pgc-1421-0-3\"  class=\"panel-grid-cell panel-grid-cell-empty\" ><\/div><\/div><\/div><\/div>","protected":false},"excerpt":{"rendered":"<p>Polityka prywatno\u015bci i plik\u00f3w cookies sklepu Remediumbag Niniejsza polityka prywatno\u015bci i plik\u00f3w cookies opisuje zasady post\u0119powania z danymi osobowymi oraz wykorzystywania plik\u00f3w cookies i innych technologii w ramach sklepu internetowego Remediumbag, dost\u0119pnego pod adresem https:\/\/remediumbag.eu Administratorem sklepu jest Agnieszka Sierpowska-Bartosik, &hellip; <a href=\"https:\/\/remediumbag.eu\/remediumwp\/pracownia\/polityka-prywatnosci\/\">Czytaj wi\u0119cej<\/a><\/p>\n","protected":false},"author":1,"featured_media":0,"parent":424,"menu_order":0,"comment_status":"closed","ping_status":"closed","template":"","meta":{"kt_blocks_editor_width":""},"amp_enabled":true,"_links":{"self":[{"href":"https:\/\/remediumbag.eu\/remediumwp\/wp-json\/wp\/v2\/pages\/1421"}],"collection":[{"href":"https:\/\/remediumbag.eu\/remediumwp\/wp-json\/wp\/v2\/pages"}],"about":[{"href":"https:\/\/remediumbag.eu\/remediumwp\/wp-json\/wp\/v2\/types\/page"}],"author":[{"embeddable":true,"href":"https:\/\/remediumbag.eu\/remediumwp\/wp-json\/wp\/v2\/users\/1"}],"replies":[{"embeddable":true,"href":"https:\/\/remediumbag.eu\/remediumwp\/wp-json\/wp\/v2\/comments?post=1421"}],"version-history":[{"count":8,"href":"https:\/\/remediumbag.eu\/remediumwp\/wp-json\/wp\/v2\/pages\/1421\/revisions"}],"predecessor-version":[{"id":10463,"href":"https:\/\/remediumbag.eu\/remediumwp\/wp-json\/wp\/v2\/pages\/1421\/revisions\/10463"}],"up":[{"embeddable":true,"href":"https:\/\/remediumbag.eu\/remediumwp\/wp-json\/wp\/v2\/pages\/424"}],"wp:attachment":[{"href":"https:\/\/remediumbag.eu\/remediumwp\/wp-json\/wp\/v2\/media?parent=1421"}],"curies":[{"name":"wp","href":"https:\/\/api.w.org\/{rel}","templated":true}]}}