{"id":946,"date":"2017-12-16T17:30:57","date_gmt":"2017-12-16T16:30:57","guid":{"rendered":"http:\/\/remediumbag.eu\/remediumwp\/?page_id=946"},"modified":"2019-01-30T22:34:41","modified_gmt":"2019-01-30T21:34:41","slug":"bibnumberbag-torba-z-biegania","status":"publish","type":"page","link":"https:\/\/remediumbag.eu\/remediumwp\/bibnumberbag-torba-z-biegania\/","title":{"rendered":"wyj\u0105tkowa torba biegowa BibNumberBag"},"content":{"rendered":"<div id=\"pl-946\"  class=\"panel-layout\" ><div id=\"pg-946-0\"  class=\"panel-grid panel-no-style\" ><div id=\"pgc-946-0-0\"  class=\"panel-grid-cell\" ><div id=\"panel-946-0-0-0\" class=\"so-panel widget widget_sow-editor panel-first-child panel-last-child\" data-index=\"0\" ><div class=\"panel-widget-style panel-widget-style-for-946-0-0-0\" ><div\n\t\t\t\n\t\t\tclass=\"so-widget-sow-editor so-widget-sow-editor-base\"\n\t\t\t\n\t\t>\n<div class=\"siteorigin-widget-tinymce textwidget\">\n\t<h5>Bibnumberbag to torba z numer\u00f3w startowych dla biegaj\u0105cych, czy startuj\u0105cych w innych zawodach sportowych.<\/h5>\n<p><strong>Ta marka ma swoj\u0105 osobn\u0105 stron\u0119: <a href=\"http:\/\/bibnumberbag.eu\" target=\"_blank\" rel=\"noopener\">Bibnumberbag.eu<\/a><\/strong><\/p>\n<h5>Biegasz? Startujesz w zawodach?<\/h5>\n<p>&nbsp;<\/p>\n<h5>Zapewne zbierasz swoje numery startowe! Mo\u017cesz zam\u00f3wi\u0107 u mnie:<\/h5>\n<p>&nbsp;<\/p>\n<ul>\n<li>niepowtarzaln\u0105 torb\u0119 - sportow\u0105 lub miejsk\u0105<\/li>\n<li>torebk\u0119 w stylu shopperbag<\/li>\n<li>pokrowiec - np. na laptop<\/li>\n<li>przybornik - niezb\u0119dnik do torby na start i na met\u0119<\/li>\n<\/ul>\n<p>Wykonane z wytrzyma\u0142ego materia\u0142u Tyvek (jest to papier syntetyczny, z kt\u00f3rego wykonane s\u0105 niekt\u00f3re numery startowe). Torby i akcesoria s\u0105 w pe\u0142ni funkcjonalne \ud83d\ude42<\/p>\n<p>Zamiast trzyma\u0107 swoje pami\u0105tkowe numery w pude\u0142ku, mo\u017cesz cieszy\u0107 si\u0119 tak\u0105 pami\u0105tk\u0105 na co dzie\u0144! Zajrzyj na stron\u0119 i napisz do mnie - otrzymasz niezb\u0119dne informacje, pe\u0142n\u0105 ofert\u0119 i cennik: <span style=\"color: #ff6600;\"><strong>agnieszka@bibnumberbag.eu<\/strong><\/span><\/p>\n<\/div>\n<\/div><\/div><\/div><\/div><div id=\"pgc-946-0-1\"  class=\"panel-grid-cell panel-grid-cell-empty\" ><\/div><div id=\"pgc-946-0-2\"  class=\"panel-grid-cell\" ><div id=\"panel-946-0-2-0\" class=\"so-panel widget widget_sow-image panel-first-child panel-last-child\" data-index=\"1\" ><div class=\"panel-widget-style panel-widget-style-for-946-0-2-0\" ><div\n\t\t\t\n\t\t\tclass=\"so-widget-sow-image so-widget-sow-image-default-e4c2d9f6c920-946\"\n\t\t\t\n\t\t>\n\n<div class=\"sow-image-container\">\n\t\t\t<a href=\"http:\/\/bibnumberbag.eu\" target=\"_blank\" rel=\"noopener noreferrer\">\n\t\t\t<img src=\"https:\/\/remediumbag.eu\/remediumwp\/wp-content\/uploads\/2018\/10\/BNB_instagrampost-1.jpg\" width=\"1080\" height=\"1080\" srcset=\"https:\/\/remediumbag.eu\/remediumwp\/wp-content\/uploads\/2018\/10\/BNB_instagrampost-1.jpg 1080w, https:\/\/remediumbag.eu\/remediumwp\/wp-content\/uploads\/2018\/10\/BNB_instagrampost-1-400x400.jpg 400w, https:\/\/remediumbag.eu\/remediumwp\/wp-content\/uploads\/2018\/10\/BNB_instagrampost-1-100x100.jpg 100w, https:\/\/remediumbag.eu\/remediumwp\/wp-content\/uploads\/2018\/10\/BNB_instagrampost-1-800x800.jpg 800w, https:\/\/remediumbag.eu\/remediumwp\/wp-content\/uploads\/2018\/10\/BNB_instagrampost-1-150x150.jpg 150w, https:\/\/remediumbag.eu\/remediumwp\/wp-content\/uploads\/2018\/10\/BNB_instagrampost-1-768x768.jpg 768w, https:\/\/remediumbag.eu\/remediumwp\/wp-content\/uploads\/2018\/10\/BNB_instagrampost-1-60x60.jpg 60w\" sizes=\"(max-width: 1080px) 100vw, 1080px\" title=\"torba z numer\u00f3w startowych\" alt=\"torba z numer\u00f3w startowych bibnumberbag\" \t\tclass=\"so-widget-image\"\/>\n\t<\/a><\/div>\n\n<\/div><\/div><\/div><\/div><\/div><\/div>","protected":false},"excerpt":{"rendered":"<p>Bibnumberbag to torba z numer\u00f3w startowych dla biegaj\u0105cych, czy startuj\u0105cych w innych zawodach sportowych. Ta marka ma swoj\u0105 osobn\u0105 stron\u0119: Bibnumberbag.eu Biegasz? Startujesz w zawodach? &nbsp; Zapewne zbierasz swoje numery startowe! Mo\u017cesz zam\u00f3wi\u0107 u mnie: &nbsp; niepowtarzaln\u0105 torb\u0119 &#8211; sportow\u0105 &hellip; <a href=\"https:\/\/remediumbag.eu\/remediumwp\/bibnumberbag-torba-z-biegania\/\">Czytaj wi\u0119cej<\/a><\/p>\n","protected":false},"author":1,"featured_media":0,"parent":0,"menu_order":0,"comment_status":"closed","ping_status":"closed","template":"","meta":{"kt_blocks_editor_width":""},"amp_enabled":true,"_links":{"self":[{"href":"https:\/\/remediumbag.eu\/remediumwp\/wp-json\/wp\/v2\/pages\/946"}],"collection":[{"href":"https:\/\/remediumbag.eu\/remediumwp\/wp-json\/wp\/v2\/pages"}],"about":[{"href":"https:\/\/remediumbag.eu\/remediumwp\/wp-json\/wp\/v2\/types\/page"}],"author":[{"embeddable":true,"href":"https:\/\/remediumbag.eu\/remediumwp\/wp-json\/wp\/v2\/users\/1"}],"replies":[{"embeddable":true,"href":"https:\/\/remediumbag.eu\/remediumwp\/wp-json\/wp\/v2\/comments?post=946"}],"version-history":[{"count":0,"href":"https:\/\/remediumbag.eu\/remediumwp\/wp-json\/wp\/v2\/pages\/946\/revisions"}],"wp:attachment":[{"href":"https:\/\/remediumbag.eu\/remediumwp\/wp-json\/wp\/v2\/media?parent=946"}],"curies":[{"name":"wp","href":"https:\/\/api.w.org\/{rel}","templated":true}]}}