{"id":10633,"date":"2021-03-03T10:40:46","date_gmt":"2021-03-03T09:40:46","guid":{"rendered":"https:\/\/remediumbag.eu\/remediumwp\/?post_type=product&#038;p=10633"},"modified":"2024-02-14T18:31:32","modified_gmt":"2024-02-14T17:31:32","slug":"korkowa-mini-torebka-na-telefon-3","status":"publish","type":"product","link":"https:\/\/remediumbag.eu\/remediumwp\/sklep\/korkowa-mini-torebka-na-telefon-3\/","title":{"rendered":"Korkowa mini torebka na telefon"},"content":{"rendered":"<div id=\"pl-10633\"  class=\"panel-layout\" ><div id=\"pg-10633-0\"  class=\"panel-grid panel-no-style\" ><div id=\"pgc-10633-0-0\"  class=\"panel-grid-cell\" ><div id=\"panel-10633-0-0-0\" class=\"so-panel widget widget_sow-editor panel-first-child panel-last-child\" data-index=\"0\" ><div\n\t\t\t\n\t\t\tclass=\"so-widget-sow-editor so-widget-sow-editor-base\"\n\t\t\t\n\t\t>\n<div class=\"siteorigin-widget-tinymce textwidget\">\n\t<h3>Korkowa mini torebka na telefon<\/h3>\n<p>Etui na telefon, a w\u0142a\u015bciwie ma\u0142a torebka typu crossbody. Torebeczka jest prostego kszta\u0142tu i wielko\u015bci dostosowanej do wi\u0119kszych modeli telefon\u00f3w. Tej samej wielko\u015bci wsuwka z klapk\u0105 ma przegr\u00f3dki na karty p\u0142atnicze, dow\u00f3d osobisty, czy wizyt\u00f3wki.<\/p>\n<p>Torebka wykonana jest z tkaniny korkowej. Jest to tkanina z wierzchni\u0105 warstw\u0105 naturalnego korka.<\/p>\n<p>Wk\u0142adka na karty z klapk\u0105 z zapi\u0119ciem magnetycznym wykonana jest z Washpapy, czyli specjalnego materia\u0142u z celulozy i lateksu. Magnes \u0142\u0105czy klapk\u0119 z torebk\u0105 na telefon. W ten spos\u00f3b karty pozostaj\u0105 bezpiecznie w \u015brodku, zamkni\u0119te pod klapk\u0105.<\/p>\n<p>Telefon mo\u017cna wk\u0142ada\u0107 zar\u00f3wno pod klapk\u0119, jak i z drugiej strony wk\u0142adki, je\u015bli chcemy mie\u0107 \u0142atwy dost\u0119p do telefonu, bez odpinania klapki. Wida\u0107 na jednym ze zdj\u0119\u0107 zrobionym od g\u00f3ry torebeczki.<\/p>\n<h3>Wymiary torebki na telefon<\/h3>\n<p>Korkowa torebka ma 19.5 cm. d\u0142ugo\u015bci i 11 cm. szeroko\u015bci.<\/p>\n<p>Wk\u0142adka na karty dopasowana torebki ma wysoko\u015b\u0107 19.5 cm. i 10 cm. szeroko\u015bci. Posiada 4 kieszonki na karty o wewn\u0119trznym rozmiarze 6.5cm. d\u0142ugo\u015bci i 9 cm. szeroko\u015bci. Organizer na karty mo\u017cna ewentualnie u\u017cywa\u0107 osobno - ma takie u\u0142o\u017cenie przegr\u00f3dek na karty, \u017ce da si\u0119 z\u0142o\u017cy\u0107 na p\u00f3\u0142 i zabezpieczy\u0107 szlufk\u0105 z Washpapy dodawan\u0105 do zam\u00f3wienia.<\/p>\n<p>Pasek przy torebce jest d\u0142ugo\u015bci 105 cm. Torebk\u0119 mo\u017cna nosi\u0107 na skos, lub na ramieniu, mo\u017cna te\u017c w\u0142o\u017cy\u0107 do torebki. Przedstawiona tu mini torebka na telefon ma prosty cienki pasek bez regulacji. Torebki z mo\u017cliwo\u015bci\u0105 regulacji paska to modele z bocznymi szlufkami - tylko w nich mo\u017cna dowolnie skr\u00f3ci\u0107 paseczek, lub link\u0119 zawi\u0105zuj\u0105c odpowiednio supe\u0142ki, lub nawet skracaj\u0105c taki pasek no\u017cyczkami. Regulacja jest potrzebna, je\u015bli chcemy u\u017cywa\u0107 torebeczki jako saszetki do noszenia na szyi, lub potrzebujemy kr\u00f3tszego paska. Mini torebka na telefon w innej ods\u0142onie ze szlufkami znajduje si\u0119 w tej samej kategorii <a href=\"https:\/\/remediumbag.eu\/remediumwp\/tag-produktu\/torebka-na-telefon\/\" target=\"_blank\" rel=\"noopener\">\"torebki na telefon\"<\/a>.<\/p>\n<h3>Materia\u0142y<\/h3>\n<p>Tkanina korkowa, z kt\u00f3rej wykonana jest torebka jest trwa\u0142a i elastyczna. Wyko\u0144czenie jest mi\u0142e w dotyku, aksamitne. Tkanina pochodzi z Portugalii.<\/p>\n<p>Materia\u0142 z celulozy do wewn\u0119trznej wk\u0142adki to Washpapa od polskiego dystrybutora. Jest to materia\u0142 produkcji niemieckiej.<\/p>\n<p>W tym samym kolorze s\u0105 r\u00f3wnie\u017c torebeczki z paskiem plecionym lub pojedynczym z Washpapy, lub na \u017cyczenie na lince \u017ceglarskiej, do\u0142\u0105czanej i regulowanej przez szlufki przy torebce.<\/p>\n<hr \/>\n<h3>Na miasto, na spacer, do torebki<\/h3>\n<p>Ta mini torebka na telefon powsta\u0142a z zami\u0142owania do... du\u017cych toreb. Problem z du\u017cymi torbami jest taki, \u017ce trudno w nich zorganizowa\u0107 przestrze\u0144 i bez wzgl\u0119du na to jaki organizer to takiej torby wstawimy, to na koniec dnia trudno nam znale\u017a\u0107 klucze, czy telefon. W ci\u0105gu dnia zaczynamy po prostu odk\u0142ada\u0107 na szybko rzeczy do torebki.<\/p>\n<p>W torbach Remediumbag na wyposa\u017ceniu podstawowym znajduje si\u0119 wpinana smycz na klucze i saszetka na telefon i dokumenty. Jest to dobre rozwi\u0105zanie, ale brakowa\u0142o mi \"czego\u015b\" w sytuacjach, kiedy chcia\u0142am mie\u0107 telefon i karty na wierzchu - przy sobie, a torb\u0119 zostawi\u0107 osobno. W ten spos\u00f3b powsta\u0142a ta mini torebka. Do\u015b\u0107 d\u0142ugi pasek pozwala te\u017c na przymocowanie go w \u015brodku torebki, np. za pomoc\u0105 karabi\u0144czyka. Je\u015bli potrzebujesz dodatkowego metalowego karabi\u0144czyka do swojej torebki, to prosz\u0119, daj mi zna\u0107 w komentarzu do zam\u00f3wienia - do\u0142o\u017c\u0119 taki do paczki.<\/p>\n<p>Torebeczka mo\u017ce by\u0107 ca\u0142kowicie samodzielna, kiedy wychodzimy na spacer, kr\u00f3tkie wyj\u015bcie, czy na zakupy. Mo\u017cna te\u017c szybko w\u0142o\u017cy\u0107 tak\u0105 torebk\u0119 z kartami i telefonem do du\u017cej torby i ju\u017c jeste\u015bmy gotowe na ka\u017cde wyj\u015bcie. Teraz ju\u017c stale s\u0142u\u017cy mi jako etui na telefon, a i karty, wizyt\u00f3wki, czy dow\u00f3d osobisty s\u0105 pod r\u0119k\u0105.<\/p>\n<\/div>\n<\/div><\/div><\/div><div id=\"pgc-10633-0-1\"  class=\"panel-grid-cell\" ><div id=\"panel-10633-0-1-0\" class=\"so-panel widget widget_sow-image panel-first-child\" data-index=\"1\" ><div\n\t\t\t\n\t\t\tclass=\"so-widget-sow-image so-widget-sow-image-default-8b5b6f678277-10633\"\n\t\t\t\n\t\t>\n\n<div class=\"sow-image-container\">\n\t\t<img src=\"https:\/\/remediumbag.eu\/remediumwp\/wp-content\/uploads\/2021\/03\/tkanina-korkowa-metka.jpg\" width=\"1800\" height=\"1200\" srcset=\"https:\/\/remediumbag.eu\/remediumwp\/wp-content\/uploads\/2021\/03\/tkanina-korkowa-metka.jpg 1800w, https:\/\/remediumbag.eu\/remediumwp\/wp-content\/uploads\/2021\/03\/tkanina-korkowa-metka-400x267.jpg 400w, https:\/\/remediumbag.eu\/remediumwp\/wp-content\/uploads\/2021\/03\/tkanina-korkowa-metka-1200x800.jpg 1200w, https:\/\/remediumbag.eu\/remediumwp\/wp-content\/uploads\/2021\/03\/tkanina-korkowa-metka-768x512.jpg 768w, https:\/\/remediumbag.eu\/remediumwp\/wp-content\/uploads\/2021\/03\/tkanina-korkowa-metka-1536x1024.jpg 1536w, https:\/\/remediumbag.eu\/remediumwp\/wp-content\/uploads\/2021\/03\/tkanina-korkowa-metka-272x182.jpg 272w\" sizes=\"(max-width: 1800px) 100vw, 1800px\" title=\"tkanina korkowa metka\" alt=\"-\" class=\"so-widget-image\">\n\t<\/div>\n\n<\/div><\/div><div id=\"panel-10633-0-1-1\" class=\"so-panel widget widget_sow-image\" data-index=\"2\" ><div\n\t\t\t\n\t\t\tclass=\"so-widget-sow-image so-widget-sow-image-default-8b5b6f678277-10633\"\n\t\t\t\n\t\t>\n\n<div class=\"sow-image-container\">\n\t\t<img src=\"https:\/\/remediumbag.eu\/remediumwp\/wp-content\/uploads\/2021\/03\/korkowa-torebka-na-telefon-28.jpg\" width=\"1500\" height=\"1000\" srcset=\"https:\/\/remediumbag.eu\/remediumwp\/wp-content\/uploads\/2021\/03\/korkowa-torebka-na-telefon-28.jpg 1500w, https:\/\/remediumbag.eu\/remediumwp\/wp-content\/uploads\/2021\/03\/korkowa-torebka-na-telefon-28-400x267.jpg 400w, https:\/\/remediumbag.eu\/remediumwp\/wp-content\/uploads\/2021\/03\/korkowa-torebka-na-telefon-28-1200x800.jpg 1200w, https:\/\/remediumbag.eu\/remediumwp\/wp-content\/uploads\/2021\/03\/korkowa-torebka-na-telefon-28-768x512.jpg 768w, https:\/\/remediumbag.eu\/remediumwp\/wp-content\/uploads\/2021\/03\/korkowa-torebka-na-telefon-28-272x182.jpg 272w\" sizes=\"(max-width: 1500px) 100vw, 1500px\" title=\"korkowa torebka na telefon 28\" alt=\"-\" class=\"so-widget-image\">\n\t<\/div>\n\n<\/div><\/div><div id=\"panel-10633-0-1-2\" class=\"so-panel widget widget_sow-image panel-last-child\" data-index=\"3\" ><div\n\t\t\t\n\t\t\tclass=\"so-widget-sow-image so-widget-sow-image-default-8b5b6f678277-10633\"\n\t\t\t\n\t\t>\n\n<div class=\"sow-image-container\">\n\t\t<img src=\"https:\/\/remediumbag.eu\/remediumwp\/wp-content\/uploads\/2021\/03\/korkowa-torebka-na-telefon-37.jpg\" width=\"1000\" height=\"1492\" srcset=\"https:\/\/remediumbag.eu\/remediumwp\/wp-content\/uploads\/2021\/03\/korkowa-torebka-na-telefon-37.jpg 1000w, https:\/\/remediumbag.eu\/remediumwp\/wp-content\/uploads\/2021\/03\/korkowa-torebka-na-telefon-37-536x800.jpg 536w, https:\/\/remediumbag.eu\/remediumwp\/wp-content\/uploads\/2021\/03\/korkowa-torebka-na-telefon-37-768x1146.jpg 768w, https:\/\/remediumbag.eu\/remediumwp\/wp-content\/uploads\/2021\/03\/korkowa-torebka-na-telefon-37-400x597.jpg 400w\" sizes=\"(max-width: 1000px) 100vw, 1000px\" title=\"korkowa torebka na telefon 37\" alt=\"-\" class=\"so-widget-image\">\n\t<\/div>\n\n<\/div><\/div><\/div><\/div><div id=\"pg-10633-1\"  class=\"panel-grid panel-no-style\" ><div id=\"pgc-10633-1-0\"  class=\"panel-grid-cell\" ><div id=\"panel-10633-1-0-0\" class=\"so-panel widget widget_sow-editor panel-first-child panel-last-child\" data-index=\"4\" ><div\n\t\t\t\n\t\t\tclass=\"so-widget-sow-editor so-widget-sow-editor-base\"\n\t\t\t\n\t\t>\n<div class=\"siteorigin-widget-tinymce textwidget\">\n\t<hr \/>\n<div>Remediumbag jest mark\u0105 wega\u0144sk\u0105 - wszystkie torby i akcesoria wykonane s\u0105 z materia\u0142\u00f3w naturalnych lub alternatywnych do sk\u00f3ry. Sklep jest na oficjalnej li\u015bcie <a href=\"https:\/\/www.otwarteklatki.pl\/sklepy-wolne-od-futer\" target=\"_blank\" rel=\"noopener\">Sklep\u00f3w wolnych od futer<\/a> w ramach akcji Stowarzyszenia\u00a0Otwarte Klatki.<\/div>\n<div>Jednocze\u015bnie Remediumbag znajduje si\u0119 na mi\u0119dzynarodowej li\u015bcie dla marek i projektant\u00f3w - Fur Free Retailers.\u00a0 Znajduje si\u0119 ona\u00a0<a href=\"https:\/\/furfreeretailer.com\/\" target=\"_blank\" rel=\"noreferrer noopener nofollow\" data-saferedirecturl=\"https:\/\/www.google.com\/url?q=https:\/\/furfreeretailer.com\/&amp;source=gmail&amp;ust=1614701624464000&amp;usg=AFQjCNEwLnrtsvLyOh2m2IcxVpjZhCfFbg\">tutaj<\/a>.<\/div>\n<div>\n<hr \/>\n<\/div>\n<div>Przy zapisie na Newsletter, kt\u00f3ry wysy\u0142am raz w miesi\u0105cu, przesy\u0142am aktywny kupon na pierwsze <a href=\"https:\/\/remediumbag.eu\/remediumwp\/newsletter-remediumbag-2019\/\" target=\"_blank\" rel=\"noopener\">zakupy ze zni\u017ck\u0105 -15%<\/a>. Pisz\u0119 nie tylko o nowo\u015bciach w sklepie, zapowiedziach kolekcji, ale r\u00f3wnie\u017c o tym, co ciekawego s\u0142ycha\u0107 w \u015bwiecie odpowiedzialnej mody. Zapraszam!<\/div>\n<\/div>\n<\/div><\/div><\/div><div id=\"pgc-10633-1-1\"  class=\"panel-grid-cell\" ><div id=\"panel-10633-1-1-0\" class=\"so-panel widget widget_sow-image panel-first-child panel-last-child\" data-index=\"5\" ><div\n\t\t\t\n\t\t\tclass=\"so-widget-sow-image so-widget-sow-image-default-8b5b6f678277-10633\"\n\t\t\t\n\t\t>\n\n<div class=\"sow-image-container\">\n\t\t<img src=\"https:\/\/remediumbag.eu\/remediumwp\/wp-content\/uploads\/2021\/03\/FFR_Logo_HR_PL3.png\" width=\"827\" height=\"827\" srcset=\"https:\/\/remediumbag.eu\/remediumwp\/wp-content\/uploads\/2021\/03\/FFR_Logo_HR_PL3.png 827w, https:\/\/remediumbag.eu\/remediumwp\/wp-content\/uploads\/2021\/03\/FFR_Logo_HR_PL3-400x400.png 400w, https:\/\/remediumbag.eu\/remediumwp\/wp-content\/uploads\/2021\/03\/FFR_Logo_HR_PL3-800x800.png 800w, https:\/\/remediumbag.eu\/remediumwp\/wp-content\/uploads\/2021\/03\/FFR_Logo_HR_PL3-150x150.png 150w, https:\/\/remediumbag.eu\/remediumwp\/wp-content\/uploads\/2021\/03\/FFR_Logo_HR_PL3-768x768.png 768w, https:\/\/remediumbag.eu\/remediumwp\/wp-content\/uploads\/2021\/03\/FFR_Logo_HR_PL3-60x60.png 60w, https:\/\/remediumbag.eu\/remediumwp\/wp-content\/uploads\/2021\/03\/FFR_Logo_HR_PL3-100x100.png 100w\" sizes=\"(max-width: 827px) 100vw, 827px\" alt=\"sklep wolny od futer - logo akcji Sklepy wolne od futer stowarzyszenia Otwarte Klatki\" class=\"so-widget-image\" title=\"\">\n\t<\/div>\n\n<\/div><\/div><\/div><\/div><\/div>","protected":false},"excerpt":{"rendered":"<h3>Korkowa mini torebka na telefon<\/h3>\n<p>Mini torebka na telefon i karty w ramach kr\u00f3tkiej kolekcji ze specjalnego materia\u0142u &#8211; tkaniny korkowej. Jest to w\u0142a\u015bciwie zestaw sk\u0142adaj\u0105cy si\u0119 za ma\u0142ej torebki na pasku typu crossbody oraz pokrowca z klapk\u0105 na karty i dokumenty.<\/p>\n<p>Naturalny wygl\u0105d, dla mi\u0142o\u015bnik\u00f3w natury, spacer\u00f3w i le\u015bnych klimat\u00f3w. Minimalistyczna forma i naturalne kolory sprawiaj\u0105, \u017ce jest to mini torebka na telefon w uniwersalnej wydaniu, r\u00f3wnie\u017c do wygodnych miejskich stylizacji.<\/p>\n<p>Korek jest surowcem ekologicznym &#8211; drzewo, z kt\u00f3rego pozyskuje si\u0119 kor\u0119 to d\u0105b korkowy (jest to kora obumar\u0142a, kt\u00f3ra na nowo przyrasta). <a href=\"https:\/\/remediumbag.eu\/remediumwp\/tkanina-korkowa-weganska-skora\/\" target=\"_blank\" rel=\"noopener\">Tkanina korkowa<\/a> jest to materia\u0142 z warstw\u0105 takiego naturalnego korka, nazywany r\u00f3wnie\u017c wega\u0144sk\u0105 sk\u00f3r\u0105. Tkanina jest produkcji portugalskiej.<\/p>\n<p>Organizer na karty, to dopasowana do torebki wk\u0142adka wykonana z <a href=\"https:\/\/remediumbag.eu\/remediumwp\/washable-kraft-paper\/\" target=\"_blank\" rel=\"noopener\">Washpapy<\/a>, kt\u00f3r\u0105 mo\u017cna ca\u0142kowicie wyj\u0105\u0107. Magnes w klapce \u0142\u0105czy wk\u0142adk\u0119 z etui na telefon. Washpapa jest produkcji niemieckiej. Materia\u0142 ten nie tylko jest stworzony do szycia, ale mo\u017cna go r\u00f3wnie\u017c wypra\u0107 i wyprasowa\u0107. Tak jak i tkanina korkowa jest to \u015bwietna alternatywa do sk\u00f3ry i rozwi\u0105zanie dla wega\u0144skich torebek.<\/p>\n<p>Dbamy o \u015brodowisko, dlatego wszystkie przesy\u0142ki r\u00f3wnie\u017c\u00a0 <a href=\"https:\/\/remediumbag.eu\/remediumwp\/jak-pakujemy-produkty\/\" target=\"_blank\" rel=\"noopener\">pakujemy ekologicznie<\/a>.<\/p>\n<p>Rozmiary:<\/p>\n<ul>\n<li>mini torebka na telefon z tkaniny korkowej: 19.5cm. x 11 cm.<\/li>\n<li>wk\u0142adka na karty (4 przegr\u00f3dki) z materia\u0142u z celulozy: 19.5cm. x 10cm.<\/li>\n<li>d\u0142ugo\u015b\u0107 paska od torebki: oko\u0142o 105 cm.<\/li>\n<\/ul>\n<p>&nbsp;<\/p>\n","protected":false},"featured_media":10623,"template":"","meta":{"kt_blocks_editor_width":""},"product_cat":[226,247,241],"product_tag":[230,248,252],"amp_enabled":true,"_links":{"self":[{"href":"https:\/\/remediumbag.eu\/remediumwp\/wp-json\/wp\/v2\/product\/10633"}],"collection":[{"href":"https:\/\/remediumbag.eu\/remediumwp\/wp-json\/wp\/v2\/product"}],"about":[{"href":"https:\/\/remediumbag.eu\/remediumwp\/wp-json\/wp\/v2\/types\/product"}],"wp:featuredmedia":[{"embeddable":true,"href":"https:\/\/remediumbag.eu\/remediumwp\/wp-json\/wp\/v2\/media\/10623"}],"wp:attachment":[{"href":"https:\/\/remediumbag.eu\/remediumwp\/wp-json\/wp\/v2\/media?parent=10633"}],"wp:term":[{"taxonomy":"product_cat","embeddable":true,"href":"https:\/\/remediumbag.eu\/remediumwp\/wp-json\/wp\/v2\/product_cat?post=10633"},{"taxonomy":"product_tag","embeddable":true,"href":"https:\/\/remediumbag.eu\/remediumwp\/wp-json\/wp\/v2\/product_tag?post=10633"}],"curies":[{"name":"wp","href":"https:\/\/api.w.org\/{rel}","templated":true}]}}