{"id":2217,"date":"2019-01-09T19:41:42","date_gmt":"2019-01-09T18:41:42","guid":{"rendered":"http:\/\/remediumbag.eu\/remediumwp\/?post_type=product&#038;p=2217"},"modified":"2019-07-10T20:34:06","modified_gmt":"2019-07-10T18:34:06","slug":"torba-open-mind-papierowa-szara","status":"publish","type":"product","link":"https:\/\/remediumbag.eu\/remediumwp\/sklep\/torba-open-mind-papierowa-szara\/","title":{"rendered":"torba z papieru OpenMind szara"},"content":{"rendered":"<div id=\"pl-2217\"  class=\"panel-layout\" ><div id=\"pg-2217-0\"  class=\"panel-grid panel-no-style\" ><div id=\"pgc-2217-0-0\"  class=\"panel-grid-cell\" ><div id=\"panel-2217-0-0-0\" class=\"so-panel widget widget_sow-editor panel-first-child panel-last-child\" data-index=\"0\" ><div\n\t\t\t\n\t\t\tclass=\"so-widget-sow-editor so-widget-sow-editor-base\"\n\t\t\t\n\t\t>\n<div class=\"siteorigin-widget-tinymce textwidget\">\n\t<h3>Kolekcja Origami City<\/h3>\n<p>&nbsp;<\/p>\n<p>Kolekcja Origami City to torby inspirowane japo\u0144sk\u0105 sztuk\u0105 sk\u0142adania papieru Origami. Torby s\u0105 oryginalne w formie, ale proste i bardzo praktyczne w u\u017cytkowaniu. Ka\u017cda du\u017ca torba ma wpinan\u0105 saszetk\u0119 na dokumenty i smycz na klucze. Wykonane s\u0105 z grubego brezentu lnianego lub specjalnego papieru do szycia. Impregnowany len jest produkowany w zak\u0142adach pod \u0141odzi\u0105. Brezent lniany o tak wysokiej gramaturze jest sztywny, ale z czasem b\u0119dzie robi\u0142 si\u0119 bardziej mi\u0119kki. Mo\u017ce te\u017c przeciera\u0107 si\u0119 naturalnie na kraw\u0119dziach i miejscach zgi\u0119cia materia\u0142u. Tkaniny papierowa jest podobnej wytrzyma\u0142o\u015bci co bawe\u0142na. Jest to materia\u0142 kt\u00f3ry mo\u017cna pra\u0107 i prasowa\u0107. W wygl\u0105dzie przypomina zar\u00f3wno sk\u00f3r\u0119 jak i papier.<\/p>\n<p>&nbsp;<\/p>\n<h4>Torba z papieru do szycia \/ model OpenMind<\/h4>\n<p>&nbsp;<\/p>\n<p>Open Mind to du\u017ca otwarta torba na rami\u0119 inspirowana Origami - japo\u0144sk\u0105 sztuk\u0105 sk\u0142adania papieru.<\/p>\n<p>Tkanina papierowa jest gruba - mo\u017cna\u00a0 j\u0105 por\u00f3wna\u0107 z grubo\u015bci\u0105 tradycyjnego, papierowego brystolu.<\/p>\n<p>Papier do szycia mo\u017cna te\u017c pra\u0107 i prasowa\u0107. Jest to celuloza z domieszk\u0105 lateksu syntetycznego. Namoczona jest jeszcze bardziej wytrzyma\u0142a! Po ka\u017cdym praniu i przy d\u0142ugim u\u017cytkowaniu papier stopniowo nabiera mi\u0119kko\u015bci i zagniece\u0144 - materia\u0142 nabiera struktury podobnej z czasem do struktury sk\u00f3ry.<\/p>\n<p>W \u015brodku du\u017ca przestrze\u0144 oraz dwie praktyczne szlufki z metalowymi k\u00f3\u0142kami do wpinania wyposa\u017cenia. Na sta\u0142ym wyposa\u017ceniu jest wpinana smycz na klucze oraz ma\u0142a saszetka. Saszetka ta ma r\u00f3wnie\u017c szlufk\u0119 do noszenia przy biodrze (tzw. nerka, biodr\u00f3wka). Saszetka zapinana jest na magnes i pomie\u015bci telefon, portfel, chusteczki.<\/p>\n<p>Szeroki lniany pasek do noszenia na ramieniu, albo \"na skos\" (dla drobniejszych os\u00f3b).<\/p>\n<\/div>\n<\/div><\/div><\/div><div id=\"pgc-2217-0-1\"  class=\"panel-grid-cell\" ><div id=\"panel-2217-0-1-0\" class=\"so-panel widget widget_sow-image panel-first-child\" data-index=\"1\" ><div\n\t\t\t\n\t\t\tclass=\"so-widget-sow-image so-widget-sow-image-default-c43113e78d82-2217\"\n\t\t\t\n\t\t>\n\n<div class=\"sow-image-container\">\n\t\t\t<a href=\"http:\/\/remediumbag.eu\/remediumwp\/wp-content\/uploads\/2018\/12\/metka_loveletters.jpg\"\n\t\t\ttarget=\"_blank\" rel=\"noopener noreferrer\" \t\t>\n\t\t\t<img src=\"https:\/\/remediumbag.eu\/remediumwp\/wp-content\/uploads\/2018\/12\/metka_openmind.jpg\" width=\"576\" height=\"384\" srcset=\"https:\/\/remediumbag.eu\/remediumwp\/wp-content\/uploads\/2018\/12\/metka_openmind.jpg 576w, https:\/\/remediumbag.eu\/remediumwp\/wp-content\/uploads\/2018\/12\/metka_openmind-400x267.jpg 400w, https:\/\/remediumbag.eu\/remediumwp\/wp-content\/uploads\/2018\/12\/metka_openmind-272x182.jpg 272w\" sizes=\"(max-width: 576px) 100vw, 576px\" title=\"metka dla modelu open mind z kolekcji origami city\" alt=\"metka torby open mind\" \t\tclass=\"so-widget-image\"\/>\n\t<\/a><\/div>\n\n<\/div><\/div><div id=\"panel-2217-0-1-1\" class=\"so-panel widget widget_sow-image panel-last-child\" data-index=\"2\" ><div\n\t\t\t\n\t\t\tclass=\"so-widget-sow-image so-widget-sow-image-default-c43113e78d82-2217\"\n\t\t\t\n\t\t>\n\n<div class=\"sow-image-container\">\n\t\t\t<a href=\"http:\/\/remediumbag.eu\/remediumwp\/wp-content\/uploads\/2018\/12\/metka_papier.jpg\"\n\t\t\t\t\t>\n\t\t\t<img src=\"https:\/\/remediumbag.eu\/remediumwp\/wp-content\/uploads\/2018\/12\/metka_papier.jpg\" width=\"576\" height=\"384\" srcset=\"https:\/\/remediumbag.eu\/remediumwp\/wp-content\/uploads\/2018\/12\/metka_papier.jpg 576w, https:\/\/remediumbag.eu\/remediumwp\/wp-content\/uploads\/2018\/12\/metka_papier-400x267.jpg 400w, https:\/\/remediumbag.eu\/remediumwp\/wp-content\/uploads\/2018\/12\/metka_papier-272x182.jpg 272w\" sizes=\"(max-width: 576px) 100vw, 576px\" title=\"metka dla kolekcji z papieru do szycia\" alt=\"metka dla kolekcji toreb z papieru do szycia\" \t\tclass=\"so-widget-image\"\/>\n\t<\/a><\/div>\n\n<\/div><\/div><\/div><\/div><\/div>","protected":false},"excerpt":{"rendered":"<h4>Torba z papieru OpenMind odcie\u0144 szary kamie\u0144<\/h4>\n<p>Jest to model torby miejskiej:<\/p>\n<ul>\n<li>torebka w kolorze szarym<\/li>\n<li>wykonana ze specjalnego papieru do szycia<\/li>\n<li>pojemna przestrze\u0144 i wygodny szeroki uchwyt z czarnego lnu<\/li>\n<li>wewn\u0105trz 2 metalowe k\u00f3\u0142ka do wpinania<\/li>\n<li>wpinana smycz na klucze<\/li>\n<li>wpinana saszetka na telefon i dokumenty, ze szlufk\u0105 na pasek (funkcja nerki)<\/li>\n<li>przybli\u017cone rozmiary: szeroko\u015b\u0107 oko\u0142o 55 cm, wysoko\u015b\u0107 oko\u0142o 60 cm.<\/li>\n<li>materia\u0142 produkcji niemieckiej<\/li>\n<\/ul>\n","protected":false},"featured_media":7893,"template":"","meta":{"kt_blocks_editor_width":""},"product_cat":[134,135,165],"product_tag":[143,159,158],"amp_enabled":true,"_links":{"self":[{"href":"https:\/\/remediumbag.eu\/remediumwp\/wp-json\/wp\/v2\/product\/2217"}],"collection":[{"href":"https:\/\/remediumbag.eu\/remediumwp\/wp-json\/wp\/v2\/product"}],"about":[{"href":"https:\/\/remediumbag.eu\/remediumwp\/wp-json\/wp\/v2\/types\/product"}],"wp:featuredmedia":[{"embeddable":true,"href":"https:\/\/remediumbag.eu\/remediumwp\/wp-json\/wp\/v2\/media\/7893"}],"wp:attachment":[{"href":"https:\/\/remediumbag.eu\/remediumwp\/wp-json\/wp\/v2\/media?parent=2217"}],"wp:term":[{"taxonomy":"product_cat","embeddable":true,"href":"https:\/\/remediumbag.eu\/remediumwp\/wp-json\/wp\/v2\/product_cat?post=2217"},{"taxonomy":"product_tag","embeddable":true,"href":"https:\/\/remediumbag.eu\/remediumwp\/wp-json\/wp\/v2\/product_tag?post=2217"}],"curies":[{"name":"wp","href":"https:\/\/api.w.org\/{rel}","templated":true}]}}