{"id":7631,"date":"2019-02-06T17:44:46","date_gmt":"2019-02-06T16:44:46","guid":{"rendered":"http:\/\/remediumbag.eu\/remediumwp\/?post_type=product&#038;p=7631"},"modified":"2021-03-29T10:09:48","modified_gmt":"2021-03-29T08:09:48","slug":"chusta-lniana-szarotka","status":"publish","type":"product","link":"https:\/\/remediumbag.eu\/remediumwp\/sklep\/chusta-lniana-szarotka\/","title":{"rendered":"chusta lniana szarotka"},"content":{"rendered":"<div id=\"pl-7631\"  class=\"panel-layout\" ><div id=\"pg-7631-0\"  class=\"panel-grid panel-no-style\" ><div id=\"pgc-7631-0-0\"  class=\"panel-grid-cell\" ><div id=\"panel-7631-0-0-0\" class=\"so-panel widget widget_black-studio-tinymce widget_black_studio_tinymce panel-first-child panel-last-child\" data-index=\"0\" ><div class=\"textwidget\"><h3>Chusta lniana<\/h3>\n<p>wykonana z tkaniny polskiej produkcji - 100% len. Chusta jest kwadratowa o du\u017cych rozmiarach, co pozwala nosi\u0107 j\u0105 na wiele spos\u00f3b: jak apaszk\u0119 pod szyj\u0119, jak pled, zawi\u0105zan\u0105 na g\u0142owie, lub nawet wok\u00f3\u0142 bioder. Wybrane tkaniny dobrze si\u0119 uk\u0142adaj\u0105, maj\u0105 mi\u0119kki lub \u015bredni chwyt.. Przy ka\u017cdej chu\u015bcie znajduje si\u0119 szlufka z papieru do szycia - materia\u0142y przypominaj\u0105cego papier, kt\u00f3ry jednak mo\u017cna pra\u0107 i prasowa\u0107. Szlufka mo\u017ce s\u0142u\u017cy\u0107 jako wieszaczek, ale jest na tyle szeroka, \u017ce przydaje si\u0119 jako szlufka przy noszeniu. Mo\u017cna prze\u0142o\u017cy\u0107 przez ni\u0105 r\u00f3g chusty. Wyko\u0144czenie maszynowe - brzeg podwini\u0119ty, lub o widocznym surowym brzegu. Mo\u017cna pra\u0107 w temperaturze do 40 stopni oraz prasowa\u0107 najwy\u017csz\u0105 temperatur\u0105 z par\u0105.<\/p>\n<\/div><\/div><\/div><div id=\"pgc-7631-0-1\"  class=\"panel-grid-cell\" ><div id=\"panel-7631-0-1-0\" class=\"so-panel widget widget_sow-image panel-first-child panel-last-child\" data-index=\"1\" ><div\n\t\t\t\n\t\t\tclass=\"so-widget-sow-image so-widget-sow-image-default-6ec9e3772f75-7631\"\n\t\t\t\n\t\t>\n\n<div class=\"sow-image-container\">\n\t\t\t<a href=\"http:\/\/remediumbag.eu\/remediumwp\/wp-content\/uploads\/2018\/12\/metka_len.jpg\"\n\t\t\ttarget=\"_blank\" rel=\"noopener noreferrer\" \t\t>\n\t\t\t<img src=\"https:\/\/remediumbag.eu\/remediumwp\/wp-content\/uploads\/2018\/12\/metka_len.jpg\" width=\"576\" height=\"384\" srcset=\"https:\/\/remediumbag.eu\/remediumwp\/wp-content\/uploads\/2018\/12\/metka_len.jpg 576w, https:\/\/remediumbag.eu\/remediumwp\/wp-content\/uploads\/2018\/12\/metka_len-400x267.jpg 400w, https:\/\/remediumbag.eu\/remediumwp\/wp-content\/uploads\/2018\/12\/metka_len-272x182.jpg 272w\" sizes=\"(max-width: 576px) 100vw, 576px\" title=\"matka do kolekcji lnianej\" alt=\"kolekcja lniana - metka produktu\" \t\tclass=\"so-widget-image\"\/>\n\t<\/a><\/div>\n\n<\/div><\/div><\/div><\/div><\/div>","protected":false},"excerpt":{"rendered":"<p>Chusta lniana ciemnoszara &#8211; Szarotka<\/p>\n<p>Chusta grubsza, mi\u0119kka o widocznym p\u0142\u00f3ciennym splocie.<\/p>\n<p>D\u0142ugo\u015b\u0107 boku &#8211; oko\u0142o 100 cm.<\/p>\n<p>Wyko\u0144czenie maszynowe z widocznym strz\u0119pionym brzegiem.<\/p>\n<p>Praktyczna zawieszka z tkaniny papierowej (odporna na pranie i prasowanie).<\/p>\n<p>Pra\u0107 w temperaturze 40 stopni, Mo\u017cna prasowa\u0107 \u0142\u0105cznie z zawieszk\u0105.<\/p>\n<p>Nie suszy\u0107 w suszarce mechanicznej.<\/p>\n","protected":false},"featured_media":1643,"template":"","meta":{"kt_blocks_editor_width":""},"product_cat":[131],"product_tag":[160,148],"amp_enabled":true,"_links":{"self":[{"href":"https:\/\/remediumbag.eu\/remediumwp\/wp-json\/wp\/v2\/product\/7631"}],"collection":[{"href":"https:\/\/remediumbag.eu\/remediumwp\/wp-json\/wp\/v2\/product"}],"about":[{"href":"https:\/\/remediumbag.eu\/remediumwp\/wp-json\/wp\/v2\/types\/product"}],"wp:featuredmedia":[{"embeddable":true,"href":"https:\/\/remediumbag.eu\/remediumwp\/wp-json\/wp\/v2\/media\/1643"}],"wp:attachment":[{"href":"https:\/\/remediumbag.eu\/remediumwp\/wp-json\/wp\/v2\/media?parent=7631"}],"wp:term":[{"taxonomy":"product_cat","embeddable":true,"href":"https:\/\/remediumbag.eu\/remediumwp\/wp-json\/wp\/v2\/product_cat?post=7631"},{"taxonomy":"product_tag","embeddable":true,"href":"https:\/\/remediumbag.eu\/remediumwp\/wp-json\/wp\/v2\/product_tag?post=7631"}],"curies":[{"name":"wp","href":"https:\/\/api.w.org\/{rel}","templated":true}]}}