{"id":7789,"date":"2019-03-22T14:38:45","date_gmt":"2019-03-22T13:38:45","guid":{"rendered":"http:\/\/remediumbag.eu\/remediumwp\/?post_type=product&#038;p=7789"},"modified":"2020-11-24T22:05:43","modified_gmt":"2020-11-24T21:05:43","slug":"saszeta-len-naturalna-2","status":"publish","type":"product","link":"https:\/\/remediumbag.eu\/remediumwp\/sklep\/saszeta-len-naturalna-2\/","title":{"rendered":"saszeta len naturalna"},"content":{"rendered":"<div id=\"pl-7789\"  class=\"panel-layout\" ><div id=\"pg-7789-0\"  class=\"panel-grid panel-no-style\" ><div id=\"pgc-7789-0-0\"  class=\"panel-grid-cell\" ><div id=\"panel-7789-0-0-0\" class=\"so-panel widget widget_sow-editor panel-first-child panel-last-child\" data-index=\"0\" ><div\n\t\t\t\n\t\t\tclass=\"so-widget-sow-editor so-widget-sow-editor-base\"\n\t\t\t\n\t\t>\n<div class=\"siteorigin-widget-tinymce textwidget\">\n\t<h4>Saszeta lniana<\/h4>\n<h5>Saszetka, etui, kosmetyczka - dla porz\u0105dku w torebce.<\/h5>\n<p>&nbsp;<\/p>\n<p>Du\u017cych rozmiar\u00f3w saszeta, kt\u00f3ra pomie\u015bci nie jeden notes, ale i inne dokumenty i drobiazgi. Doskona\u0142a do zorganizowania porz\u0105dku w torbie. Pakuj\u0105c do niej niezb\u0119dne rzeczy mo\u017cesz szybko przepakowa\u0107 si\u0119 z torby do torby.<\/p>\n<p>Zamykana na zamek b\u0142yskawiczny. Posiada r\u00f3wnie\u017c 2 k\u00f3\u0142ka, kt\u00f3re umo\u017cliwiaj\u0105 na wpi\u0119cie jej w bezpieczny spos\u00f3b do torby. Mo\u017cna r\u00f3wnie\u017c przypi\u0105\u0107 w\u0142asny pasek i u\u017cywa\u0107 jako prost\u0105 minimalistyczn\u0105 torebk\u0119 \u015brednich rozmiar\u00f3w.<\/p>\n<p>Len i papier s\u0105 wystarczaj\u0105co sztywne, alby dokumenety nie gniot\u0142y si\u0119.<\/p>\n<\/div>\n<\/div><\/div><\/div><div id=\"pgc-7789-0-1\"  class=\"panel-grid-cell\" ><div id=\"panel-7789-0-1-0\" class=\"so-panel widget widget_sow-image panel-first-child panel-last-child\" data-index=\"1\" ><div\n\t\t\t\n\t\t\tclass=\"so-widget-sow-image so-widget-sow-image-default-c43113e78d82-7789\"\n\t\t\t\n\t\t>\n\n<div class=\"sow-image-container\">\n\t\t\t<a href=\"http:\/\/remediumbag.eu\/remediumwp\/wp-content\/uploads\/2018\/12\/metka_papier.jpg\"\n\t\t\t\t\t>\n\t\t\t<img src=\"https:\/\/remediumbag.eu\/remediumwp\/wp-content\/uploads\/2018\/12\/metka_brezent.jpg\" width=\"576\" height=\"384\" srcset=\"https:\/\/remediumbag.eu\/remediumwp\/wp-content\/uploads\/2018\/12\/metka_brezent.jpg 576w, https:\/\/remediumbag.eu\/remediumwp\/wp-content\/uploads\/2018\/12\/metka_brezent-400x267.jpg 400w, https:\/\/remediumbag.eu\/remediumwp\/wp-content\/uploads\/2018\/12\/metka_brezent-272x182.jpg 272w\" sizes=\"(max-width: 576px) 100vw, 576px\" title=\"metka brezent lniany\" alt=\"metka dla produkt\u00f3w z brezentu lnianego\" \t\tclass=\"so-widget-image\"\/>\n\t<\/a><\/div>\n\n<\/div><\/div><\/div><\/div><\/div>","protected":false},"excerpt":{"rendered":"<h5>Saszeta do utrzymania porz\u0105dku w torbie.<\/h5>\n<ul>\n<li>saszeta w kolorze naturalnego lnu<\/li>\n<li>wykonana z impregnowanego brezentu lnianego<\/li>\n<li>elementy wyko\u0144czeniowe z papieru do szycia<\/li>\n<li>pojemna &#8211; pomie\u015bci du\u017cy notes, tablet, dokumenty<\/li>\n<li>zapinana na zamek<\/li>\n<li>2 metalowe k\u00f3\u0142ka do wpinania lub do paska<\/li>\n<li>przybli\u017cone rozmiary: szeroko\u015b\u0107 39 cm, wysoko\u015b\u0107 25 cm.<\/li>\n<\/ul>\n","protected":false},"featured_media":7790,"template":"","meta":{"kt_blocks_editor_width":""},"product_cat":[132,226,133],"product_tag":[172,170,171,169,168,167,173],"amp_enabled":true,"_links":{"self":[{"href":"https:\/\/remediumbag.eu\/remediumwp\/wp-json\/wp\/v2\/product\/7789"}],"collection":[{"href":"https:\/\/remediumbag.eu\/remediumwp\/wp-json\/wp\/v2\/product"}],"about":[{"href":"https:\/\/remediumbag.eu\/remediumwp\/wp-json\/wp\/v2\/types\/product"}],"wp:featuredmedia":[{"embeddable":true,"href":"https:\/\/remediumbag.eu\/remediumwp\/wp-json\/wp\/v2\/media\/7790"}],"wp:attachment":[{"href":"https:\/\/remediumbag.eu\/remediumwp\/wp-json\/wp\/v2\/media?parent=7789"}],"wp:term":[{"taxonomy":"product_cat","embeddable":true,"href":"https:\/\/remediumbag.eu\/remediumwp\/wp-json\/wp\/v2\/product_cat?post=7789"},{"taxonomy":"product_tag","embeddable":true,"href":"https:\/\/remediumbag.eu\/remediumwp\/wp-json\/wp\/v2\/product_tag?post=7789"}],"curies":[{"name":"wp","href":"https:\/\/api.w.org\/{rel}","templated":true}]}}