{"id":7914,"date":"2019-04-12T21:07:39","date_gmt":"2019-04-12T19:07:39","guid":{"rendered":"http:\/\/remediumbag.eu\/remediumwp\/?post_type=product&#038;p=7914"},"modified":"2019-10-06T20:58:00","modified_gmt":"2019-10-06T18:58:00","slug":"torba-len-papier-czarna-blysk","status":"publish","type":"product","link":"https:\/\/remediumbag.eu\/remediumwp\/sklep\/torba-len-papier-czarna-blysk\/","title":{"rendered":"torba lniana OpenMind"},"content":{"rendered":"<div id=\"pl-7914\"  class=\"panel-layout\" ><div id=\"pg-7914-0\"  class=\"panel-grid panel-no-style\" ><div id=\"pgc-7914-0-0\"  class=\"panel-grid-cell\" ><div id=\"panel-7914-0-0-0\" class=\"so-panel widget widget_sow-editor panel-first-child panel-last-child\" data-index=\"0\" ><div\n\t\t\t\n\t\t\tclass=\"so-widget-sow-editor so-widget-sow-editor-base\"\n\t\t\t\n\t\t>\n<div class=\"siteorigin-widget-tinymce textwidget\">\n\t<h3>Kolekcja Origami City<\/h3>\n<p>&nbsp;<\/p>\n<p>Kolekcja Origami City to torby inspirowane japo\u0144sk\u0105 sztuk\u0105 sk\u0142adania papieru Origami. Torby s\u0105 oryginalne w formie, ale proste i bardzo praktyczne w u\u017cytkowaniu. Ka\u017cda du\u017ca torba ma wpinan\u0105 saszetk\u0119 na dokumenty i smycz na klucze. Wykonane s\u0105 z grubego brezentu lnianego lub specjalnego papieru do szycia. Impregnowany len jest produkowany w zak\u0142adach pod \u0141odzi\u0105. Brezent lniany o tak wysokiej gramaturze jest sztywny, ale z czasem b\u0119dzie robi\u0142 si\u0119 bardziej mi\u0119kki. Mo\u017ce te\u017c przeciera\u0107 si\u0119 naturalnie na kraw\u0119dziach i miejscach zgi\u0119cia materia\u0142u. Tkaniny papierowa jest podobnej wytrzyma\u0142o\u015bci co bawe\u0142na. Jest to materia\u0142 kt\u00f3ry mo\u017cna pra\u0107 i prasowa\u0107. W wygl\u0105dzie przypomina zar\u00f3wno sk\u00f3r\u0119 jak i papier.<\/p>\n<p>&nbsp;<\/p>\n<h4>Torba lniana \/ model OpenMind<\/h4>\n<p>W \u015brodku du\u017ca przestrze\u0144 oraz dwie praktyczne szlufki z metalowymi k\u00f3\u0142kami do wpinania wyposa\u017cenia. Na sta\u0142ym wyposa\u017ceniu jest wpinana smycz na klucze oraz ma\u0142a saszetka z papieru do szycia. Saszetka ta ma r\u00f3wnie\u017c szlufk\u0119 do noszenia przy biodrze (tzw. nerka, biodr\u00f3wka). Saszetka zapinana jest na magnes i pomie\u015bci telefon, portfel, chusteczki.<\/p>\n<p>Szeroki lniany pasek do noszenia na ramieniu, albo \"na skos\" (dla drobniejszych os\u00f3b).<\/p>\n<p>&nbsp;<\/p>\n<\/div>\n<\/div><\/div><\/div><div id=\"pgc-7914-0-1\"  class=\"panel-grid-cell\" ><div id=\"panel-7914-0-1-0\" class=\"so-panel widget widget_sow-image panel-first-child\" data-index=\"1\" ><div\n\t\t\t\n\t\t\tclass=\"so-widget-sow-image so-widget-sow-image-default-c43113e78d82-7914\"\n\t\t\t\n\t\t>\n\n<div class=\"sow-image-container\">\n\t\t\t<a href=\"http:\/\/remediumbag.eu\/remediumwp\/wp-content\/uploads\/2018\/12\/metka_openmind.jpg\"\n\t\t\ttarget=\"_blank\" rel=\"noopener noreferrer\" \t\t>\n\t\t\t<img src=\"https:\/\/remediumbag.eu\/remediumwp\/wp-content\/uploads\/2018\/12\/metka_openmind.jpg\" width=\"576\" height=\"384\" srcset=\"https:\/\/remediumbag.eu\/remediumwp\/wp-content\/uploads\/2018\/12\/metka_openmind.jpg 576w, https:\/\/remediumbag.eu\/remediumwp\/wp-content\/uploads\/2018\/12\/metka_openmind-400x267.jpg 400w, https:\/\/remediumbag.eu\/remediumwp\/wp-content\/uploads\/2018\/12\/metka_openmind-272x182.jpg 272w\" sizes=\"(max-width: 576px) 100vw, 576px\" title=\"metka dla modelu open mind z kolekcji origami city\" alt=\"metka torby open mind\" \t\tclass=\"so-widget-image\"\/>\n\t<\/a><\/div>\n\n<\/div><\/div><div id=\"panel-7914-0-1-1\" class=\"so-panel widget widget_sow-image panel-last-child\" data-index=\"2\" ><div\n\t\t\t\n\t\t\tclass=\"so-widget-sow-image so-widget-sow-image-default-c43113e78d82-7914\"\n\t\t\t\n\t\t>\n\n<div class=\"sow-image-container\">\n\t\t\t<a href=\"http:\/\/remediumbag.eu\/remediumwp\/wp-content\/uploads\/2018\/12\/metka_brezent.jpg\"\n\t\t\t\t\t>\n\t\t\t<img src=\"https:\/\/remediumbag.eu\/remediumwp\/wp-content\/uploads\/2018\/12\/metka_brezent.jpg\" width=\"576\" height=\"384\" srcset=\"https:\/\/remediumbag.eu\/remediumwp\/wp-content\/uploads\/2018\/12\/metka_brezent.jpg 576w, https:\/\/remediumbag.eu\/remediumwp\/wp-content\/uploads\/2018\/12\/metka_brezent-400x267.jpg 400w, https:\/\/remediumbag.eu\/remediumwp\/wp-content\/uploads\/2018\/12\/metka_brezent-272x182.jpg 272w\" sizes=\"(max-width: 576px) 100vw, 576px\" title=\"metka brezent lniany\" alt=\"metka dla produkt\u00f3w z brezentu lnianego\" \t\tclass=\"so-widget-image\"\/>\n\t<\/a><\/div>\n\n<\/div><\/div><\/div><\/div><\/div>","protected":false},"excerpt":{"rendered":"<h3>Torba lniana OpenMind to model torby miejskiej :<\/h3>\n<ul>\n<li>torba lniana w kolorze czarnym (z lekkim po\u0142yskiem)<\/li>\n<li>wykonana z impregnowanego brezentu lnianego<\/li>\n<li>szeroki brzeg torby ze specjalnego papieru do szycia w wersji g\u0142adkiej (wygl\u0105d jak brystol)<\/li>\n<li>pojemna przestrze\u0144 i wygodny szeroki uchwyt<\/li>\n<li>widoczne wszywka i smycz wykonane ze specjalnego papieru do szycia<\/li>\n<li>wewn\u0105trz 2 metalowe k\u00f3\u0142ka do wpinania<\/li>\n<li>wpinana smycz na klucze<\/li>\n<li>wpinana saszetka na telefon i dokumenty, ze szlufk\u0105 na pasek (funkcja nerki)<\/li>\n<li>przybli\u017cone rozmiary: szeroko\u015b\u0107 oko\u0142o 55 cm, wysoko\u015b\u0107 oko\u0142o 60 cm.<\/li>\n<li>materia\u0142 lniany polskiej produkcji<\/li>\n<li>papier do szycia produkcji niemieckiej<\/li>\n<\/ul>\n","protected":false},"featured_media":7915,"template":"","meta":{"kt_blocks_editor_width":""},"product_cat":[134,135,164],"product_tag":[161,143,159,162,158,167],"amp_enabled":true,"_links":{"self":[{"href":"https:\/\/remediumbag.eu\/remediumwp\/wp-json\/wp\/v2\/product\/7914"}],"collection":[{"href":"https:\/\/remediumbag.eu\/remediumwp\/wp-json\/wp\/v2\/product"}],"about":[{"href":"https:\/\/remediumbag.eu\/remediumwp\/wp-json\/wp\/v2\/types\/product"}],"wp:featuredmedia":[{"embeddable":true,"href":"https:\/\/remediumbag.eu\/remediumwp\/wp-json\/wp\/v2\/media\/7915"}],"wp:attachment":[{"href":"https:\/\/remediumbag.eu\/remediumwp\/wp-json\/wp\/v2\/media?parent=7914"}],"wp:term":[{"taxonomy":"product_cat","embeddable":true,"href":"https:\/\/remediumbag.eu\/remediumwp\/wp-json\/wp\/v2\/product_cat?post=7914"},{"taxonomy":"product_tag","embeddable":true,"href":"https:\/\/remediumbag.eu\/remediumwp\/wp-json\/wp\/v2\/product_tag?post=7914"}],"curies":[{"name":"wp","href":"https:\/\/api.w.org\/{rel}","templated":true}]}}