{"id":8747,"date":"2019-12-04T22:09:58","date_gmt":"2019-12-04T21:09:58","guid":{"rendered":"https:\/\/remediumbag.eu\/remediumwp\/?post_type=product&#038;p=8747"},"modified":"2020-12-01T23:22:05","modified_gmt":"2020-12-01T22:22:05","slug":"torebka-z-papieru-podwojna-orzech-mini","status":"publish","type":"product","link":"https:\/\/remediumbag.eu\/remediumwp\/sklep\/torebka-z-papieru-podwojna-orzech-mini\/","title":{"rendered":"torebka z papieru podw\u00f3jna orzechowa"},"content":{"rendered":"<div id=\"pl-8747\"  class=\"panel-layout\" ><div id=\"pg-8747-0\"  class=\"panel-grid panel-no-style\" ><div id=\"pgc-8747-0-0\"  class=\"panel-grid-cell\" ><div id=\"panel-8747-0-0-0\" class=\"so-panel widget widget_sow-editor panel-first-child panel-last-child\" data-index=\"0\" ><div\n\t\t\t\n\t\t\tclass=\"so-widget-sow-editor so-widget-sow-editor-base\"\n\t\t\t\n\t\t>\n<div class=\"siteorigin-widget-tinymce textwidget\">\n\t<h3>Kolekcja torebek podw\u00f3jnych<\/h3>\n<p>&nbsp;<\/p>\n<p>Kolekcja Podw\u00f3jna to proste geometryczne torebki z papieru do szycia lub lnu o charakterystycznym kroju. G\u0142\u00f3wna komora torebki jest zduplikowana, co wida\u0107 na zewn\u0105trz. Torby te s\u0105 bardzo praktyczne w u\u017cytkowaniu. Ka\u017cda torebka ma wk\u0142adan\u0105 kieszonk\u0119 na telefon czy dokumenty i smycz na klucze. Kieszonka wykonana jest w filcu lub innego materia\u0142u, co zaznaczone jest w opisie.<\/p>\n<p>Tkaniny papierowa jest podobnej wytrzyma\u0142o\u015bci co bawe\u0142na. Jest to materia\u0142 kt\u00f3ry mo\u017cna pra\u0107 i prasowa\u0107. W wygl\u0105dzie przypomina zar\u00f3wno sk\u00f3r\u0119 jak i papier.<\/p>\n<p>Prosty kr\u00f3j i brak zb\u0119dnych element\u00f3w wyd\u0142u\u017ca \u017cycie torby i umo\u017cliwi\u0105 jej p\u00f3\u017aniejsza napraw\u0119 w razie potrzeby. \u0141atwo te\u017c tak\u0105 torb\u0119 przerobi\u0107 np. na domowy organizer na biurko lub w kuchni na \"przydasie\".<\/p>\n<p>&nbsp;<\/p>\n<h4>Torebka podw\u00f3jna z\u00a0 odpinanym paskiem<\/h4>\n<p>&nbsp;<\/p>\n<p>Ma\u0142a torebka podw\u00f3jna (dubeltowa) to torebka na rami\u0119 - typowa wielko\u015b\u0107 kieszonkowa (\"pocket bag\") na wyj\u015bcie, na spacer, do sklepu i na miasto, jak i\u00a0 podr\u00f3\u017cna podr\u0119czna torebka.<\/p>\n<p>Tkanina papierowa jest gruba - mo\u017cna\u00a0 j\u0105 por\u00f3wna\u0107 z grubo\u015bci\u0105 tradycyjnego, papierowego brystolu.<\/p>\n<p>Papier do szycia mo\u017cna te\u017c pra\u0107 i prasowa\u0107. Jest to celuloza z domieszk\u0105 lateksu syntetycznego. Namoczona jest jeszcze bardziej wytrzyma\u0142a! Po ka\u017cdym praniu i przy d\u0142ugim u\u017cytkowaniu papier stopniowo nabiera mi\u0119kko\u015bci i zagniece\u0144 - materia\u0142 nabiera struktury podobnej z czasem do struktury sk\u00f3ry. Nabiera charakteru!<\/p>\n<p>Tkanina papierowa jest produkcji niemieckiej i posiada certyfikat OEKO-TEX\u00ae Standard 100 (nie zawiera szkodliwych substancji) oraz FSC (odpowiedzialnego gospodarka lasami).<\/p>\n<p>W \u015brodku dopasowana wk\u0142adana kieszonka (zamiast podszewki, aby produkt nie by\u0142 produktem z\u0142o\u017conym) z metalowym k\u00f3\u0142kiem do wpinania smyczy. Na sta\u0142ym wyposa\u017ceniu jest r\u00f3wnie\u017c smycz na klucze. Torebka zapinana jest na magnes i pomie\u015bci telefon, portfel, notesik, chusteczki.<\/p>\n<p>Pasek z tego samego materia\u0142u o d\u0142ugo\u015bci do noszenia na ramieniu. D\u0142ugo\u015bci nie mo\u017cna regulowa\u0107. Pasek mo\u017cna odpi\u0105\u0107, a szlufki z ty\u0142u torebki umo\u017cliwiaj\u0105 noszenie torebki jako biodr\u00f3wki.<\/p>\n<\/div>\n<\/div><\/div><\/div><div id=\"pgc-8747-0-1\"  class=\"panel-grid-cell\" ><div id=\"panel-8747-0-1-0\" class=\"so-panel widget widget_sow-image panel-first-child panel-last-child\" data-index=\"1\" ><div\n\t\t\t\n\t\t\tclass=\"so-widget-sow-image so-widget-sow-image-default-c43113e78d82-8747\"\n\t\t\t\n\t\t>\n\n<div class=\"sow-image-container\">\n\t\t\t<a href=\"http:\/\/remediumbag.eu\/remediumwp\/wp-content\/uploads\/2018\/12\/metka_papier.jpg\"\n\t\t\t\t\t>\n\t\t\t<img src=\"https:\/\/remediumbag.eu\/remediumwp\/wp-content\/uploads\/2018\/12\/metka_papier.jpg\" width=\"576\" height=\"384\" srcset=\"https:\/\/remediumbag.eu\/remediumwp\/wp-content\/uploads\/2018\/12\/metka_papier.jpg 576w, https:\/\/remediumbag.eu\/remediumwp\/wp-content\/uploads\/2018\/12\/metka_papier-400x267.jpg 400w, https:\/\/remediumbag.eu\/remediumwp\/wp-content\/uploads\/2018\/12\/metka_papier-272x182.jpg 272w\" sizes=\"(max-width: 576px) 100vw, 576px\" title=\"metka dla kolekcji z papieru do szycia\" alt=\"metka dla kolekcji toreb z papieru do szycia\" \t\tclass=\"so-widget-image\"\/>\n\t<\/a><\/div>\n\n<\/div><\/div><\/div><\/div><\/div>","protected":false},"excerpt":{"rendered":"<h4>Torebka z papieru Podw\u00f3jna ma\u0142a<\/h4>\n<p>Jest to model torebki miejskiej, ale te\u017c z powodzeniem dodatkowej podr\u00f3\u017cnej:<\/p>\n<ul>\n<li>torebka w kolorze skorupki orzecha w\u0142oskiego<\/li>\n<li>wykonana ze specjalnego papieru do szycia w wersji postarzanej o fakturze sk\u00f3ry<\/li>\n<li>dwie kieszenie i wygodny pasek z tego samego materia\u0142u &#8211; uwaga! kieszonki w tym modelu s\u0105 p\u0142askie &#8211; torebka przez to jest &#8220;szczuplejsza&#8221; i lepiej le\u017cy na biodrach, ale jest mniej pojemna ni\u017c torebki o szerszym przekroju.<\/li>\n<li>wewn\u0105trz osobna kieszonka-wk\u0142adka z filcu z metalowym k\u00f3\u0142ko do wpinania<\/li>\n<li>wpinana smycz na klucze<\/li>\n<li>przybli\u017cone rozmiary: szeroko\u015b\u0107 oko\u0142o 17 cm., wysoko\u015b\u0107 oko\u0142o 14 cm., grubo\u015b\u0107 oko\u0142o 4-5 cm.<\/li>\n<li>materia\u0142 papierowy produkcji niemieckiej<\/li>\n<li>filc produkcji polskiej &#8211; wykorzystuj\u0119 ko\u0144c\u00f3wki serii (mo\u017cna zmieni\u0107 na wk\u0142adk\u0119 lnian\u0105 &#8211; prosz\u0119 doda\u0107 w uwagach)<\/li>\n<\/ul>\n<p>* zdj\u0119cia przedstawiaj\u0105ce sposoby noszenia pokazuj\u0105 torebk\u0119 w tym samym kolorze i wymiarach, ale o szerszym profilu kieszonek (szerszy bok)<\/p>\n","protected":false},"featured_media":8748,"template":"","meta":{"kt_blocks_editor_width":""},"product_cat":[189,165],"product_tag":[201,216,158,185,186,190,200,191],"amp_enabled":true,"_links":{"self":[{"href":"https:\/\/remediumbag.eu\/remediumwp\/wp-json\/wp\/v2\/product\/8747"}],"collection":[{"href":"https:\/\/remediumbag.eu\/remediumwp\/wp-json\/wp\/v2\/product"}],"about":[{"href":"https:\/\/remediumbag.eu\/remediumwp\/wp-json\/wp\/v2\/types\/product"}],"wp:featuredmedia":[{"embeddable":true,"href":"https:\/\/remediumbag.eu\/remediumwp\/wp-json\/wp\/v2\/media\/8748"}],"wp:attachment":[{"href":"https:\/\/remediumbag.eu\/remediumwp\/wp-json\/wp\/v2\/media?parent=8747"}],"wp:term":[{"taxonomy":"product_cat","embeddable":true,"href":"https:\/\/remediumbag.eu\/remediumwp\/wp-json\/wp\/v2\/product_cat?post=8747"},{"taxonomy":"product_tag","embeddable":true,"href":"https:\/\/remediumbag.eu\/remediumwp\/wp-json\/wp\/v2\/product_tag?post=8747"}],"curies":[{"name":"wp","href":"https:\/\/api.w.org\/{rel}","templated":true}]}}