{"id":9020,"date":"2020-02-14T21:39:45","date_gmt":"2020-02-14T20:39:45","guid":{"rendered":"https:\/\/remediumbag.eu\/remediumwp\/?post_type=product&#038;p=9020"},"modified":"2021-09-04T21:44:41","modified_gmt":"2021-09-04T19:44:41","slug":"pojemnik-jak-z-papieru-maly","status":"publish","type":"product","link":"https:\/\/remediumbag.eu\/remediumwp\/sklep\/pojemnik-jak-z-papieru-maly\/","title":{"rendered":"pojemnik jak z papieru ma\u0142y"},"content":{"rendered":"<div id=\"pl-9020\"  class=\"panel-layout\" ><div id=\"pg-9020-0\"  class=\"panel-grid panel-no-style\" ><div id=\"pgc-9020-0-0\"  class=\"panel-grid-cell\" ><div id=\"panel-9020-0-0-0\" class=\"so-panel widget widget_sow-editor panel-first-child panel-last-child\" data-index=\"0\" ><div\n\t\t\t\n\t\t\tclass=\"so-widget-sow-editor so-widget-sow-editor-base\"\n\t\t\t\n\t\t>\n<div class=\"siteorigin-widget-tinymce textwidget\">\n\t<h3>Pojemniki do przechowywania<\/h3>\n<p>&nbsp;<\/p>\n<p>Kolekcja pojemnik\u00f3w do przechowywania r\u00f3\u017cno\u015bci. Pojemniki wykonane s\u0105 ze specjalnego papieru do prania, dzi\u0119ki czemu zawdzi\u0119czaj\u0105 sw\u00f3j oryginalny wygl\u0105d. Wszystkie mo\u017cna te\u017c wypra\u0107 co pozwala na uniwersalne funkcje - nie musimy si\u0119 martwi\u0107 kiedy zabrudz\u0105 si\u0119 w takcie u\u017cytkowania, np. w \u0142azience.<\/p>\n<p>Tkaniny papierowa jest podobnej wytrzyma\u0142o\u015bci co bawe\u0142na. Jest to materia\u0142 kt\u00f3ry mo\u017cna pra\u0107 i prasowa\u0107. W wygl\u0105dzie przypomina zar\u00f3wno sk\u00f3r\u0119 jak i papier.<\/p>\n<p>Prosty kr\u00f3j i brak zb\u0119dnych element\u00f3w wyd\u0142u\u017ca \u017cycie produktu i umo\u017cliwi\u0105 p\u00f3\u017aniejsza napraw\u0119. \u0141atwo te\u017c taki worek wykorzysta\u0107 na wiele sposob\u00f3w. W galerii tylko niewiele opcji, na kt\u00f3re wpad\u0142am w czasie sesji fotograficznej.<\/p>\n<p>&nbsp;<\/p>\n<h4>Pojemnik z papieru ma\u0142y<\/h4>\n<p>Pojemniki powsta\u0142y w trzech rozmiarach - tutaj prezentuje najmniejszy, doskona\u0142y na biurko, do \u0142azienki, lub na inne drobne skarby i przydasie. Wszystkie pojemniki maj\u0105 tak\u0105 sam\u0105 wysoko\u015b\u0107 - jest to 23 cm, ale dzi\u0119ki mo\u017cliwo\u015bci zawijania brzegu pojemniczek mo\u017cna regulowa\u0107 i otrzyma\u0107 dowoln\u0105 mniejsz\u0105 wysoko\u015b\u0107. Brzeg zawini\u0119ty na 2 razy to pojemnik o wysoko\u015bci oko\u0142o 18 cm.<\/p>\n<p>To nie wszystko! Poniewa\u017c jest to tkanina jak papier mo\u017cna j\u0105 r\u00f3wnie\u017c samodzielnie ozdobi\u0107 - mo\u017cna u\u017cy\u0107 popularnych marker\u00f3w dost\u0119pnych w sklepach plastycznych, lub innych farb i pisak\u00f3w dedykowanych do tekstyli\u00f3w. W galerii znajdziecie pojemniczek biurkowy ozdobiony przez moj\u0105 c\u00f3rk\u0119 i przechowuj\u0105cy w\u0142a\u015bnie markery.<\/p>\n<p>Tkanina papierowa jest gruba - mo\u017cna\u00a0 j\u0105 por\u00f3wna\u0107 z grubo\u015bci\u0105 tradycyjnego, papierowego brystolu.<\/p>\n<p>Papier do szycia mo\u017cna te\u017c pra\u0107 i prasowa\u0107. Jest to celuloza z domieszk\u0105 lateksu syntetycznego. Namoczona jest jeszcze bardziej wytrzyma\u0142a! Po ka\u017cdym praniu i przy d\u0142ugim u\u017cytkowaniu papier stopniowo nabiera mi\u0119kko\u015bci i zagniece\u0144 - materia\u0142 nabiera struktury podobnej z czasem do struktury sk\u00f3ry. Nabiera charakteru!<\/p>\n<p>Tkanina papierowa jest produkcji niemieckiej i posiada certyfikat OEKO-TEX\u00ae Standard 100 (nie zawiera szkodliwych substancji) oraz\u00a0 certyfikat FSC (odpowiedzialna gospodarka lasami).<\/p>\n<p>&nbsp;<\/p>\n<\/div>\n<\/div><\/div><\/div><div id=\"pgc-9020-0-1\"  class=\"panel-grid-cell\" ><div id=\"panel-9020-0-1-0\" class=\"so-panel widget widget_sow-image panel-first-child panel-last-child\" data-index=\"1\" ><div\n\t\t\t\n\t\t\tclass=\"so-widget-sow-image so-widget-sow-image-default-c43113e78d82-9020\"\n\t\t\t\n\t\t>\n\n<div class=\"sow-image-container\">\n\t\t\t<a href=\"http:\/\/remediumbag.eu\/remediumwp\/wp-content\/uploads\/2018\/12\/metka_papier.jpg\"\n\t\t\t\t\t>\n\t\t\t<img src=\"https:\/\/remediumbag.eu\/remediumwp\/wp-content\/uploads\/2018\/12\/metka_papier.jpg\" width=\"576\" height=\"384\" srcset=\"https:\/\/remediumbag.eu\/remediumwp\/wp-content\/uploads\/2018\/12\/metka_papier.jpg 576w, https:\/\/remediumbag.eu\/remediumwp\/wp-content\/uploads\/2018\/12\/metka_papier-400x267.jpg 400w, https:\/\/remediumbag.eu\/remediumwp\/wp-content\/uploads\/2018\/12\/metka_papier-272x182.jpg 272w\" sizes=\"(max-width: 576px) 100vw, 576px\" title=\"metka dla kolekcji z papieru do szycia\" alt=\"metka dla kolekcji toreb z papieru do szycia\" \t\tclass=\"so-widget-image\"\/>\n\t<\/a><\/div>\n\n<\/div><\/div><\/div><\/div><\/div>","protected":false},"excerpt":{"rendered":"<h4>Pojemnik z papieru do prania ma\u0142y<\/h4>\n<p>Ma\u0142y koszyczek z kolekcji pojemnik\u00f3w do przechowywania:<\/p>\n<ul>\n<li>w odcieniach orzechowym, kawowym, szarym, bia\u0142ym, lub czarnym<\/li>\n<li>wykonany ze specjalnego papieru do szycia (wersja standard)<\/li>\n<li>mo\u017cna regulowa\u0107 wysoko\u015b\u0107<\/li>\n<li>mo\u017cna ozdobi\u0107 markerami lub specjalnymi farbami i mazakami do tkanin<\/li>\n<li>kwadratowa podstawa<\/li>\n<li>przybli\u017cone rozmiary: szeroko\u015b\u0107 oko\u0142o 10 cm., wysoko\u015b\u0107 bez zawini\u0119cia brzegu oko\u0142o 23 cm.<\/li>\n<li>materia\u0142 papierowy produkcji niemieckiej<\/li>\n<li>mo\u017cna pra\u0107 i prasowa\u0107<\/li>\n<li>zdj\u0119cie z zawarto\u015bci\u0105 dla inspiracji &#8211; sprzedawany bez zawarto\u015bci<\/li>\n<\/ul>\n","protected":false},"featured_media":9023,"template":"","meta":{"kt_blocks_editor_width":""},"product_cat":[205],"product_tag":[209,208,206,207],"amp_enabled":true,"_links":{"self":[{"href":"https:\/\/remediumbag.eu\/remediumwp\/wp-json\/wp\/v2\/product\/9020"}],"collection":[{"href":"https:\/\/remediumbag.eu\/remediumwp\/wp-json\/wp\/v2\/product"}],"about":[{"href":"https:\/\/remediumbag.eu\/remediumwp\/wp-json\/wp\/v2\/types\/product"}],"wp:featuredmedia":[{"embeddable":true,"href":"https:\/\/remediumbag.eu\/remediumwp\/wp-json\/wp\/v2\/media\/9023"}],"wp:attachment":[{"href":"https:\/\/remediumbag.eu\/remediumwp\/wp-json\/wp\/v2\/media?parent=9020"}],"wp:term":[{"taxonomy":"product_cat","embeddable":true,"href":"https:\/\/remediumbag.eu\/remediumwp\/wp-json\/wp\/v2\/product_cat?post=9020"},{"taxonomy":"product_tag","embeddable":true,"href":"https:\/\/remediumbag.eu\/remediumwp\/wp-json\/wp\/v2\/product_tag?post=9020"}],"curies":[{"name":"wp","href":"https:\/\/api.w.org\/{rel}","templated":true}]}}