{"id":9412,"date":"2020-09-22T15:23:26","date_gmt":"2020-09-22T13:23:26","guid":{"rendered":"https:\/\/remediumbag.eu\/remediumwp\/?post_type=product&#038;p=9412"},"modified":"2020-11-08T22:38:34","modified_gmt":"2020-11-08T21:38:34","slug":"kopertowka-love-letters-szara","status":"publish","type":"product","link":"https:\/\/remediumbag.eu\/remediumwp\/sklep\/kopertowka-love-letters-szara\/","title":{"rendered":"kopert\u00f3wka Love Letters szara"},"content":{"rendered":"<div id=\"pl-9412\"  class=\"panel-layout\" ><div id=\"pg-9412-0\"  class=\"panel-grid panel-no-style\" ><div id=\"pgc-9412-0-0\"  class=\"panel-grid-cell\" ><div id=\"panel-9412-0-0-0\" class=\"so-panel widget widget_sow-editor panel-first-child panel-last-child\" data-index=\"0\" ><div\n\t\t\t\n\t\t\tclass=\"so-widget-sow-editor so-widget-sow-editor-base\"\n\t\t\t\n\t\t>\n<div class=\"siteorigin-widget-tinymce textwidget\">\n\t<h4>Kopert\u00f3wka Love Letters inspirowana Origami<\/h4>\n<p>&nbsp;<\/p>\n<p>Specjalnie opracowany unikalny kr\u00f3j sprawia, \u017ce po szyciu torebka nie jest ju\u017c \"wywijana\" dlatego powierzchnia papieru pozostaje g\u0142adka. Papier do szycia ma tak\u0105 w\u0142a\u015bciwo\u015b\u0107, \u017ce raz wyprany, czy zmoczony i wywini\u0119ty nie b\u0119dzie ju\u017c idealnie g\u0142adki jak arkusz papieru i nawet wyprasowany pozostanie lekko wygnieciony, co daje charakterystycznego wygl\u0105du.<\/p>\n<p>&nbsp;<\/p>\n<p>Papier jest gruby - mo\u017cna por\u00f3wna\u0107 go z grubo\u015bci\u0105 tradycyjnego, papierowego brystolu.<\/p>\n<p>Papier do szycia mo\u017cna te\u017c pra\u0107 i prasowa\u0107. Jest to celuloza z domieszk\u0105 lateksu syntetycznego.<\/p>\n<p>Namoczona jest jeszcze bardziej wytrzyma\u0142a! Po ka\u017cdym praniu i przy d\u0142ugim u\u017cytkowaniu papier stopniowo nabiera mi\u0119kko\u015bci i zagniece\u0144 - materia\u0142 nabiera struktury podobnej z czasem do struktury sk\u00f3ry.<\/p>\n<p>&nbsp;<\/p>\n<p>W \u015brodku kopert\u00f3wki znajduje si\u0119 jedna g\u0142\u00f3wna komora i dwie mniejsze kieszonki, kt\u00f3re pomieszcz\u0105 klucze, lub inne drobiazgi.\u00a0Kopert\u00f3wka ma d\u0142ugi pasek do noszenia na ramieniu, albo \"na skos\".<\/p>\n<p>Z\u0142o\u017cony pasek mo\u017cna zmie\u015bci\u0107 si\u0119 w \u015brodku torebki.<\/p>\n<p>W ka\u017cdej kopert\u00f3wce znajduje si\u0119 r\u00f3wnie\u017c wpinana smycz na klucze oraz wizytownik. W \u015brodku przymocowane ma\u0142e\u00a0metalowe\u00a0 k\u00f3\u0142ko na szlufce do zapi\u0119cia kluczy lub innego ma\u0142ego drobiazgu.<\/p>\n<p>&nbsp;<\/p>\n<p>Kopert\u00f3wki Love Letters powstaj\u0105 w dw\u00f3ch rozmiarach - mniejszym, zbli\u017cony do rozmiar\u00f3w klasycznej kopert\u00f3wki do r\u0119ki i przerysowanym rozmiarze XL, dla mocnego akcentu w stylizacji.<\/p>\n<\/div>\n<\/div><\/div><\/div><div id=\"pgc-9412-0-1\"  class=\"panel-grid-cell\" ><div id=\"panel-9412-0-1-0\" class=\"so-panel widget widget_sow-image panel-first-child\" data-index=\"1\" ><div\n\t\t\t\n\t\t\tclass=\"so-widget-sow-image so-widget-sow-image-default-c43113e78d82-9412\"\n\t\t\t\n\t\t>\n\n<div class=\"sow-image-container\">\n\t\t\t<a href=\"http:\/\/remediumbag.eu\/remediumwp\/wp-content\/uploads\/2018\/12\/metka_loveletters.jpg\"\n\t\t\ttarget=\"_blank\" rel=\"noopener noreferrer\" \t\t>\n\t\t\t<img src=\"https:\/\/remediumbag.eu\/remediumwp\/wp-content\/uploads\/2018\/12\/metka_loveletters.jpg\" width=\"576\" height=\"384\" srcset=\"https:\/\/remediumbag.eu\/remediumwp\/wp-content\/uploads\/2018\/12\/metka_loveletters.jpg 576w, https:\/\/remediumbag.eu\/remediumwp\/wp-content\/uploads\/2018\/12\/metka_loveletters-400x267.jpg 400w, https:\/\/remediumbag.eu\/remediumwp\/wp-content\/uploads\/2018\/12\/metka_loveletters-272x182.jpg 272w\" sizes=\"(max-width: 576px) 100vw, 576px\" title=\"metka modelu Love Letters\" alt=\"metka dla kopert\u00f3wek z modelu love letters\" \t\tclass=\"so-widget-image\"\/>\n\t<\/a><\/div>\n\n<\/div><\/div><div id=\"panel-9412-0-1-1\" class=\"so-panel widget widget_sow-image panel-last-child\" data-index=\"2\" ><div\n\t\t\t\n\t\t\tclass=\"so-widget-sow-image so-widget-sow-image-default-c43113e78d82-9412\"\n\t\t\t\n\t\t>\n\n<div class=\"sow-image-container\">\n\t\t\t<a href=\"http:\/\/remediumbag.eu\/remediumwp\/wp-content\/uploads\/2018\/12\/metka_papier.jpg\"\n\t\t\t\t\t>\n\t\t\t<img src=\"https:\/\/remediumbag.eu\/remediumwp\/wp-content\/uploads\/2018\/12\/metka_papier.jpg\" width=\"576\" height=\"384\" srcset=\"https:\/\/remediumbag.eu\/remediumwp\/wp-content\/uploads\/2018\/12\/metka_papier.jpg 576w, https:\/\/remediumbag.eu\/remediumwp\/wp-content\/uploads\/2018\/12\/metka_papier-400x267.jpg 400w, https:\/\/remediumbag.eu\/remediumwp\/wp-content\/uploads\/2018\/12\/metka_papier-272x182.jpg 272w\" sizes=\"(max-width: 576px) 100vw, 576px\" title=\"metka dla kolekcji z papieru do szycia\" alt=\"metka dla kolekcji toreb z papieru do szycia\" \t\tclass=\"so-widget-image\"\/>\n\t<\/a><\/div>\n\n<\/div><\/div><\/div><\/div><\/div>","protected":false},"excerpt":{"rendered":"<h5>Kopert\u00f3wka Love Letters to model zar\u00f3wno na specjalne wyj\u015bcia, jak i oryginalna torebka.<\/h5>\n<ul>\n<li>torebka w kszta\u0142cie koperty &#8211; trapezu z w\u0119\u017csz\u0105 podstaw\u0105,<\/li>\n<li>w kolorze jasnym szarym, mo\u017cna por\u00f3wna\u0107 do jasnego szarego kamienia,<\/li>\n<li>wykonana ze specjalnego papieru do szycia o g\u0142adkiej powierzchni &#8211; wersja papieru standard<\/li>\n<li>pojemna komora g\u0142\u00f3wna i 2 ma\u0142e kieszonki na klucze i drobiazgi<\/li>\n<li>zapinana na magnesik<\/li>\n<li>wewn\u0105trz metalowe k\u00f3\u0142ko do wpinania<\/li>\n<li>wpinana smycz na klucze<\/li>\n<li>odpinany pasek na rami\u0119 lub na &#8220;skos&#8221; o d\u0142ugo\u015bci oko\u0142o 108 cm.<\/li>\n<li>przybli\u017cone rozmiary kopert\u00f3wki: szeroko\u015b\u0107 wzd\u0142u\u017c d\u0142u\u017cszego boku oko\u0142o 37 cm., kr\u00f3tsza podstawa to oko\u0142o 20 cm., wysoko\u015b\u0107 oko\u0142o 22 cm.<\/li>\n<\/ul>\n","protected":false},"featured_media":9597,"template":"","meta":{"kt_blocks_editor_width":""},"product_cat":[134,138,133],"product_tag":[142,143,147,167,163],"amp_enabled":true,"_links":{"self":[{"href":"https:\/\/remediumbag.eu\/remediumwp\/wp-json\/wp\/v2\/product\/9412"}],"collection":[{"href":"https:\/\/remediumbag.eu\/remediumwp\/wp-json\/wp\/v2\/product"}],"about":[{"href":"https:\/\/remediumbag.eu\/remediumwp\/wp-json\/wp\/v2\/types\/product"}],"wp:featuredmedia":[{"embeddable":true,"href":"https:\/\/remediumbag.eu\/remediumwp\/wp-json\/wp\/v2\/media\/9597"}],"wp:attachment":[{"href":"https:\/\/remediumbag.eu\/remediumwp\/wp-json\/wp\/v2\/media?parent=9412"}],"wp:term":[{"taxonomy":"product_cat","embeddable":true,"href":"https:\/\/remediumbag.eu\/remediumwp\/wp-json\/wp\/v2\/product_cat?post=9412"},{"taxonomy":"product_tag","embeddable":true,"href":"https:\/\/remediumbag.eu\/remediumwp\/wp-json\/wp\/v2\/product_tag?post=9412"}],"curies":[{"name":"wp","href":"https:\/\/api.w.org\/{rel}","templated":true}]}}