{"id":9414,"date":"2020-09-22T15:47:42","date_gmt":"2020-09-22T13:47:42","guid":{"rendered":"https:\/\/remediumbag.eu\/remediumwp\/?post_type=product&#038;p=9414"},"modified":"2020-11-08T22:49:59","modified_gmt":"2020-11-08T21:49:59","slug":"kopertowka-love-letters-rose-l","status":"publish","type":"product","link":"https:\/\/remediumbag.eu\/remediumwp\/sklep\/kopertowka-love-letters-rose-l\/","title":{"rendered":"du\u017ca kopert\u00f3wka Love Letters Rose"},"content":{"rendered":"<div id=\"pl-9414\"  class=\"panel-layout\" ><div id=\"pg-9414-0\"  class=\"panel-grid panel-no-style\" ><div id=\"pgc-9414-0-0\"  class=\"panel-grid-cell\" ><div id=\"panel-9414-0-0-0\" class=\"so-panel widget widget_sow-editor panel-first-child panel-last-child\" data-index=\"0\" ><div\n\t\t\t\n\t\t\tclass=\"so-widget-sow-editor so-widget-sow-editor-base\"\n\t\t\t\n\t\t>\n<div class=\"siteorigin-widget-tinymce textwidget\">\n\t<h4>Kopert\u00f3wka Love Letters inspirowana Origami<\/h4>\n<p>&nbsp;<\/p>\n<p>Specjalnie opracowany unikalny kr\u00f3j sprawia, \u017ce po szyciu torebka nie jest ju\u017c \"wywijana\" dlatego powierzchnia papieru pozostaje g\u0142adka.<\/p>\n<p>Papier jest gruby - mo\u017cna por\u00f3wna\u0107 go z grubo\u015bci\u0105 tradycyjnego, papierowego brystolu.<\/p>\n<p>Papier do szycia mo\u017cna te\u017c pra\u0107 i prasowa\u0107. Jest to celuloza z domieszk\u0105 lateksu syntetycznego. Namoczona jest jeszcze bardziej wytrzyma\u0142a! Po ka\u017cdym praniu i przy d\u0142ugim u\u017cytkowaniu papier stopniowo nabiera mi\u0119kko\u015bci i zagniece\u0144 - materia\u0142 nabiera struktury podobnej z czasem do struktury sk\u00f3ry.<\/p>\n<p>W \u015brodku znajduje si\u0119 jedna g\u0142\u00f3wna komora i dwie mniejsze kieszonki, kt\u00f3re pomieszcz\u0105 klucze, lub inne drobiazgi.<\/p>\n<p>Kopert\u00f3wka ma regulowany d\u0142ugi pasek do noszenia na ramieniu, albo \"na skos\". Z\u0142o\u017cony pasek mo\u017cna zmie\u015bci\u0107 si\u0119 w \u015brodku torebki.<\/p>\n<p>W ka\u017cdej kopert\u00f3wce znajduje si\u0119 r\u00f3wnie\u017c wpinana smycz na klucze oraz wizytownik. W \u015brodku przymocowane ma\u0142e\u00a0metalowe\u00a0 k\u00f3\u0142ko na szlufce do zapi\u0119cia kluczy lub innego ma\u0142ego drobiazgu.<\/p>\n<\/div>\n<\/div><\/div><\/div><div id=\"pgc-9414-0-1\"  class=\"panel-grid-cell\" ><div id=\"panel-9414-0-1-0\" class=\"so-panel widget widget_sow-image panel-first-child\" data-index=\"1\" ><div\n\t\t\t\n\t\t\tclass=\"so-widget-sow-image so-widget-sow-image-default-c43113e78d82-9414\"\n\t\t\t\n\t\t>\n\n<div class=\"sow-image-container\">\n\t\t\t<a href=\"http:\/\/remediumbag.eu\/remediumwp\/wp-content\/uploads\/2018\/12\/metka_loveletters.jpg\"\n\t\t\ttarget=\"_blank\" rel=\"noopener noreferrer\" \t\t>\n\t\t\t<img src=\"https:\/\/remediumbag.eu\/remediumwp\/wp-content\/uploads\/2018\/12\/metka_loveletters.jpg\" width=\"576\" height=\"384\" srcset=\"https:\/\/remediumbag.eu\/remediumwp\/wp-content\/uploads\/2018\/12\/metka_loveletters.jpg 576w, https:\/\/remediumbag.eu\/remediumwp\/wp-content\/uploads\/2018\/12\/metka_loveletters-400x267.jpg 400w, https:\/\/remediumbag.eu\/remediumwp\/wp-content\/uploads\/2018\/12\/metka_loveletters-272x182.jpg 272w\" sizes=\"(max-width: 576px) 100vw, 576px\" title=\"metka modelu Love Letters\" alt=\"metka dla kopert\u00f3wek z modelu love letters\" \t\tclass=\"so-widget-image\"\/>\n\t<\/a><\/div>\n\n<\/div><\/div><div id=\"panel-9414-0-1-1\" class=\"so-panel widget widget_sow-image panel-last-child\" data-index=\"2\" ><div\n\t\t\t\n\t\t\tclass=\"so-widget-sow-image so-widget-sow-image-default-c43113e78d82-9414\"\n\t\t\t\n\t\t>\n\n<div class=\"sow-image-container\">\n\t\t\t<a href=\"http:\/\/remediumbag.eu\/remediumwp\/wp-content\/uploads\/2018\/12\/metka_papier.jpg\"\n\t\t\t\t\t>\n\t\t\t<img src=\"https:\/\/remediumbag.eu\/remediumwp\/wp-content\/uploads\/2018\/12\/metka_papier.jpg\" width=\"576\" height=\"384\" srcset=\"https:\/\/remediumbag.eu\/remediumwp\/wp-content\/uploads\/2018\/12\/metka_papier.jpg 576w, https:\/\/remediumbag.eu\/remediumwp\/wp-content\/uploads\/2018\/12\/metka_papier-400x267.jpg 400w, https:\/\/remediumbag.eu\/remediumwp\/wp-content\/uploads\/2018\/12\/metka_papier-272x182.jpg 272w\" sizes=\"(max-width: 576px) 100vw, 576px\" title=\"metka dla kolekcji z papieru do szycia\" alt=\"metka dla kolekcji toreb z papieru do szycia\" \t\tclass=\"so-widget-image\"\/>\n\t<\/a><\/div>\n\n<\/div><\/div><\/div><\/div><\/div>","protected":false},"excerpt":{"rendered":"<h5>Kopert\u00f3wka Love Letters to model zar\u00f3wno na specjalne wyj\u015bcia, jak i oryginalna torebka.<\/h5>\n<ul>\n<li>torebka w kolorze delikatnego r\u00f3\u017cu<\/li>\n<li>wykonana ze specjalnego papieru do szycia o wyra\u017anej fakturze (wersja postarzana)<\/li>\n<li>pojemna komora g\u0142\u00f3wna i 2 ma\u0142e kieszonki na klucze i drobiazgi<\/li>\n<li>zapinana na magnesik<\/li>\n<li>wewn\u0105trz metalowe k\u00f3\u0142ko do wpinania<\/li>\n<li>wpinana smycz na klucze<\/li>\n<li>regulowany pasek na rami\u0119 lub na &#8220;skos&#8221;<\/li>\n<li>przybli\u017cone rozmiary: szeroko\u015b\u0107 oko\u0142o 41 cm (22 cm podstawa), wysoko\u015b\u0107 oko\u0142o 26 cm.<\/li>\n<\/ul>\n","protected":false},"featured_media":9603,"template":"","meta":{"kt_blocks_editor_width":""},"product_cat":[134,138,133],"product_tag":[142,143,147,167,163],"amp_enabled":true,"_links":{"self":[{"href":"https:\/\/remediumbag.eu\/remediumwp\/wp-json\/wp\/v2\/product\/9414"}],"collection":[{"href":"https:\/\/remediumbag.eu\/remediumwp\/wp-json\/wp\/v2\/product"}],"about":[{"href":"https:\/\/remediumbag.eu\/remediumwp\/wp-json\/wp\/v2\/types\/product"}],"wp:featuredmedia":[{"embeddable":true,"href":"https:\/\/remediumbag.eu\/remediumwp\/wp-json\/wp\/v2\/media\/9603"}],"wp:attachment":[{"href":"https:\/\/remediumbag.eu\/remediumwp\/wp-json\/wp\/v2\/media?parent=9414"}],"wp:term":[{"taxonomy":"product_cat","embeddable":true,"href":"https:\/\/remediumbag.eu\/remediumwp\/wp-json\/wp\/v2\/product_cat?post=9414"},{"taxonomy":"product_tag","embeddable":true,"href":"https:\/\/remediumbag.eu\/remediumwp\/wp-json\/wp\/v2\/product_tag?post=9414"}],"curies":[{"name":"wp","href":"https:\/\/api.w.org\/{rel}","templated":true}]}}