{"id":9638,"date":"2020-11-15T23:18:22","date_gmt":"2020-11-15T22:18:22","guid":{"rendered":"https:\/\/remediumbag.eu\/remediumwp\/?post_type=product&#038;p=9638"},"modified":"2021-01-05T15:57:02","modified_gmt":"2021-01-05T14:57:02","slug":"torba-tyvek-openmind","status":"publish","type":"product","link":"https:\/\/remediumbag.eu\/remediumwp\/sklep\/torba-tyvek-openmind\/","title":{"rendered":"torba Tyvek OpenMind"},"content":{"rendered":"<div id=\"pl-9638\"  class=\"panel-layout\" ><div id=\"pg-9638-0\"  class=\"panel-grid panel-no-style\" ><div id=\"pgc-9638-0-0\"  class=\"panel-grid-cell\" ><div id=\"panel-9638-0-0-0\" class=\"so-panel widget widget_sow-editor panel-first-child panel-last-child\" data-index=\"0\" ><div\n\t\t\t\n\t\t\tclass=\"so-widget-sow-editor so-widget-sow-editor-base\"\n\t\t\t\n\t\t>\n<div class=\"siteorigin-widget-tinymce textwidget\">\n\t<h3>Kolekcja Origami City<\/h3>\n<p>&nbsp;<\/p>\n<p>Kolekcja Origami City to torby inspirowane japo\u0144sk\u0105 sztuk\u0105 sk\u0142adania papieru Origami. Torby s\u0105 oryginalne w formie, ale proste i bardzo praktyczne w u\u017cytkowaniu. Ka\u017cda du\u017ca torba ma wpinan\u0105 saszetk\u0119 na dokumenty i smycz na klucze. Wykonane s\u0105 z grubego brezentu lnianego, specjalnego papieru do szycia, lub innej tkaniny alternatywnej - Tyvek -u. Impregnowany len jest produkowany w zak\u0142adach pod \u0141odzi\u0105. Brezent lniany o tak wysokiej gramaturze jest sztywny, ale z czasem b\u0119dzie robi\u0142 si\u0119 bardziej mi\u0119kki. Mo\u017ce te\u017c przeciera\u0107 si\u0119 naturalnie na kraw\u0119dziach i miejscach zgi\u0119cia materia\u0142u. Tkaniny papierowa jest podobnej wytrzyma\u0142o\u015bci co bawe\u0142na. Jest to materia\u0142 kt\u00f3ry mo\u017cna pra\u0107 i prasowa\u0107. W wygl\u0105dzie przypomina zar\u00f3wno sk\u00f3r\u0119 jak i papier. Tyvek pochodzi z Luxemburga i jest <a href=\"https:\/\/remediumbag.eu\/remediumwp\/tkaniny-alternatywne\/\">papierem syntetycznym<\/a>.<\/p>\n<p>&nbsp;<\/p>\n<h4>Torba z Tyveku \/ model OpenMind<\/h4>\n<p>&nbsp;<\/p>\n<p>Open Mind to du\u017ca otwarta torba na rami\u0119 inspirowana Origami - japo\u0144sk\u0105 sztuk\u0105 sk\u0142adania papieru.<\/p>\n<p>U\u017cyty do tego modelu papier Tyvek jest do\u015b\u0107 sztywny i szeleszcz\u0105cy - mo\u017cna go por\u00f3wna\u0107 z grubo\u015bci\u0105 grubszej kartki papieru.<\/p>\n<p>Papier do szycia mo\u017cna te\u017c pra\u0107. Po ka\u017cdym praniu i przy d\u0142ugim u\u017cytkowaniu papier stopniowo nabiera mi\u0119kko\u015bci i zagniece\u0144 - materia\u0142 nabiera wygl\u0105du mocno pogniecionej kartki - takiej zmi\u0119tej w kulk\u0119 i rozprostowanej.<\/p>\n<p>W \u015brodku du\u017ca przestrze\u0144 oraz dwie praktyczne szlufki z metalowymi k\u00f3\u0142kami do wpinania wyposa\u017cenia. Na sta\u0142ym wyposa\u017ceniu jest wpinana smycz na klucze oraz ma\u0142a saszetka z czarnej Washpapy. Saszetka ta ma r\u00f3wnie\u017c szlufk\u0119 do noszenia przy biodrze (tzw. nerka, biodr\u00f3wka). Saszetka zapinana jest na magnes i pomie\u015bci telefon, portfel, chusteczki.<\/p>\n<p>Szeroki pasek (ta\u015bma - pas samochodowy) do noszenia na ramieniu, albo \"na skos\" (dla drobniejszych os\u00f3b).<\/p>\n<\/div>\n<\/div><\/div><\/div><div id=\"pgc-9638-0-1\"  class=\"panel-grid-cell\" ><div id=\"panel-9638-0-1-0\" class=\"so-panel widget widget_sow-image panel-first-child panel-last-child\" data-index=\"1\" ><div\n\t\t\t\n\t\t\tclass=\"so-widget-sow-image so-widget-sow-image-default-c43113e78d82-9638\"\n\t\t\t\n\t\t>\n\n<div class=\"sow-image-container\">\n\t\t\t<a href=\"http:\/\/remediumbag.eu\/remediumwp\/wp-content\/uploads\/2018\/12\/metka_loveletters.jpg\"\n\t\t\ttarget=\"_blank\" rel=\"noopener noreferrer\" \t\t>\n\t\t\t<img src=\"https:\/\/remediumbag.eu\/remediumwp\/wp-content\/uploads\/2018\/12\/metka_openmind.jpg\" width=\"576\" height=\"384\" srcset=\"https:\/\/remediumbag.eu\/remediumwp\/wp-content\/uploads\/2018\/12\/metka_openmind.jpg 576w, https:\/\/remediumbag.eu\/remediumwp\/wp-content\/uploads\/2018\/12\/metka_openmind-400x267.jpg 400w, https:\/\/remediumbag.eu\/remediumwp\/wp-content\/uploads\/2018\/12\/metka_openmind-272x182.jpg 272w\" sizes=\"(max-width: 576px) 100vw, 576px\" title=\"metka dla modelu open mind z kolekcji origami city\" alt=\"metka torby open mind\" \t\tclass=\"so-widget-image\"\/>\n\t<\/a><\/div>\n\n<\/div><\/div><\/div><\/div><\/div>","protected":false},"excerpt":{"rendered":"<h4>Torba Tyvek OpenMind bia\u0142a<\/h4>\n<p>Jest to model du\u017cej torby miejskiej:<\/p>\n<ul>\n<li>torebka w kolorze bia\u0142ym<\/li>\n<li>wykonana ze papieru syntetycznego, kt\u00f3ry nazywa si\u0119 <a href=\"https:\/\/remediumbag.eu\/remediumwp\/tkaniny-alternatywne\/\">Tyvek<\/a><\/li>\n<li>pojemna przestrze\u0144 i wygodny szeroki uchwyt z ta\u015bmy do szycia pas\u00f3w samochodowych<\/li>\n<li>wewn\u0105trz 2 metalowe k\u00f3\u0142ka do wpinania<\/li>\n<li>wpinana smycz na klucze<\/li>\n<li>wpinana saszetka z washpapy na telefon i dokumenty, ze szlufk\u0105 na pasek (funkcja nerki)<\/li>\n<li>przybli\u017cone rozmiary: szeroko\u015b\u0107 oko\u0142o 60 cm, wysoko\u015b\u0107 oko\u0142o 30\/50\/72 cm. (g\u0142\u0119boko\u015b\u0107, wysoko\u015b\u0107 do uchwyt\u00f3w, wysoko\u015b\u0107 ca\u0142kowita z uchwytem)<\/li>\n<li>materia\u0142 wyprodukowano w Luxemburgu<\/li>\n<li>nadaje si\u0119 do recyklingu (odpady polietylenowe)<\/li>\n<\/ul>\n","protected":false},"featured_media":9648,"template":"","meta":{"kt_blocks_editor_width":""},"product_cat":[134,135,165],"product_tag":[143,159,158],"amp_enabled":true,"_links":{"self":[{"href":"https:\/\/remediumbag.eu\/remediumwp\/wp-json\/wp\/v2\/product\/9638"}],"collection":[{"href":"https:\/\/remediumbag.eu\/remediumwp\/wp-json\/wp\/v2\/product"}],"about":[{"href":"https:\/\/remediumbag.eu\/remediumwp\/wp-json\/wp\/v2\/types\/product"}],"wp:featuredmedia":[{"embeddable":true,"href":"https:\/\/remediumbag.eu\/remediumwp\/wp-json\/wp\/v2\/media\/9648"}],"wp:attachment":[{"href":"https:\/\/remediumbag.eu\/remediumwp\/wp-json\/wp\/v2\/media?parent=9638"}],"wp:term":[{"taxonomy":"product_cat","embeddable":true,"href":"https:\/\/remediumbag.eu\/remediumwp\/wp-json\/wp\/v2\/product_cat?post=9638"},{"taxonomy":"product_tag","embeddable":true,"href":"https:\/\/remediumbag.eu\/remediumwp\/wp-json\/wp\/v2\/product_tag?post=9638"}],"curies":[{"name":"wp","href":"https:\/\/api.w.org\/{rel}","templated":true}]}}