{"id":9665,"date":"2020-11-16T23:19:51","date_gmt":"2020-11-16T22:19:51","guid":{"rendered":"https:\/\/remediumbag.eu\/remediumwp\/?post_type=product&#038;p=9665"},"modified":"2021-01-18T17:00:29","modified_gmt":"2021-01-18T16:00:29","slug":"torba-z-papieru-po-prostu-szara-z-printem","status":"publish","type":"product","link":"https:\/\/remediumbag.eu\/remediumwp\/sklep\/torba-z-papieru-po-prostu-szara-z-printem\/","title":{"rendered":"torba z papieru po prostu szara z printem"},"content":{"rendered":"<div id=\"pl-9665\"  class=\"panel-layout\" ><div id=\"pg-9665-0\"  class=\"panel-grid panel-no-style\" ><div id=\"pgc-9665-0-0\"  class=\"panel-grid-cell\" ><div id=\"panel-9665-0-0-0\" class=\"so-panel widget widget_sow-editor panel-first-child panel-last-child\" data-index=\"0\" ><div\n\t\t\t\n\t\t\tclass=\"so-widget-sow-editor so-widget-sow-editor-base\"\n\t\t\t\n\t\t>\n<div class=\"siteorigin-widget-tinymce textwidget\">\n\t<h3>Kolekcja Po prostu<\/h3>\n<p>&nbsp;<\/p>\n<p>Kolekcja Po prostu to proste geometryczne z papieru do szycia lub lnu. Torby te s\u0105 uniwersalne, proste i bardzo praktyczne w u\u017cytkowaniu. Ka\u017cda du\u017ca torba ma wpinan\u0105 saszetk\u0119 na dokumenty i smycz na klucze. Mimo, \u017ce torba jest du\u017ca, to nie ma w niej ba\u0142aganu!<\/p>\n<p>Impregnowany len jest produkowany w zak\u0142adach pod \u0141odzi\u0105. Brezent lniany o tak wysokiej gramaturze jest sztywny, ale z czasem b\u0119dzie robi\u0142 si\u0119 bardziej mi\u0119kki. Mo\u017ce te\u017c przeciera\u0107 si\u0119 naturalnie na kraw\u0119dziach i miejscach zgi\u0119cia materia\u0142u.<\/p>\n<p>Tkaniny papierowa jest podobnej wytrzyma\u0142o\u015bci co bawe\u0142na. Jest to materia\u0142 kt\u00f3ry mo\u017cna pra\u0107 i prasowa\u0107. W wygl\u0105dzie przypomina zar\u00f3wno sk\u00f3r\u0119 jak i papier.<\/p>\n<p>Prosty kr\u00f3j i brak zb\u0119dnych element\u00f3w wyd\u0142u\u017ca \u017cycie torby i umo\u017cliwi\u0105 jej p\u00f3\u017aniejsza napraw\u0119 w razie potrzeby. \u0141atwo te\u017c tak\u0105 torb\u0119 przerobi\u0107 np. na domowy kosz na \"przydasie\".<\/p>\n<p>&nbsp;<\/p>\n<h4>Torba z papieru do szycia \/ czarna z bawe\u0142nian\u0105 ta\u015bm\u0105<\/h4>\n<p>&nbsp;<\/p>\n<p>Po prostu to du\u017ca otwarta torba na rami\u0119 - typowa szoperka na miasto. Bok zaprojektowany \"na zak\u0142adk\u0119\", co lekko poszerza torb\u0119 i daje lepszy dost\u0119p do \u015brodka.<\/p>\n<p>Tkanina papierowa jest gruba - mo\u017cna\u00a0 j\u0105 por\u00f3wna\u0107 z grubo\u015bci\u0105 tradycyjnego, papierowego brystolu.<\/p>\n<p>Papier do szycia mo\u017cna te\u017c pra\u0107 i prasowa\u0107. Jest to celuloza z domieszk\u0105 lateksu syntetycznego. Namoczona jest jeszcze bardziej wytrzyma\u0142a! Po ka\u017cdym praniu i przy d\u0142ugim u\u017cytkowaniu papier stopniowo nabiera mi\u0119kko\u015bci i zagniece\u0144 - materia\u0142 nabiera struktury podobnej z czasem do struktury sk\u00f3ry. Nabiera charakteru!<\/p>\n<p>Tkanina papierowa jest produkcji niemieckiej i posiada certyfikat OEKO-TEX\u00ae Standard 100 (nie zawiera szkodliwych substancji) oraz FSC (odpowiedzialna gospodarka lasami).<\/p>\n<p>W \u015brodku du\u017ca przestrze\u0144 oraz dwie szlufki z metalowym k\u00f3\u0142kiem do wpinania wyposa\u017cenia. Na sta\u0142ym wyposa\u017ceniu jest wpinana smycz na klucze oraz ma\u0142a saszetka. Saszetka ta ma r\u00f3wnie\u017c szlufk\u0119 do noszenia przy biodrze (tzw. nerka, biodr\u00f3wka), lub k\u00f3\u0142ko (do wyobru). Saszetka zapinana jest na magnes i pomie\u015bci telefon, portfel, chusteczki.<\/p>\n<p>Uchwyty wykonane s\u0105 z grubszej ta\u015bmy bawe\u0142nianej w kolorze czarnym.<\/p>\n<\/div>\n<\/div><\/div><\/div><div id=\"pgc-9665-0-1\"  class=\"panel-grid-cell\" ><div id=\"panel-9665-0-1-0\" class=\"so-panel widget widget_sow-image panel-first-child panel-last-child\" data-index=\"1\" ><div\n\t\t\t\n\t\t\tclass=\"so-widget-sow-image so-widget-sow-image-default-c43113e78d82-9665\"\n\t\t\t\n\t\t>\n\n<div class=\"sow-image-container\">\n\t\t\t<a href=\"http:\/\/remediumbag.eu\/remediumwp\/wp-content\/uploads\/2018\/12\/metka_papier.jpg\"\n\t\t\t\t\t>\n\t\t\t<img src=\"https:\/\/remediumbag.eu\/remediumwp\/wp-content\/uploads\/2018\/12\/metka_papier.jpg\" width=\"576\" height=\"384\" srcset=\"https:\/\/remediumbag.eu\/remediumwp\/wp-content\/uploads\/2018\/12\/metka_papier.jpg 576w, https:\/\/remediumbag.eu\/remediumwp\/wp-content\/uploads\/2018\/12\/metka_papier-400x267.jpg 400w, https:\/\/remediumbag.eu\/remediumwp\/wp-content\/uploads\/2018\/12\/metka_papier-272x182.jpg 272w\" sizes=\"(max-width: 576px) 100vw, 576px\" title=\"metka dla kolekcji z papieru do szycia\" alt=\"metka dla kolekcji toreb z papieru do szycia\" \t\tclass=\"so-widget-image\"\/>\n\t<\/a><\/div>\n\n<\/div><\/div><\/div><\/div><\/div>","protected":false},"excerpt":{"rendered":"<h4>Torba z papieru Po prostu Szara z prinetm<\/h4>\n<p>Jest to model torby miejskiej, na ka\u017cd\u0105 por\u0119 roku:<\/p>\n<ul>\n<li>torebka w odcieniach grafitu i szaro\u015bci z printem geometrycznym przedstawiaj\u0105cym przestrzennie rozmieszczone tr\u00f3jk\u0105ty i romby (efekt 3D)<\/li>\n<li>wykonana ze specjalnego papieru do szycia, kt\u00f3ry mo\u017cna pra\u0107, prasowa\u0107 i normalnie u\u017cytkowa\u0107<\/li>\n<li>pojemna przestrze\u0144 i wygodne uchwyty z grubej czarnej ta\u015bmy bawe\u0142nianej<\/li>\n<li>wewn\u0105trz 1 metalowe k\u00f3\u0142k0 do wpinania i kieszonka na chusteczki lub telefon<\/li>\n<li>wpinana smycz na klucze<\/li>\n<li>wpinana saszetka na telefon i dokumenty, ze szlufk\u0105 na pasek (funkcja nerki) lub metalowym k\u00f3\u0142kiem (do wyboru)<\/li>\n<li>przybli\u017cone rozmiary: szeroko\u015b\u0107 oko\u0142o 36 cm., wysoko\u015b\u0107 oko\u0142o 43 cm., bok 8 cm.<\/li>\n<li>d\u0142ugo\u015b\u0107 ucha liczona od kraw\u0119dzi torby do szczytu, kiedy torba jest zawieszona to oko\u0142o 32 cm.<\/li>\n<li>materia\u0142 papierowy produkcji niemieckiej<\/li>\n<\/ul>\n","protected":false},"featured_media":9666,"template":"","meta":{"kt_blocks_editor_width":""},"product_cat":[165,187],"product_tag":[159,158,185,186,240],"amp_enabled":true,"_links":{"self":[{"href":"https:\/\/remediumbag.eu\/remediumwp\/wp-json\/wp\/v2\/product\/9665"}],"collection":[{"href":"https:\/\/remediumbag.eu\/remediumwp\/wp-json\/wp\/v2\/product"}],"about":[{"href":"https:\/\/remediumbag.eu\/remediumwp\/wp-json\/wp\/v2\/types\/product"}],"wp:featuredmedia":[{"embeddable":true,"href":"https:\/\/remediumbag.eu\/remediumwp\/wp-json\/wp\/v2\/media\/9666"}],"wp:attachment":[{"href":"https:\/\/remediumbag.eu\/remediumwp\/wp-json\/wp\/v2\/media?parent=9665"}],"wp:term":[{"taxonomy":"product_cat","embeddable":true,"href":"https:\/\/remediumbag.eu\/remediumwp\/wp-json\/wp\/v2\/product_cat?post=9665"},{"taxonomy":"product_tag","embeddable":true,"href":"https:\/\/remediumbag.eu\/remediumwp\/wp-json\/wp\/v2\/product_tag?post=9665"}],"curies":[{"name":"wp","href":"https:\/\/api.w.org\/{rel}","templated":true}]}}