{"id":9707,"date":"2020-11-23T23:58:24","date_gmt":"2020-11-23T22:58:24","guid":{"rendered":"https:\/\/remediumbag.eu\/remediumwp\/?post_type=product&#038;p=9707"},"modified":"2021-09-04T21:46:29","modified_gmt":"2021-09-04T19:46:29","slug":"drewniany-piornik-i-podkladka-na-biurko","status":"publish","type":"product","link":"https:\/\/remediumbag.eu\/remediumwp\/sklep\/drewniany-piornik-i-podkladka-na-biurko\/","title":{"rendered":"drewniany pi\u00f3rnik i podk\u0142adka na biurko"},"content":{"rendered":"<p>Zestaw na biurko zawiera:<\/p>\n<ul>\n<li>drewniany pi\u00f3rnik o prostok\u0105tnym kszta\u0142cie<\/li>\n<li>korkow\u0105 podk\u0142adk\u0119 na biurko<\/li>\n<\/ul>\n<p>Ten zestaw jest naturalny, dla mi\u0142o\u015bnik\u00f3w natury i dbaj\u0105cych o \u015brodowisko, dlatego wszystkie przesy\u0142ki r\u00f3wnie\u017c\u00a0 <a href=\"https:\/\/remediumbag.eu\/remediumwp\/jak-pakujemy-produkty\/\" target=\"_blank\" rel=\"noopener\">pakujemy ekologicznie<\/a>.<\/p>\n<p>Korek jest surowcem ekologicznym &#8211; drzewo, z kt\u00f3rego pozyskuje si\u0119 kor\u0119\u00a0 to <a href=\"https:\/\/pl.wikipedia.org\/wiki\/D%C4%85b_korkowy\" target=\"_blank\" rel=\"noopener\">d\u0105b korkowy<\/a>\u00a0 &#8211; jest to kora obumar\u0142a, kt\u00f3ra na nowo przyrasta.<\/p>\n","protected":false},"excerpt":{"rendered":"<h2>Drewniany pi\u00f3rnik w zestawie z podk\u0142adk\u0105 na biurko<\/h2>\n<p>Specjalny zestaw na prezent. W sk\u0142ad zestawu wchodzi drewniany pi\u00f3rnik o klasycznym prostym kszta\u0142cie oraz podk\u0142adka na biurko. Wieczko pi\u00f3rnika w ca\u0142o\u015bci wyko\u0144czone jest warstw\u0105 korka w kolorze br\u0105zowo-czarnym. W takim samym odcieniu i wzorze jest praktyczna podk\u0142adka na biurko.<\/p>\n<p>Rozmiary pi\u00f3rnika to: d\u0142ugo\u015b\u0107 22cm., szeroko\u015b\u0107 8.5 cm., wysoko\u015b\u0107 3 cm.<\/p>\n<p>Rozmiary podk\u0142adki to: d\u0142ugo\u015b\u0107 60 cm., szeroko\u015b\u0107 30 cm., grubo\u015b\u0107 3mm.<\/p>\n<p>Podk\u0142adka korkowa jest trwa\u0142a i elastyczna. Ozdobna warstwa korka jest specjalnie nak\u0142adana na warstw\u0119 korka technicznego. Jest to produkt naturalny i ekologiczny. Wyko\u0144czenie satynowo-woskowe &#8211; bardzo mi\u0142e w dotyku.<\/p>\n<p>Pi\u00f3rnik z drewna sosnowego jest polskiej produkcji (Drewex).<\/p>\n<p>&nbsp;<\/p>\n<p>&nbsp;<\/p>\n","protected":false},"featured_media":9708,"template":"","meta":{"kt_blocks_editor_width":""},"product_cat":[227,205,226],"product_tag":[229,230,228],"amp_enabled":true,"_links":{"self":[{"href":"https:\/\/remediumbag.eu\/remediumwp\/wp-json\/wp\/v2\/product\/9707"}],"collection":[{"href":"https:\/\/remediumbag.eu\/remediumwp\/wp-json\/wp\/v2\/product"}],"about":[{"href":"https:\/\/remediumbag.eu\/remediumwp\/wp-json\/wp\/v2\/types\/product"}],"wp:featuredmedia":[{"embeddable":true,"href":"https:\/\/remediumbag.eu\/remediumwp\/wp-json\/wp\/v2\/media\/9708"}],"wp:attachment":[{"href":"https:\/\/remediumbag.eu\/remediumwp\/wp-json\/wp\/v2\/media?parent=9707"}],"wp:term":[{"taxonomy":"product_cat","embeddable":true,"href":"https:\/\/remediumbag.eu\/remediumwp\/wp-json\/wp\/v2\/product_cat?post=9707"},{"taxonomy":"product_tag","embeddable":true,"href":"https:\/\/remediumbag.eu\/remediumwp\/wp-json\/wp\/v2\/product_tag?post=9707"}],"curies":[{"name":"wp","href":"https:\/\/api.w.org\/{rel}","templated":true}]}}