{"id":9731,"date":"2020-11-24T20:04:32","date_gmt":"2020-11-24T19:04:32","guid":{"rendered":"https:\/\/remediumbag.eu\/remediumwp\/?post_type=product&#038;p=9731"},"modified":"2021-12-15T00:35:13","modified_gmt":"2021-12-14T23:35:13","slug":"duzy-zestaw-na-biurko","status":"publish","type":"product","link":"https:\/\/remediumbag.eu\/remediumwp\/sklep\/duzy-zestaw-na-biurko\/","title":{"rendered":"Du\u017cy zestaw na biurko"},"content":{"rendered":"<p>Zestaw zawiera nast\u0119puj\u0105ce przybory na biurko:<\/p>\n<ul>\n<li>pi\u00f3rnik drewniany prostok\u0105tny<\/li>\n<li>du\u017ce pude\u0142ko do przechowywania A4<\/li>\n<li>przybornik na d\u0142ugopisy o klasycznym prostym kszta\u0142cie<\/li>\n<li>korkowa podk\u0142adka na biurko<\/li>\n<\/ul>\n<p>Ten zestaw jest naturalny, dla mi\u0142o\u015bnik\u00f3w natury i dbaj\u0105cych o \u015brodowisko, dlatego wszystkie przesy\u0142ki r\u00f3wnie\u017c\u00a0 <a href=\"https:\/\/remediumbag.eu\/remediumwp\/jak-pakujemy-produkty\/\" target=\"_blank\" rel=\"noopener\">pakujemy ekologicznie<\/a>.<\/p>\n<p>Korek jest surowcem ekologicznym &#8211; drzewo, z kt\u00f3rego pozyskuje si\u0119 kor\u0119\u00a0 to <a href=\"https:\/\/pl.wikipedia.org\/wiki\/D%C4%85b_korkowy\" target=\"_blank\" rel=\"noopener\">d\u0105b korkowy<\/a>\u00a0 &#8211; jest to kora obumar\u0142a, kt\u00f3ra na nowo przyrasta.<\/p>\n","protected":false},"excerpt":{"rendered":"<h2>Du\u017cy drewniany zestaw na biurko<\/h2>\n<p>Specjalny zestaw na biurko to propozycja na prezent. W sk\u0142ad zestawu wchodzi pi\u00f3rnik, pude\u0142ko, przybornik o klasycznym prostym kszta\u0142cie oraz korkowa podk\u0142adka na biurko. Przyborniki w ca\u0142o\u015bci wyko\u0144czone s\u0105 warstw\u0105 naturalnego korka w kolorze br\u0105zowo-czarnym. W takim samym odcieniu i wzorze jest praktyczna podk\u0142adka na biurko.<\/p>\n<p>Du\u017ce drewniane pude\u0142ko pomie\u015bci wi\u0119kszo\u015b\u0107 biurkowych przybor\u00f3w &#8211; kartki A4, notatnik, karteczki, d\u0142ugopisy, o\u0142\u00f3wki, czy nawet tablet. \u0141atwo schowasz wszystko po pracy.<\/p>\n<p>Drewniany pi\u00f3rnik wyko\u0144czony naturalnym korkiem to klasyczny &#8220;pi\u00f3rnik Plastusia&#8221;. Ma dwie pod\u0142u\u017cne przegr\u00f3dki oraz ma\u0142\u0105 przegr\u00f3dk\u0119 na gumk\u0119 myszk\u0119.<\/p>\n<p>Drewniane pude\u0142ko na d\u0142ugopisy o klasycznym prostym kszta\u0142cie oraz korkowa podk\u0142adka na biurko. Organizer w ca\u0142o\u015bci wyko\u0144czony jest warstw\u0105 naturalnego korka.<\/p>\n<p>&nbsp;<\/p>\n<p>Rozmiary pude\u0142ka na d\u0142ugopisy to: podstawa\u00a0 8 na 8 cm., wysoko\u015b\u0107 11 cm.<\/p>\n<p>Rozmiary pi\u00f3rnika to: d\u0142ugo\u015b\u0107 22cm., szeroko\u015b\u0107 8.5 cm., wysoko\u015b\u0107 3 cm.<\/p>\n<p>Rozmiary du\u017cego pude\u0142ka to: podstawa\u00a0 25.5 cm. na 32.5 cm., wysoko\u015b\u0107 zewn\u0119trzna 4.5 cm.<\/p>\n<p>Rozmiary podk\u0142adki to: d\u0142ugo\u015b\u0107 60 cm., szeroko\u015b\u0107 30 cm., grubo\u015b\u0107 3mm.<\/p>\n<p>&nbsp;<\/p>\n<p>Podk\u0142adka korkowa jest trwa\u0142a i elastyczna. Ozdobna warstwa korka jest specjalnie nak\u0142adana na warstw\u0119 korka technicznego. Taki zestaw na biurko jest to produktem naturalnym i ekologicznym. Wyko\u0144czenie satynowo-woskowe &#8211; bardzo mi\u0142e w dotyku. Wyprodukowane w Portugalii, polska dystrybucja.<\/p>\n<p>Pude\u0142ko, pi\u00f3rnik oraz przybornik na d\u0142ugopisy wykonane s\u0105 z drewna sosnowego w Polsce (Drewex).<\/p>\n<p>Uwaga: w tym zestawie zamiast drewnianego-korkowego pojemnika na d\u0142ugopisy mo\u017cna wybra\u0107 pojemniczek z washpapy. Prosz\u0119 zaznaczy\u0107 w notatce do zakupu i wybra\u0107 kolor <a href=\"https:\/\/remediumbag.eu\/remediumwp\/sklep\/pojemnik-jak-z-papieru-maly\/\">koszyczka<\/a> &#8211; proponuj\u0119 czarny, lub orzechowy.<\/p>\n<p>&nbsp;<\/p>\n<p>&nbsp;<\/p>\n","protected":false},"featured_media":9732,"template":"","meta":{"kt_blocks_editor_width":""},"product_cat":[227,205,226],"product_tag":[229,230,233,228,232,231],"amp_enabled":true,"_links":{"self":[{"href":"https:\/\/remediumbag.eu\/remediumwp\/wp-json\/wp\/v2\/product\/9731"}],"collection":[{"href":"https:\/\/remediumbag.eu\/remediumwp\/wp-json\/wp\/v2\/product"}],"about":[{"href":"https:\/\/remediumbag.eu\/remediumwp\/wp-json\/wp\/v2\/types\/product"}],"wp:featuredmedia":[{"embeddable":true,"href":"https:\/\/remediumbag.eu\/remediumwp\/wp-json\/wp\/v2\/media\/9732"}],"wp:attachment":[{"href":"https:\/\/remediumbag.eu\/remediumwp\/wp-json\/wp\/v2\/media?parent=9731"}],"wp:term":[{"taxonomy":"product_cat","embeddable":true,"href":"https:\/\/remediumbag.eu\/remediumwp\/wp-json\/wp\/v2\/product_cat?post=9731"},{"taxonomy":"product_tag","embeddable":true,"href":"https:\/\/remediumbag.eu\/remediumwp\/wp-json\/wp\/v2\/product_tag?post=9731"}],"curies":[{"name":"wp","href":"https:\/\/api.w.org\/{rel}","templated":true}]}}