{"id":9735,"date":"2020-11-24T20:51:10","date_gmt":"2020-11-24T19:51:10","guid":{"rendered":"https:\/\/remediumbag.eu\/remediumwp\/?post_type=product&#038;p=9735"},"modified":"2021-01-13T12:36:06","modified_gmt":"2021-01-13T11:36:06","slug":"przybory-na-biurko-do-pracy-zdalnej","status":"publish","type":"product","link":"https:\/\/remediumbag.eu\/remediumwp\/sklep\/przybory-na-biurko-do-pracy-zdalnej\/","title":{"rendered":"Przybory na biurko do pracy zdalnej"},"content":{"rendered":"<p>Zestaw zawiera nast\u0119puj\u0105ce przybory na biurko:<\/p>\n<ul>\n<li>pi\u00f3rnik drewniany prostok\u0105tny<\/li>\n<li>du\u017ce pude\u0142ko do przechowywania A4<\/li>\n<li>przybornik na d\u0142ugopisy o klasycznym prostym kszta\u0142cie<\/li>\n<li>ma\u0142y pojemnik z Washpapy<\/li>\n<li>korkowa podk\u0142adka na biurko<\/li>\n<\/ul>\n<p>Ten zestaw jest naturalny, dla mi\u0142o\u015bnik\u00f3w natury i dbaj\u0105cych o \u015brodowisko, dlatego wszystkie przesy\u0142ki r\u00f3wnie\u017c\u00a0 <a href=\"https:\/\/remediumbag.eu\/remediumwp\/jak-pakujemy-produkty\/\" target=\"_blank\" rel=\"noopener\">pakujemy ekologicznie<\/a>.<\/p>\n<p>Korek jest surowcem ekologicznym &#8211; drzewo, z kt\u00f3rego pozyskuje si\u0119 kor\u0119\u00a0 to <a href=\"https:\/\/pl.wikipedia.org\/wiki\/D%C4%85b_korkowy\" target=\"_blank\" rel=\"noopener\">d\u0105b korkowy<\/a>\u00a0 &#8211; jest to kora obumar\u0142a, kt\u00f3ra na nowo przyrasta.<\/p>\n","protected":false},"excerpt":{"rendered":"<h2>Komplet pude\u0142ek &#8211; przybory na biurko<\/h2>\n<p>Specjalny zestaw na biurko to propozycja na prezent. W sk\u0142ad zestawu wchodzi drewniany pi\u00f3rnik, du\u017ce pude\u0142ko do przechowywania A4, przybornik na d\u0142ugopisy, ma\u0142y pojemnik z Washpapy oraz korkowa podk\u0142adka na biurko. Przybory na biurko w ca\u0142o\u015bci wyko\u0144czone s\u0105 warstw\u0105 naturalnego korka w kolorze br\u0105zowo-czarnym. W takim samym odcieniu i wzorze jest praktyczna podk\u0142adka na biurko. Pojemnik z Washpapy &#8211; specjalnego papieru, kt\u00f3ry mo\u017cna pra\u0107 i prasowa\u0107.<\/p>\n<p>Du\u017ce drewniane pude\u0142ko pomie\u015bci wi\u0119kszo\u015b\u0107 biurkowych przybor\u00f3w &#8211; kartki A4, notatnik, karteczki, d\u0142ugopisy, o\u0142\u00f3wki, czy nawet tablet. \u0141atwo schowasz wszystko po pracy.<\/p>\n<p>Drewniany pi\u00f3rnik wyko\u0144czony naturalnym korkiem to klasyczny &#8220;pi\u00f3rnik Plastusia&#8221;. Ma dwie pod\u0142u\u017cne przegr\u00f3dki oraz ma\u0142\u0105 przegr\u00f3dk\u0119 na gumk\u0119 myszk\u0119.<\/p>\n<p>Drewniane pude\u0142ko na d\u0142ugopisy o klasycznym prostym kszta\u0142cie. Organizer w ca\u0142o\u015bci wyko\u0144czony jest warstw\u0105 korka w kolorze br\u0105zowo-czarnym.<\/p>\n<p>Przybory na biurko to w tym zestawie r\u00f3wnie\u017c pojemnik jak z papieru z Washpapy w kszta\u0142cie woreczka pomie\u015bci\u0107 mo\u017ce du\u017cy zestaw przybor\u00f3w do pisania, czy rysowania, lub innych przedmiot\u00f3w o nieregularnych kszta\u0142tach&#8230; lub pos\u0142u\u017cy\u0107 jako os\u0142onka na kwiatek.<\/p>\n<p>Taki zestaw to idealne rozwi\u0105zanie na porz\u0105dek w czasach pracy zdalnej, w dodatku z powrotem do natury. Korek jest bardzo przyjemny w dotyku, ma woskowan\u0105, mi\u0119kka powierzchni\u0119.<\/p>\n<p>Rozmiary pude\u0142ka na d\u0142ugopisy to: podstawa\u00a0 8 na 8 cm., wysoko\u015b\u0107 11 cm.<\/p>\n<p>Rozmiary woreczka z Washpapy to: podstawa 10 na 10 cm., wysoko\u015b\u0107 23 cm., kt\u00f3re mo\u017cna zawija\u0107.<\/p>\n<p>Rozmiary pi\u00f3rnika to: d\u0142ugo\u015b\u0107 22cm., szeroko\u015b\u0107 8.5 cm., wysoko\u015b\u0107 3 cm.<\/p>\n<p>Rozmiary du\u017cego pude\u0142ka to: podstawa\u00a0 25.5 cm. na 32.5 cm., wysoko\u015b\u0107 zewn\u0119trzna 4.5 cm.<\/p>\n<p>Rozmiary podk\u0142adki to: d\u0142ugo\u015b\u0107 60 cm., szeroko\u015b\u0107 30 cm., grubo\u015b\u0107 3mm.<\/p>\n<p>&nbsp;<\/p>\n<p>Podk\u0142adka korkowa jest trwa\u0142a i elastyczna. Ozdobna warstwa korka jest specjalnie nak\u0142adana na warstw\u0119 korka technicznego. Jest to produkt naturalny i ekologiczny. Wyko\u0144czenie satynowo-woskowe &#8211; bardzo mi\u0142e w dotyku. Wyprodukowane w Portugalii, polska dystrybucja.<\/p>\n<p>Pude\u0142ko, pi\u00f3rnik oraz przybornik na d\u0142ugopisy wykonane s\u0105 z drewna sosnowego w Polsce (Drewex).<\/p>\n<p>Uwaga: w tym zestawie mo\u017cna wybra\u0107 kolor pojemnika z <a href=\"https:\/\/remediumbag.eu\/remediumwp\/papier-do-szycia-instrukcja-obslugi\/\" target=\"_blank\" rel=\"noopener\">Washpapy<\/a>. Prosz\u0119 zaznaczy\u0107 w notatce do zakupu &#8211; proponuj\u0119 czarny, lub orzechowy.<\/p>\n<p>&nbsp;<\/p>\n<p>&nbsp;<\/p>\n","protected":false},"featured_media":9736,"template":"","meta":{"kt_blocks_editor_width":""},"product_cat":[227,205,226],"product_tag":[230,233,228,232,234,231],"amp_enabled":true,"_links":{"self":[{"href":"https:\/\/remediumbag.eu\/remediumwp\/wp-json\/wp\/v2\/product\/9735"}],"collection":[{"href":"https:\/\/remediumbag.eu\/remediumwp\/wp-json\/wp\/v2\/product"}],"about":[{"href":"https:\/\/remediumbag.eu\/remediumwp\/wp-json\/wp\/v2\/types\/product"}],"wp:featuredmedia":[{"embeddable":true,"href":"https:\/\/remediumbag.eu\/remediumwp\/wp-json\/wp\/v2\/media\/9736"}],"wp:attachment":[{"href":"https:\/\/remediumbag.eu\/remediumwp\/wp-json\/wp\/v2\/media?parent=9735"}],"wp:term":[{"taxonomy":"product_cat","embeddable":true,"href":"https:\/\/remediumbag.eu\/remediumwp\/wp-json\/wp\/v2\/product_cat?post=9735"},{"taxonomy":"product_tag","embeddable":true,"href":"https:\/\/remediumbag.eu\/remediumwp\/wp-json\/wp\/v2\/product_tag?post=9735"}],"curies":[{"name":"wp","href":"https:\/\/api.w.org\/{rel}","templated":true}]}}